{"id":9840,"date":"2025-08-06T17:35:38","date_gmt":"2025-08-06T21:35:38","guid":{"rendered":"https:\/\/bristol.ottawavalleymedia.ca\/municipalite\/jack-graham-community-centre\/"},"modified":"2025-09-26T09:48:39","modified_gmt":"2025-09-26T13:48:39","slug":"centre-communautaire-jack-graham","status":"publish","type":"page","link":"https:\/\/bristolmunicipality.ca\/fr\/municipalite\/centre-communautaire-jack-graham\/","title":{"rendered":"Centre Communautaire Bristol de Jack Graham"},"content":{"rendered":"\t\t<div data-elementor-type=\"wp-page\" data-elementor-id=\"9840\" class=\"elementor elementor-9840 elementor-9828\" data-elementor-post-type=\"page\">\n\t\t\t\t<div class=\"elementor-element elementor-element-17f0a02 e-flex e-con-boxed e-con e-parent\" data-id=\"17f0a02\" data-element_type=\"container\" data-e-type=\"container\">\n\t\t\t\t\t<div class=\"e-con-inner\">\n\t\t<div class=\"elementor-element elementor-element-c6bcd6a e-con-full e-flex e-con e-child\" data-id=\"c6bcd6a\" data-element_type=\"container\" data-e-type=\"container\">\n\t\t\t\t<div class=\"elementor-element elementor-element-23fe5dd elementor-widget elementor-widget-text-editor\" data-id=\"23fe5dd\" data-element_type=\"widget\" data-e-type=\"widget\" data-widget_type=\"text-editor.default\">\n\t\t\t\t<div class=\"elementor-widget-container\">\n\t\t\t\t\t\t\t\t\t<p data-start=\"0\" data-end=\"386\">Le Centre communautaire Jack Graham est un lieu accueillant pour les \u00e9v\u00e9nements, les rassemblements et les activit\u00e9s communautaires \u00e0 Bristol. Que vous organisiez une f\u00eate de famille, une r\u00e9union publique ou une collecte de fonds locale, le centre offre un espace pratique et accessible, annex\u00e9 \u00e0 l&rsquo;h\u00f4tel de ville. Il est utilis\u00e9 tout au long de l\u2019ann\u00e9e par divers groupes et r\u00e9sidents.<\/p><p data-start=\"388\" data-end=\"487\" data-is-last-node=\"\" data-is-only-node=\"\">\u00a0<\/p><p data-start=\"388\" data-end=\"487\" data-is-last-node=\"\" data-is-only-node=\"\">Pour vous renseigner sur la disponibilit\u00e9 ou r\u00e9server l\u2019espace, veuillez contacter la municipalit\u00e9.<\/p>\t\t\t\t\t\t\t\t<\/div>\n\t\t\t\t<\/div>\n\t\t\t\t<div class=\"elementor-element elementor-element-8a7f461 elementor-widget elementor-widget-button\" data-id=\"8a7f461\" data-element_type=\"widget\" data-e-type=\"widget\" data-widget_type=\"button.default\">\n\t\t\t\t<div class=\"elementor-widget-container\">\n\t\t\t\t\t\t\t\t\t<div class=\"elementor-button-wrapper\">\n\t\t\t\t\t<a class=\"elementor-button elementor-button-link elementor-size-sm\" href=\"https:\/\/bristolmunicipality.ca\/fr\/contactez\/\">\n\t\t\t\t\t\t<span class=\"elementor-button-content-wrapper\">\n\t\t\t\t\t\t\t\t\t<span class=\"elementor-button-text\">Contactez nous<\/span>\n\t\t\t\t\t<\/span>\n\t\t\t\t\t<\/a>\n\t\t\t\t<\/div>\n\t\t\t\t\t\t\t\t<\/div>\n\t\t\t\t<\/div>\n\t\t\t\t<\/div>\n\t\t<div class=\"elementor-element elementor-element-9fa3da3 e-con-full e-flex e-con e-child\" data-id=\"9fa3da3\" data-element_type=\"container\" data-e-type=\"container\" data-settings=\"{&quot;background_background&quot;:&quot;classic&quot;}\">\n\t\t\t\t<\/div>\n\t\t\t\t\t<\/div>\n\t\t\t\t<\/div>\n\t\t\t\t<\/div>\n\t\t","protected":false},"excerpt":{"rendered":"<p>Le Centre communautaire Jack Graham est un lieu accueillant pour les \u00e9v\u00e9nements, les rassemblements et les activit\u00e9s communautaires \u00e0 Bristol. Que vous organisiez une f\u00eate de famille, une r\u00e9union publique ou une collecte de fonds locale, le centre offre un espace pratique et accessible, annex\u00e9 \u00e0 l&rsquo;h\u00f4tel de ville. Il est utilis\u00e9 tout au long [&hellip;]<\/p>\n","protected":false},"author":1,"featured_media":9830,"parent":248,"menu_order":0,"comment_status":"closed","ping_status":"closed","template":"","meta":{"_acf_changed":false,"footnotes":""},"class_list":["post-9840","page","type-page","status-publish","has-post-thumbnail","hentry"],"acf":[],"yoast_head":"<!-- This site is optimized with the Yoast SEO plugin v27.3 - https:\/\/yoast.com\/product\/yoast-seo-wordpress\/ -->\n<title>Centre Communautaire Bristol de Jack Graham - Municipality of Bristol<\/title>\n<meta name=\"robots\" content=\"index, follow, max-snippet:-1, max-image-preview:large, max-video-preview:-1\" \/>\n<link rel=\"canonical\" href=\"https:\/\/bristolmunicipality.ca\/fr\/municipalite\/centre-communautaire-jack-graham\/\" \/>\n<meta property=\"og:locale\" content=\"fr_FR\" \/>\n<meta property=\"og:type\" content=\"article\" \/>\n<meta property=\"og:title\" content=\"Centre Communautaire Bristol de Jack Graham - Municipality of Bristol\" \/>\n<meta property=\"og:description\" content=\"Le Centre communautaire Jack Graham est un lieu accueillant pour les \u00e9v\u00e9nements, les rassemblements et les activit\u00e9s communautaires \u00e0 Bristol. Que vous organisiez une f\u00eate de famille, une r\u00e9union publique ou une collecte de fonds locale, le centre offre un espace pratique et accessible, annex\u00e9 \u00e0 l&rsquo;h\u00f4tel de ville. Il est utilis\u00e9 tout au long [&hellip;]\" \/>\n<meta property=\"og:url\" content=\"https:\/\/bristolmunicipality.ca\/fr\/municipalite\/centre-communautaire-jack-graham\/\" \/>\n<meta property=\"og:site_name\" content=\"Municipality of Bristol\" \/>\n<meta property=\"article:modified_time\" content=\"2025-09-26T13:48:39+00:00\" \/>\n<meta property=\"og:image\" content=\"https:\/\/bristolmunicipality.ca\/wp-content\/uploads\/2025\/08\/jack-graham-community-centre.webp\" \/>\n\t<meta property=\"og:image:width\" content=\"1344\" \/>\n\t<meta property=\"og:image:height\" content=\"1012\" \/>\n\t<meta property=\"og:image:type\" content=\"image\/webp\" \/>\n<meta name=\"twitter:card\" content=\"summary_large_image\" \/>\n<script type=\"application\/ld+json\" class=\"yoast-schema-graph\">{\"@context\":\"https:\\\/\\\/schema.org\",\"@graph\":[{\"@type\":\"WebPage\",\"@id\":\"https:\\\/\\\/bristolmunicipality.ca\\\/fr\\\/municipalite\\\/centre-communautaire-jack-graham\\\/\",\"url\":\"https:\\\/\\\/bristolmunicipality.ca\\\/fr\\\/municipalite\\\/centre-communautaire-jack-graham\\\/\",\"name\":\"Centre Communautaire Bristol de Jack Graham - Municipality of Bristol\",\"isPartOf\":{\"@id\":\"https:\\\/\\\/bristolmunicipality.ca\\\/fr\\\/#website\"},\"primaryImageOfPage\":{\"@id\":\"https:\\\/\\\/bristolmunicipality.ca\\\/fr\\\/municipalite\\\/centre-communautaire-jack-graham\\\/#primaryimage\"},\"image\":{\"@id\":\"https:\\\/\\\/bristolmunicipality.ca\\\/fr\\\/municipalite\\\/centre-communautaire-jack-graham\\\/#primaryimage\"},\"thumbnailUrl\":\"https:\\\/\\\/bristolmunicipality.ca\\\/wp-content\\\/uploads\\\/2025\\\/08\\\/jack-graham-community-centre.webp\",\"datePublished\":\"2025-08-06T21:35:38+00:00\",\"dateModified\":\"2025-09-26T13:48:39+00:00\",\"breadcrumb\":{\"@id\":\"https:\\\/\\\/bristolmunicipality.ca\\\/fr\\\/municipalite\\\/centre-communautaire-jack-graham\\\/#breadcrumb\"},\"inLanguage\":\"fr-FR\",\"potentialAction\":[{\"@type\":\"ReadAction\",\"target\":[\"https:\\\/\\\/bristolmunicipality.ca\\\/fr\\\/municipalite\\\/centre-communautaire-jack-graham\\\/\"]}]},{\"@type\":\"ImageObject\",\"inLanguage\":\"fr-FR\",\"@id\":\"https:\\\/\\\/bristolmunicipality.ca\\\/fr\\\/municipalite\\\/centre-communautaire-jack-graham\\\/#primaryimage\",\"url\":\"https:\\\/\\\/bristolmunicipality.ca\\\/wp-content\\\/uploads\\\/2025\\\/08\\\/jack-graham-community-centre.webp\",\"contentUrl\":\"https:\\\/\\\/bristolmunicipality.ca\\\/wp-content\\\/uploads\\\/2025\\\/08\\\/jack-graham-community-centre.webp\",\"width\":1344,\"height\":1012,\"caption\":\"Jack Graham Community Centre\"},{\"@type\":\"BreadcrumbList\",\"@id\":\"https:\\\/\\\/bristolmunicipality.ca\\\/fr\\\/municipalite\\\/centre-communautaire-jack-graham\\\/#breadcrumb\",\"itemListElement\":[{\"@type\":\"ListItem\",\"position\":1,\"name\":\"Home\",\"item\":\"https:\\\/\\\/bristolmunicipality.ca\\\/fr\\\/\"},{\"@type\":\"ListItem\",\"position\":2,\"name\":\"Municipalit\u00e9\",\"item\":\"https:\\\/\\\/bristolmunicipality.ca\\\/fr\\\/municipality\\\/\"},{\"@type\":\"ListItem\",\"position\":3,\"name\":\"Centre Communautaire Bristol de Jack Graham\"}]},{\"@type\":\"WebSite\",\"@id\":\"https:\\\/\\\/bristolmunicipality.ca\\\/fr\\\/#website\",\"url\":\"https:\\\/\\\/bristolmunicipality.ca\\\/fr\\\/\",\"name\":\"Municipality of Bristol\",\"description\":\"Naturally Connected\",\"publisher\":{\"@id\":\"https:\\\/\\\/bristolmunicipality.ca\\\/fr\\\/#organization\"},\"potentialAction\":[{\"@type\":\"SearchAction\",\"target\":{\"@type\":\"EntryPoint\",\"urlTemplate\":\"https:\\\/\\\/bristolmunicipality.ca\\\/fr\\\/?s={search_term_string}\"},\"query-input\":{\"@type\":\"PropertyValueSpecification\",\"valueRequired\":true,\"valueName\":\"search_term_string\"}}],\"inLanguage\":\"fr-FR\"},{\"@type\":\"Organization\",\"@id\":\"https:\\\/\\\/bristolmunicipality.ca\\\/fr\\\/#organization\",\"name\":\"Municipality of Bristol\",\"url\":\"https:\\\/\\\/bristolmunicipality.ca\\\/fr\\\/\",\"logo\":{\"@type\":\"ImageObject\",\"inLanguage\":\"fr-FR\",\"@id\":\"https:\\\/\\\/bristolmunicipality.ca\\\/fr\\\/#\\\/schema\\\/logo\\\/image\\\/\",\"url\":\"https:\\\/\\\/bristolmunicipality.ca\\\/wp-content\\\/uploads\\\/2024\\\/08\\\/bristol-oval-logo.webp\",\"contentUrl\":\"https:\\\/\\\/bristolmunicipality.ca\\\/wp-content\\\/uploads\\\/2024\\\/08\\\/bristol-oval-logo.webp\",\"width\":1024,\"height\":541,\"caption\":\"Municipality of Bristol\"},\"image\":{\"@id\":\"https:\\\/\\\/bristolmunicipality.ca\\\/fr\\\/#\\\/schema\\\/logo\\\/image\\\/\"}}]}<\/script>\n<!-- \/ Yoast SEO plugin. -->","yoast_head_json":{"title":"Centre Communautaire Bristol de Jack Graham - Municipality of Bristol","robots":{"index":"index","follow":"follow","max-snippet":"max-snippet:-1","max-image-preview":"max-image-preview:large","max-video-preview":"max-video-preview:-1"},"canonical":"https:\/\/bristolmunicipality.ca\/fr\/municipalite\/centre-communautaire-jack-graham\/","og_locale":"fr_FR","og_type":"article","og_title":"Centre Communautaire Bristol de Jack Graham - Municipality of Bristol","og_description":"Le Centre communautaire Jack Graham est un lieu accueillant pour les \u00e9v\u00e9nements, les rassemblements et les activit\u00e9s communautaires \u00e0 Bristol. Que vous organisiez une f\u00eate de famille, une r\u00e9union publique ou une collecte de fonds locale, le centre offre un espace pratique et accessible, annex\u00e9 \u00e0 l&rsquo;h\u00f4tel de ville. Il est utilis\u00e9 tout au long [&hellip;]","og_url":"https:\/\/bristolmunicipality.ca\/fr\/municipalite\/centre-communautaire-jack-graham\/","og_site_name":"Municipality of Bristol","article_modified_time":"2025-09-26T13:48:39+00:00","og_image":[{"width":1344,"height":1012,"url":"https:\/\/bristolmunicipality.ca\/wp-content\/uploads\/2025\/08\/jack-graham-community-centre.webp","type":"image\/webp"}],"twitter_card":"summary_large_image","schema":{"@context":"https:\/\/schema.org","@graph":[{"@type":"WebPage","@id":"https:\/\/bristolmunicipality.ca\/fr\/municipalite\/centre-communautaire-jack-graham\/","url":"https:\/\/bristolmunicipality.ca\/fr\/municipalite\/centre-communautaire-jack-graham\/","name":"Centre Communautaire Bristol de Jack Graham - Municipality of Bristol","isPartOf":{"@id":"https:\/\/bristolmunicipality.ca\/fr\/#website"},"primaryImageOfPage":{"@id":"https:\/\/bristolmunicipality.ca\/fr\/municipalite\/centre-communautaire-jack-graham\/#primaryimage"},"image":{"@id":"https:\/\/bristolmunicipality.ca\/fr\/municipalite\/centre-communautaire-jack-graham\/#primaryimage"},"thumbnailUrl":"https:\/\/bristolmunicipality.ca\/wp-content\/uploads\/2025\/08\/jack-graham-community-centre.webp","datePublished":"2025-08-06T21:35:38+00:00","dateModified":"2025-09-26T13:48:39+00:00","breadcrumb":{"@id":"https:\/\/bristolmunicipality.ca\/fr\/municipalite\/centre-communautaire-jack-graham\/#breadcrumb"},"inLanguage":"fr-FR","potentialAction":[{"@type":"ReadAction","target":["https:\/\/bristolmunicipality.ca\/fr\/municipalite\/centre-communautaire-jack-graham\/"]}]},{"@type":"ImageObject","inLanguage":"fr-FR","@id":"https:\/\/bristolmunicipality.ca\/fr\/municipalite\/centre-communautaire-jack-graham\/#primaryimage","url":"https:\/\/bristolmunicipality.ca\/wp-content\/uploads\/2025\/08\/jack-graham-community-centre.webp","contentUrl":"https:\/\/bristolmunicipality.ca\/wp-content\/uploads\/2025\/08\/jack-graham-community-centre.webp","width":1344,"height":1012,"caption":"Jack Graham Community Centre"},{"@type":"BreadcrumbList","@id":"https:\/\/bristolmunicipality.ca\/fr\/municipalite\/centre-communautaire-jack-graham\/#breadcrumb","itemListElement":[{"@type":"ListItem","position":1,"name":"Home","item":"https:\/\/bristolmunicipality.ca\/fr\/"},{"@type":"ListItem","position":2,"name":"Municipalit\u00e9","item":"https:\/\/bristolmunicipality.ca\/fr\/municipality\/"},{"@type":"ListItem","position":3,"name":"Centre Communautaire Bristol de Jack Graham"}]},{"@type":"WebSite","@id":"https:\/\/bristolmunicipality.ca\/fr\/#website","url":"https:\/\/bristolmunicipality.ca\/fr\/","name":"Municipality of Bristol","description":"Naturally Connected","publisher":{"@id":"https:\/\/bristolmunicipality.ca\/fr\/#organization"},"potentialAction":[{"@type":"SearchAction","target":{"@type":"EntryPoint","urlTemplate":"https:\/\/bristolmunicipality.ca\/fr\/?s={search_term_string}"},"query-input":{"@type":"PropertyValueSpecification","valueRequired":true,"valueName":"search_term_string"}}],"inLanguage":"fr-FR"},{"@type":"Organization","@id":"https:\/\/bristolmunicipality.ca\/fr\/#organization","name":"Municipality of Bristol","url":"https:\/\/bristolmunicipality.ca\/fr\/","logo":{"@type":"ImageObject","inLanguage":"fr-FR","@id":"https:\/\/bristolmunicipality.ca\/fr\/#\/schema\/logo\/image\/","url":"https:\/\/bristolmunicipality.ca\/wp-content\/uploads\/2024\/08\/bristol-oval-logo.webp","contentUrl":"https:\/\/bristolmunicipality.ca\/wp-content\/uploads\/2024\/08\/bristol-oval-logo.webp","width":1024,"height":541,"caption":"Municipality of Bristol"},"image":{"@id":"https:\/\/bristolmunicipality.ca\/fr\/#\/schema\/logo\/image\/"}}]}},"_links":{"self":[{"href":"https:\/\/bristolmunicipality.ca\/fr\/wp-json\/wp\/v2\/pages\/9840","targetHints":{"allow":["GET"]}}],"collection":[{"href":"https:\/\/bristolmunicipality.ca\/fr\/wp-json\/wp\/v2\/pages"}],"about":[{"href":"https:\/\/bristolmunicipality.ca\/fr\/wp-json\/wp\/v2\/types\/page"}],"author":[{"embeddable":true,"href":"https:\/\/bristolmunicipality.ca\/fr\/wp-json\/wp\/v2\/users\/1"}],"replies":[{"embeddable":true,"href":"https:\/\/bristolmunicipality.ca\/fr\/wp-json\/wp\/v2\/comments?post=9840"}],"version-history":[{"count":14,"href":"https:\/\/bristolmunicipality.ca\/fr\/wp-json\/wp\/v2\/pages\/9840\/revisions"}],"predecessor-version":[{"id":11109,"href":"https:\/\/bristolmunicipality.ca\/fr\/wp-json\/wp\/v2\/pages\/9840\/revisions\/11109"}],"up":[{"embeddable":true,"href":"https:\/\/bristolmunicipality.ca\/fr\/wp-json\/wp\/v2\/pages\/248"}],"wp:featuredmedia":[{"embeddable":true,"href":"https:\/\/bristolmunicipality.ca\/fr\/wp-json\/wp\/v2\/media\/9830"}],"wp:attachment":[{"href":"https:\/\/bristolmunicipality.ca\/fr\/wp-json\/wp\/v2\/media?parent=9840"}],"curies":[{"name":"wp","href":"https:\/\/api.w.org\/{rel}","templated":true}]}}