{"id":95,"date":"2024-08-25T08:05:53","date_gmt":"2024-08-25T08:05:53","guid":{"rendered":"https:\/\/bristol.ottawavalleymedia.ca\/?page_id=95"},"modified":"2025-09-26T11:00:13","modified_gmt":"2025-09-26T15:00:13","slug":"histoire","status":"publish","type":"page","link":"https:\/\/bristolmunicipality.ca\/fr\/municipalite\/histoire\/","title":{"rendered":"Histoire de Bristol"},"content":{"rendered":"\t\t<div data-elementor-type=\"wp-page\" data-elementor-id=\"95\" class=\"elementor elementor-95\" data-elementor-post-type=\"page\">\n\t\t\t\t<div class=\"elementor-element elementor-element-90411ea e-flex e-con-boxed e-con e-parent\" data-id=\"90411ea\" data-element_type=\"container\" data-e-type=\"container\">\n\t\t\t\t\t<div class=\"e-con-inner\">\n\t\t<div class=\"elementor-element elementor-element-8c8017b e-con-full e-flex e-con e-child\" data-id=\"8c8017b\" data-element_type=\"container\" data-e-type=\"container\">\n\t\t\t\t<div class=\"elementor-element elementor-element-d1fdcb9 elementor-widget elementor-widget-text-editor\" data-id=\"d1fdcb9\" data-element_type=\"widget\" data-e-type=\"widget\" data-widget_type=\"text-editor.default\">\n\t\t\t\t<div class=\"elementor-widget-container\">\n\t\t\t\t\t\t\t\t\t<p>Bristol, au Qu\u00e9bec, trouve ses origines au d\u00e9but des ann\u00e9es 1800, lorsque des colons venus d&rsquo;\u00c9cosse et d&rsquo;Irlande sont remont\u00e9s la rivi\u00e8re des Outaouais pour d\u00e9fricher la terre et \u00e9tablir des fermes. Le canton a \u00e9t\u00e9 officiellement arpent\u00e9 en 1792 et nomm\u00e9 en l&rsquo;honneur de Bristol, en Angleterre. Gr\u00e2ce \u00e0 ses terres fertiles et \u00e0 son acc\u00e8s \u00e0 la rivi\u00e8re, l\u2019agriculture et la foresterie y ont prosp\u00e9r\u00e9, devenant les piliers de l\u2019\u00e9conomie locale pendant plusieurs g\u00e9n\u00e9rations.<\/p>\t\t\t\t\t\t\t\t<\/div>\n\t\t\t\t<\/div>\n\t\t\t\t<div class=\"elementor-element elementor-element-e682a62 elementor-widget elementor-widget-text-editor\" data-id=\"e682a62\" data-element_type=\"widget\" data-e-type=\"widget\" data-widget_type=\"text-editor.default\">\n\t\t\t\t<div class=\"elementor-widget-container\">\n\t\t\t\t\t\t\t\t\t<p>Au milieu du XIXe si\u00e8cle, de petits hameaux comme Norway Bay et le village de Bristol ont commenc\u00e9 \u00e0 prendre forme. La rivi\u00e8re jouait un r\u00f4le essentiel, autant pour le transport et le commerce que pour les loisirs. La r\u00e9gion est vite devenue une destination estivale pris\u00e9e, et de nombreux chalets bordent encore les rives aujourd\u2019hui. L\u2019extraction du fer a \u00e9galement marqu\u00e9 le territoire, avec l\u2019une des premi\u00e8res usines de boulettes de fer du Qu\u00e9bec en activit\u00e9 \u00e0 Bristol jusqu\u2019aux ann\u00e9es 1970.<\/p>\t\t\t\t\t\t\t\t<\/div>\n\t\t\t\t<\/div>\n\t\t\t\t<div class=\"elementor-element elementor-element-5e5b4de elementor-widget elementor-widget-text-editor\" data-id=\"5e5b4de\" data-element_type=\"widget\" data-e-type=\"widget\" data-widget_type=\"text-editor.default\">\n\t\t\t\t<div class=\"elementor-widget-container\">\n\t\t\t\t\t\t\t\t\t<p>Aujourd\u2019hui, Bristol est un m\u00e9lange de fermes en activit\u00e9, de chalets saisonniers et de quartiers r\u00e9sidentiels paisibles. Ses paysages agricoles, ses for\u00eats et son acc\u00e8s \u00e0 la rivi\u00e8re attirent ceux en qu\u00eate d\u2019histoire et de tranquillit\u00e9. Bien que sa population soit modeste, Bristol demeure profond\u00e9ment enracin\u00e9e dans une culture de travail acharn\u00e9, de solidarit\u00e9 communautaire et de respect du territoire.<\/p>\t\t\t\t\t\t\t\t<\/div>\n\t\t\t\t<\/div>\n\t\t\t\t<\/div>\n\t\t<div class=\"elementor-element elementor-element-a35f27f e-con-full e-flex e-con e-child\" data-id=\"a35f27f\" data-element_type=\"container\" data-e-type=\"container\">\n\t\t\t\t<div class=\"elementor-element elementor-element-b8bcef9 elementor-widget elementor-widget-image\" data-id=\"b8bcef9\" data-element_type=\"widget\" data-e-type=\"widget\" data-widget_type=\"image.default\">\n\t\t\t\t<div class=\"elementor-widget-container\">\n\t\t\t\t\t\t\t\t\t\t\t\t\t\t\t<img fetchpriority=\"high\" decoding=\"async\" width=\"2560\" height=\"2022\" src=\"https:\/\/bristolmunicipality.ca\/wp-content\/uploads\/2025\/05\/bristol-village-before-the-railway-1-scaled-1.webp\" class=\"attachment-full size-full wp-image-5729\" alt=\"\" srcset=\"https:\/\/bristolmunicipality.ca\/wp-content\/uploads\/2025\/05\/bristol-village-before-the-railway-1-scaled-1.webp 2560w, https:\/\/bristolmunicipality.ca\/wp-content\/uploads\/2025\/05\/bristol-village-before-the-railway-1-scaled-1-300x237.webp 300w, https:\/\/bristolmunicipality.ca\/wp-content\/uploads\/2025\/05\/bristol-village-before-the-railway-1-scaled-1-1024x809.webp 1024w, https:\/\/bristolmunicipality.ca\/wp-content\/uploads\/2025\/05\/bristol-village-before-the-railway-1-scaled-1-768x607.webp 768w, https:\/\/bristolmunicipality.ca\/wp-content\/uploads\/2025\/05\/bristol-village-before-the-railway-1-scaled-1-1536x1213.webp 1536w, https:\/\/bristolmunicipality.ca\/wp-content\/uploads\/2025\/05\/bristol-village-before-the-railway-1-scaled-1-2048x1618.webp 2048w\" sizes=\"(max-width: 2560px) 100vw, 2560px\" \/>\t\t\t\t\t\t\t\t\t\t\t\t\t\t\t<\/div>\n\t\t\t\t<\/div>\n\t\t\t\t<\/div>\n\t\t\t\t\t<\/div>\n\t\t\t\t<\/div>\n\t\t<div class=\"elementor-element elementor-element-f51742d e-flex e-con-boxed e-con e-parent\" data-id=\"f51742d\" data-element_type=\"container\" data-e-type=\"container\">\n\t\t\t\t\t<div class=\"e-con-inner\">\n\t\t<div class=\"elementor-element elementor-element-820b74c e-con-full e-flex e-con e-child\" data-id=\"820b74c\" data-element_type=\"container\" data-e-type=\"container\">\n\t\t\t\t<div class=\"elementor-element elementor-element-de3b377 elementor-widget elementor-widget-image\" data-id=\"de3b377\" data-element_type=\"widget\" data-e-type=\"widget\" data-widget_type=\"image.default\">\n\t\t\t\t<div class=\"elementor-widget-container\">\n\t\t\t\t\t\t\t\t\t\t\t\t\t\t\t<img decoding=\"async\" width=\"2048\" height=\"1283\" src=\"https:\/\/bristolmunicipality.ca\/wp-content\/uploads\/2025\/05\/bristol-pine-lodge-undated-2048x1283-1.webp\" class=\"attachment-full size-full wp-image-5674\" alt=\"\" srcset=\"https:\/\/bristolmunicipality.ca\/wp-content\/uploads\/2025\/05\/bristol-pine-lodge-undated-2048x1283-1.webp 2048w, https:\/\/bristolmunicipality.ca\/wp-content\/uploads\/2025\/05\/bristol-pine-lodge-undated-2048x1283-1-300x188.webp 300w, https:\/\/bristolmunicipality.ca\/wp-content\/uploads\/2025\/05\/bristol-pine-lodge-undated-2048x1283-1-1024x642.webp 1024w, https:\/\/bristolmunicipality.ca\/wp-content\/uploads\/2025\/05\/bristol-pine-lodge-undated-2048x1283-1-768x481.webp 768w, https:\/\/bristolmunicipality.ca\/wp-content\/uploads\/2025\/05\/bristol-pine-lodge-undated-2048x1283-1-1536x962.webp 1536w\" sizes=\"(max-width: 2048px) 100vw, 2048px\" \/>\t\t\t\t\t\t\t\t\t\t\t\t\t\t\t<\/div>\n\t\t\t\t<\/div>\n\t\t\t\t<\/div>\n\t\t<div class=\"elementor-element elementor-element-c2ee1a3 e-con-full e-flex e-con e-child\" data-id=\"c2ee1a3\" data-element_type=\"container\" data-e-type=\"container\">\n\t\t\t\t<div class=\"elementor-element elementor-element-6293981 elementor-widget elementor-widget-heading\" data-id=\"6293981\" data-element_type=\"widget\" data-e-type=\"widget\" data-widget_type=\"heading.default\">\n\t\t\t\t<div class=\"elementor-widget-container\">\n\t\t\t\t\t<h2 class=\"elementor-heading-title elementor-size-default\">Soci\u00e9t\u00e9 historique de Bristol Qu\u00e9bec<\/h2>\t\t\t\t<\/div>\n\t\t\t\t<\/div>\n\t\t\t\t<div class=\"elementor-element elementor-element-e156204 elementor-widget elementor-widget-text-editor\" data-id=\"e156204\" data-element_type=\"widget\" data-e-type=\"widget\" data-widget_type=\"text-editor.default\">\n\t\t\t\t<div class=\"elementor-widget-container\">\n\t\t\t\t\t\t\t\t\t<p>La Bristol Quebec Historical Society (BQHS) se consacre \u00e0 la pr\u00e9servation et \u00e0 la c\u00e9l\u00e9bration de la riche histoire de la ville. Elle rassemble des personnes passionn\u00e9es par le patrimoine local et collabore \u00e0 des projets qui permettent de garder notre pass\u00e9 vivant. Sa biblioth\u00e8que, situ\u00e9e dans la biblioth\u00e8que communautaire de Bristol, est une ressource pr\u00e9cieuse pour l&rsquo;histoire des familles et des chalets.<\/p>\t\t\t\t\t\t\t\t<\/div>\n\t\t\t\t<\/div>\n\t\t\t\t<div class=\"elementor-element elementor-element-481a46f elementor-widget elementor-widget-button\" data-id=\"481a46f\" data-element_type=\"widget\" data-e-type=\"widget\" data-widget_type=\"button.default\">\n\t\t\t\t<div class=\"elementor-widget-container\">\n\t\t\t\t\t\t\t\t\t<div class=\"elementor-button-wrapper\">\n\t\t\t\t\t<a class=\"elementor-button elementor-button-link elementor-size-sm\" href=\"https:\/\/pontiacarchives.org\/fr\/bristol\/\" target=\"_blank\">\n\t\t\t\t\t\t<span class=\"elementor-button-content-wrapper\">\n\t\t\t\t\t\t\t\t\t<span class=\"elementor-button-text\">EN SAVOIR PLUS<\/span>\n\t\t\t\t\t<\/span>\n\t\t\t\t\t<\/a>\n\t\t\t\t<\/div>\n\t\t\t\t\t\t\t\t<\/div>\n\t\t\t\t<\/div>\n\t\t\t\t<\/div>\n\t\t\t\t\t<\/div>\n\t\t\t\t<\/div>\n\t\t<div class=\"elementor-element elementor-element-aeffcd0 e-flex e-con-boxed e-con e-parent\" data-id=\"aeffcd0\" data-element_type=\"container\" data-e-type=\"container\">\n\t\t\t\t\t<div class=\"e-con-inner\">\n\t\t<div class=\"elementor-element elementor-element-ea157c1 e-con-full e-flex e-con e-child\" data-id=\"ea157c1\" data-element_type=\"container\" data-e-type=\"container\">\n\t\t\t\t<div class=\"elementor-element elementor-element-f966ce4 elementor-widget elementor-widget-image\" data-id=\"f966ce4\" data-element_type=\"widget\" data-e-type=\"widget\" data-widget_type=\"image.default\">\n\t\t\t\t<div class=\"elementor-widget-container\">\n\t\t\t\t\t\t\t\t\t\t\t\t\t\t\t<img decoding=\"async\" src=\"https:\/\/bristolmunicipality.ca\/wp-content\/uploads\/2025\/02\/pontiac-archives-building-768x578-1.jpg\" title=\"\" alt=\"Archives de Pontiac\" loading=\"lazy\" \/>\t\t\t\t\t\t\t\t\t\t\t\t\t\t\t<\/div>\n\t\t\t\t<\/div>\n\t\t\t\t<\/div>\n\t\t<div class=\"elementor-element elementor-element-73c6a56 e-con-full e-flex e-con e-child\" data-id=\"73c6a56\" data-element_type=\"container\" data-e-type=\"container\">\n\t\t\t\t<div class=\"elementor-element elementor-element-35fb957 elementor-widget elementor-widget-heading\" data-id=\"35fb957\" data-element_type=\"widget\" data-e-type=\"widget\" data-widget_type=\"heading.default\">\n\t\t\t\t<div class=\"elementor-widget-container\">\n\t\t\t\t\t<h2 class=\"elementor-heading-title elementor-size-default\">Archives du Pontiac<\/h2>\t\t\t\t<\/div>\n\t\t\t\t<\/div>\n\t\t\t\t<div class=\"elementor-element elementor-element-89172b9 elementor-widget elementor-widget-text-editor\" data-id=\"89172b9\" data-element_type=\"widget\" data-e-type=\"widget\" data-widget_type=\"text-editor.default\">\n\t\t\t\t<div class=\"elementor-widget-container\">\n\t\t\t\t\t\t\t\t\t<p>Situ\u00e9es dans le b\u00e2timent de la biblioth\u00e8que de Shawville, les Archives du Pontiac pr\u00e9servent notre patrimoine local gr\u00e2ce \u00e0 des b\u00e9n\u00e9voles d\u00e9vou\u00e9s qui veillent \u00e0 la croissance continue d\u2019une vaste collection de documents.<\/p>\t\t\t\t\t\t\t\t<\/div>\n\t\t\t\t<\/div>\n\t\t\t\t<div class=\"elementor-element elementor-element-9f8adbd elementor-widget elementor-widget-button\" data-id=\"9f8adbd\" data-element_type=\"widget\" data-e-type=\"widget\" data-widget_type=\"button.default\">\n\t\t\t\t<div class=\"elementor-widget-container\">\n\t\t\t\t\t\t\t\t\t<div class=\"elementor-button-wrapper\">\n\t\t\t\t\t<a class=\"elementor-button elementor-button-link elementor-size-sm\" href=\"https:\/\/pontiacarchives.org\/fr\/\" target=\"_blank\">\n\t\t\t\t\t\t<span class=\"elementor-button-content-wrapper\">\n\t\t\t\t\t\t\t\t\t<span class=\"elementor-button-text\">EN SAVOIR PLUS<\/span>\n\t\t\t\t\t<\/span>\n\t\t\t\t\t<\/a>\n\t\t\t\t<\/div>\n\t\t\t\t\t\t\t\t<\/div>\n\t\t\t\t<\/div>\n\t\t\t\t<\/div>\n\t\t\t\t\t<\/div>\n\t\t\t\t<\/div>\n\t\t\t\t<\/div>\n\t\t","protected":false},"excerpt":{"rendered":"<p>Bristol, au Qu\u00e9bec, trouve ses origines au d\u00e9but des ann\u00e9es 1800, lorsque des colons venus d&rsquo;\u00c9cosse et d&rsquo;Irlande sont remont\u00e9s la rivi\u00e8re des Outaouais pour d\u00e9fricher la terre et \u00e9tablir des fermes. Le canton a \u00e9t\u00e9 officiellement arpent\u00e9 en 1792 et nomm\u00e9 en l&rsquo;honneur de Bristol, en Angleterre. Gr\u00e2ce \u00e0 ses terres fertiles et \u00e0 [&hellip;]<\/p>\n","protected":false},"author":1,"featured_media":8756,"parent":248,"menu_order":0,"comment_status":"closed","ping_status":"closed","template":"","meta":{"_acf_changed":false,"footnotes":""},"class_list":["post-95","page","type-page","status-publish","has-post-thumbnail","hentry"],"acf":[],"yoast_head":"<!-- This site is optimized with the Yoast SEO plugin v27.3 - https:\/\/yoast.com\/product\/yoast-seo-wordpress\/ -->\n<title>Histoire de Bristol - Municipality of Bristol<\/title>\n<meta name=\"robots\" content=\"index, follow, max-snippet:-1, max-image-preview:large, max-video-preview:-1\" \/>\n<link rel=\"canonical\" href=\"https:\/\/bristolmunicipality.ca\/fr\/municipalite\/histoire\/\" \/>\n<meta property=\"og:locale\" content=\"fr_FR\" \/>\n<meta property=\"og:type\" content=\"article\" \/>\n<meta property=\"og:title\" content=\"Histoire de Bristol - Municipality of Bristol\" \/>\n<meta property=\"og:description\" content=\"Bristol, au Qu\u00e9bec, trouve ses origines au d\u00e9but des ann\u00e9es 1800, lorsque des colons venus d&rsquo;\u00c9cosse et d&rsquo;Irlande sont remont\u00e9s la rivi\u00e8re des Outaouais pour d\u00e9fricher la terre et \u00e9tablir des fermes. Le canton a \u00e9t\u00e9 officiellement arpent\u00e9 en 1792 et nomm\u00e9 en l&rsquo;honneur de Bristol, en Angleterre. Gr\u00e2ce \u00e0 ses terres fertiles et \u00e0 [&hellip;]\" \/>\n<meta property=\"og:url\" content=\"https:\/\/bristolmunicipality.ca\/fr\/municipalite\/histoire\/\" \/>\n<meta property=\"og:site_name\" content=\"Municipality of Bristol\" \/>\n<meta property=\"article:modified_time\" content=\"2025-09-26T15:00:13+00:00\" \/>\n<meta property=\"og:image\" content=\"https:\/\/bristolmunicipality.ca\/wp-content\/uploads\/2025\/08\/Country-school-and-pupils.jpg\" \/>\n\t<meta property=\"og:image:width\" content=\"1459\" \/>\n\t<meta property=\"og:image:height\" content=\"1179\" \/>\n\t<meta property=\"og:image:type\" content=\"image\/jpeg\" \/>\n<meta name=\"twitter:card\" content=\"summary_large_image\" \/>\n<meta name=\"twitter:label1\" content=\"Dur\u00e9e de lecture estim\u00e9e\" \/>\n\t<meta name=\"twitter:data1\" content=\"2 minutes\" \/>\n<script type=\"application\/ld+json\" class=\"yoast-schema-graph\">{\"@context\":\"https:\\\/\\\/schema.org\",\"@graph\":[{\"@type\":\"WebPage\",\"@id\":\"https:\\\/\\\/bristolmunicipality.ca\\\/fr\\\/municipalite\\\/histoire\\\/\",\"url\":\"https:\\\/\\\/bristolmunicipality.ca\\\/fr\\\/municipalite\\\/histoire\\\/\",\"name\":\"Histoire de Bristol - Municipality of Bristol\",\"isPartOf\":{\"@id\":\"https:\\\/\\\/bristolmunicipality.ca\\\/fr\\\/#website\"},\"primaryImageOfPage\":{\"@id\":\"https:\\\/\\\/bristolmunicipality.ca\\\/fr\\\/municipalite\\\/histoire\\\/#primaryimage\"},\"image\":{\"@id\":\"https:\\\/\\\/bristolmunicipality.ca\\\/fr\\\/municipalite\\\/histoire\\\/#primaryimage\"},\"thumbnailUrl\":\"https:\\\/\\\/bristolmunicipality.ca\\\/wp-content\\\/uploads\\\/2025\\\/08\\\/Country-school-and-pupils.jpg\",\"datePublished\":\"2024-08-25T08:05:53+00:00\",\"dateModified\":\"2025-09-26T15:00:13+00:00\",\"breadcrumb\":{\"@id\":\"https:\\\/\\\/bristolmunicipality.ca\\\/fr\\\/municipalite\\\/histoire\\\/#breadcrumb\"},\"inLanguage\":\"fr-FR\",\"potentialAction\":[{\"@type\":\"ReadAction\",\"target\":[\"https:\\\/\\\/bristolmunicipality.ca\\\/fr\\\/municipalite\\\/histoire\\\/\"]}]},{\"@type\":\"ImageObject\",\"inLanguage\":\"fr-FR\",\"@id\":\"https:\\\/\\\/bristolmunicipality.ca\\\/fr\\\/municipalite\\\/histoire\\\/#primaryimage\",\"url\":\"https:\\\/\\\/bristolmunicipality.ca\\\/wp-content\\\/uploads\\\/2025\\\/08\\\/Country-school-and-pupils.jpg\",\"contentUrl\":\"https:\\\/\\\/bristolmunicipality.ca\\\/wp-content\\\/uploads\\\/2025\\\/08\\\/Country-school-and-pupils.jpg\",\"width\":1459,\"height\":1179,\"caption\":\"Bristol School\"},{\"@type\":\"BreadcrumbList\",\"@id\":\"https:\\\/\\\/bristolmunicipality.ca\\\/fr\\\/municipalite\\\/histoire\\\/#breadcrumb\",\"itemListElement\":[{\"@type\":\"ListItem\",\"position\":1,\"name\":\"Home\",\"item\":\"https:\\\/\\\/bristolmunicipality.ca\\\/fr\\\/\"},{\"@type\":\"ListItem\",\"position\":2,\"name\":\"Municipalit\u00e9\",\"item\":\"https:\\\/\\\/bristolmunicipality.ca\\\/fr\\\/municipality\\\/\"},{\"@type\":\"ListItem\",\"position\":3,\"name\":\"Histoire de Bristol\"}]},{\"@type\":\"WebSite\",\"@id\":\"https:\\\/\\\/bristolmunicipality.ca\\\/fr\\\/#website\",\"url\":\"https:\\\/\\\/bristolmunicipality.ca\\\/fr\\\/\",\"name\":\"Municipality of Bristol\",\"description\":\"Naturally Connected\",\"publisher\":{\"@id\":\"https:\\\/\\\/bristolmunicipality.ca\\\/fr\\\/#organization\"},\"potentialAction\":[{\"@type\":\"SearchAction\",\"target\":{\"@type\":\"EntryPoint\",\"urlTemplate\":\"https:\\\/\\\/bristolmunicipality.ca\\\/fr\\\/?s={search_term_string}\"},\"query-input\":{\"@type\":\"PropertyValueSpecification\",\"valueRequired\":true,\"valueName\":\"search_term_string\"}}],\"inLanguage\":\"fr-FR\"},{\"@type\":\"Organization\",\"@id\":\"https:\\\/\\\/bristolmunicipality.ca\\\/fr\\\/#organization\",\"name\":\"Municipality of Bristol\",\"url\":\"https:\\\/\\\/bristolmunicipality.ca\\\/fr\\\/\",\"logo\":{\"@type\":\"ImageObject\",\"inLanguage\":\"fr-FR\",\"@id\":\"https:\\\/\\\/bristolmunicipality.ca\\\/fr\\\/#\\\/schema\\\/logo\\\/image\\\/\",\"url\":\"https:\\\/\\\/bristolmunicipality.ca\\\/wp-content\\\/uploads\\\/2024\\\/08\\\/bristol-oval-logo.webp\",\"contentUrl\":\"https:\\\/\\\/bristolmunicipality.ca\\\/wp-content\\\/uploads\\\/2024\\\/08\\\/bristol-oval-logo.webp\",\"width\":1024,\"height\":541,\"caption\":\"Municipality of Bristol\"},\"image\":{\"@id\":\"https:\\\/\\\/bristolmunicipality.ca\\\/fr\\\/#\\\/schema\\\/logo\\\/image\\\/\"}}]}<\/script>\n<!-- \/ Yoast SEO plugin. -->","yoast_head_json":{"title":"Histoire de Bristol - Municipality of Bristol","robots":{"index":"index","follow":"follow","max-snippet":"max-snippet:-1","max-image-preview":"max-image-preview:large","max-video-preview":"max-video-preview:-1"},"canonical":"https:\/\/bristolmunicipality.ca\/fr\/municipalite\/histoire\/","og_locale":"fr_FR","og_type":"article","og_title":"Histoire de Bristol - Municipality of Bristol","og_description":"Bristol, au Qu\u00e9bec, trouve ses origines au d\u00e9but des ann\u00e9es 1800, lorsque des colons venus d&rsquo;\u00c9cosse et d&rsquo;Irlande sont remont\u00e9s la rivi\u00e8re des Outaouais pour d\u00e9fricher la terre et \u00e9tablir des fermes. Le canton a \u00e9t\u00e9 officiellement arpent\u00e9 en 1792 et nomm\u00e9 en l&rsquo;honneur de Bristol, en Angleterre. Gr\u00e2ce \u00e0 ses terres fertiles et \u00e0 [&hellip;]","og_url":"https:\/\/bristolmunicipality.ca\/fr\/municipalite\/histoire\/","og_site_name":"Municipality of Bristol","article_modified_time":"2025-09-26T15:00:13+00:00","og_image":[{"width":1459,"height":1179,"url":"https:\/\/bristolmunicipality.ca\/wp-content\/uploads\/2025\/08\/Country-school-and-pupils.jpg","type":"image\/jpeg"}],"twitter_card":"summary_large_image","twitter_misc":{"Dur\u00e9e de lecture estim\u00e9e":"2 minutes"},"schema":{"@context":"https:\/\/schema.org","@graph":[{"@type":"WebPage","@id":"https:\/\/bristolmunicipality.ca\/fr\/municipalite\/histoire\/","url":"https:\/\/bristolmunicipality.ca\/fr\/municipalite\/histoire\/","name":"Histoire de Bristol - Municipality of Bristol","isPartOf":{"@id":"https:\/\/bristolmunicipality.ca\/fr\/#website"},"primaryImageOfPage":{"@id":"https:\/\/bristolmunicipality.ca\/fr\/municipalite\/histoire\/#primaryimage"},"image":{"@id":"https:\/\/bristolmunicipality.ca\/fr\/municipalite\/histoire\/#primaryimage"},"thumbnailUrl":"https:\/\/bristolmunicipality.ca\/wp-content\/uploads\/2025\/08\/Country-school-and-pupils.jpg","datePublished":"2024-08-25T08:05:53+00:00","dateModified":"2025-09-26T15:00:13+00:00","breadcrumb":{"@id":"https:\/\/bristolmunicipality.ca\/fr\/municipalite\/histoire\/#breadcrumb"},"inLanguage":"fr-FR","potentialAction":[{"@type":"ReadAction","target":["https:\/\/bristolmunicipality.ca\/fr\/municipalite\/histoire\/"]}]},{"@type":"ImageObject","inLanguage":"fr-FR","@id":"https:\/\/bristolmunicipality.ca\/fr\/municipalite\/histoire\/#primaryimage","url":"https:\/\/bristolmunicipality.ca\/wp-content\/uploads\/2025\/08\/Country-school-and-pupils.jpg","contentUrl":"https:\/\/bristolmunicipality.ca\/wp-content\/uploads\/2025\/08\/Country-school-and-pupils.jpg","width":1459,"height":1179,"caption":"Bristol School"},{"@type":"BreadcrumbList","@id":"https:\/\/bristolmunicipality.ca\/fr\/municipalite\/histoire\/#breadcrumb","itemListElement":[{"@type":"ListItem","position":1,"name":"Home","item":"https:\/\/bristolmunicipality.ca\/fr\/"},{"@type":"ListItem","position":2,"name":"Municipalit\u00e9","item":"https:\/\/bristolmunicipality.ca\/fr\/municipality\/"},{"@type":"ListItem","position":3,"name":"Histoire de Bristol"}]},{"@type":"WebSite","@id":"https:\/\/bristolmunicipality.ca\/fr\/#website","url":"https:\/\/bristolmunicipality.ca\/fr\/","name":"Municipality of Bristol","description":"Naturally Connected","publisher":{"@id":"https:\/\/bristolmunicipality.ca\/fr\/#organization"},"potentialAction":[{"@type":"SearchAction","target":{"@type":"EntryPoint","urlTemplate":"https:\/\/bristolmunicipality.ca\/fr\/?s={search_term_string}"},"query-input":{"@type":"PropertyValueSpecification","valueRequired":true,"valueName":"search_term_string"}}],"inLanguage":"fr-FR"},{"@type":"Organization","@id":"https:\/\/bristolmunicipality.ca\/fr\/#organization","name":"Municipality of Bristol","url":"https:\/\/bristolmunicipality.ca\/fr\/","logo":{"@type":"ImageObject","inLanguage":"fr-FR","@id":"https:\/\/bristolmunicipality.ca\/fr\/#\/schema\/logo\/image\/","url":"https:\/\/bristolmunicipality.ca\/wp-content\/uploads\/2024\/08\/bristol-oval-logo.webp","contentUrl":"https:\/\/bristolmunicipality.ca\/wp-content\/uploads\/2024\/08\/bristol-oval-logo.webp","width":1024,"height":541,"caption":"Municipality of Bristol"},"image":{"@id":"https:\/\/bristolmunicipality.ca\/fr\/#\/schema\/logo\/image\/"}}]}},"_links":{"self":[{"href":"https:\/\/bristolmunicipality.ca\/fr\/wp-json\/wp\/v2\/pages\/95","targetHints":{"allow":["GET"]}}],"collection":[{"href":"https:\/\/bristolmunicipality.ca\/fr\/wp-json\/wp\/v2\/pages"}],"about":[{"href":"https:\/\/bristolmunicipality.ca\/fr\/wp-json\/wp\/v2\/types\/page"}],"author":[{"embeddable":true,"href":"https:\/\/bristolmunicipality.ca\/fr\/wp-json\/wp\/v2\/users\/1"}],"replies":[{"embeddable":true,"href":"https:\/\/bristolmunicipality.ca\/fr\/wp-json\/wp\/v2\/comments?post=95"}],"version-history":[{"count":44,"href":"https:\/\/bristolmunicipality.ca\/fr\/wp-json\/wp\/v2\/pages\/95\/revisions"}],"predecessor-version":[{"id":11199,"href":"https:\/\/bristolmunicipality.ca\/fr\/wp-json\/wp\/v2\/pages\/95\/revisions\/11199"}],"up":[{"embeddable":true,"href":"https:\/\/bristolmunicipality.ca\/fr\/wp-json\/wp\/v2\/pages\/248"}],"wp:featuredmedia":[{"embeddable":true,"href":"https:\/\/bristolmunicipality.ca\/fr\/wp-json\/wp\/v2\/media\/8756"}],"wp:attachment":[{"href":"https:\/\/bristolmunicipality.ca\/fr\/wp-json\/wp\/v2\/media?parent=95"}],"curies":[{"name":"wp","href":"https:\/\/api.w.org\/{rel}","templated":true}]}}