{"id":88,"date":"2024-08-24T10:57:41","date_gmt":"2024-08-24T10:57:41","guid":{"rendered":"https:\/\/bristol.ottawavalleymedia.ca\/?page_id=88"},"modified":"2025-09-26T19:58:13","modified_gmt":"2025-09-26T23:58:13","slug":"a-propos","status":"publish","type":"page","link":"https:\/\/bristolmunicipality.ca\/fr\/municipalite\/a-propos\/","title":{"rendered":"\u00c0 propos"},"content":{"rendered":"\t\t<div data-elementor-type=\"wp-page\" data-elementor-id=\"88\" class=\"elementor elementor-88\" data-elementor-post-type=\"page\">\n\t\t\t\t<div class=\"elementor-element elementor-element-2a99c43 e-flex e-con-boxed e-con e-parent\" data-id=\"2a99c43\" data-element_type=\"container\" data-e-type=\"container\">\n\t\t\t\t\t<div class=\"e-con-inner\">\n\t\t<div class=\"elementor-element elementor-element-e1fe55c e-con-full e-flex e-con e-child\" data-id=\"e1fe55c\" data-element_type=\"container\" data-e-type=\"container\">\n\t\t\t\t<div class=\"elementor-element elementor-element-46a3631 elementor-widget elementor-widget-text-editor\" data-id=\"46a3631\" data-element_type=\"widget\" data-e-type=\"widget\" data-widget_type=\"text-editor.default\">\n\t\t\t\t<div class=\"elementor-widget-container\">\n\t\t\t\t\t\t\t\t\t<div class=\"flex-shrink-0 flex flex-col relative items-end\"><div class=\"pt-0\"><div class=\"gizmo-bot-avatar flex h-8 w-8 items-center justify-center overflow-hidden rounded-full\">Bristol est une municipalit\u00e9 rurale de l\u2019ouest du Qu\u00e9bec, situ\u00e9e le long de la rivi\u00e8re des Outaouais dans la r\u00e9gion du Pontiac. R\u00e9put\u00e9e pour son m\u00e9lange pittoresque de terres agricoles, de for\u00eats et de chalets, la r\u00e9gion poss\u00e8de de profondes racines en agriculture, en foresterie et dans l\u2019exploitation mini\u00e8re pr\u00e9coce. Aujourd\u2019hui, c\u2019est une destination pris\u00e9e pour les activit\u00e9s de plein air, avec ses sentiers, ses terrains de camping et son acc\u00e8s \u00e0 la rivi\u00e8re. Malgr\u00e9 son charme paisible, Bristol conserve un fort esprit communautaire et un int\u00e9r\u00eat croissant pour le d\u00e9veloppement local.<\/div><\/div><\/div>\t\t\t\t\t\t\t\t<\/div>\n\t\t\t\t<\/div>\n\t\t\t\t<div class=\"elementor-element elementor-element-7ca235b elementor-widget elementor-widget-text-editor\" data-id=\"7ca235b\" data-element_type=\"widget\" data-e-type=\"widget\" data-widget_type=\"text-editor.default\">\n\t\t\t\t<div class=\"elementor-widget-container\">\n\t\t\t\t\t\t\t\t\t<div class=\"flex-shrink-0 flex flex-col relative items-end\"><div class=\"pt-0\"><div class=\"gizmo-bot-avatar flex h-8 w-8 items-center justify-center overflow-hidden rounded-full\">La municipalit\u00e9 est compos\u00e9e de plusieurs petits villages \u2014 Bristol Village, Bristol Mines, Bristol Ridge, Caldwell, Doherty, Elmside, Maple Ridge, Maryland, McKee, Norway Bay et Weirstead \u2014 chacun ayant son propre caract\u00e8re et sa propre histoire. Norway Bay est reconnue pour son bord de l\u2019eau et sa communaut\u00e9 estivale dynamique, tandis que de nombreux autres secteurs refl\u00e8tent l\u2019h\u00e9ritage agricole de la r\u00e9gion et son mode de vie rural. Reli\u00e9es par des routes de campagne et un sentiment d\u2019appartenance commun, ces communaut\u00e9s forment l\u2019identit\u00e9 unique et accueillante de Bristol.<\/div><\/div><\/div>\t\t\t\t\t\t\t\t<\/div>\n\t\t\t\t<\/div>\n\t\t\t\t<\/div>\n\t\t<div class=\"elementor-element elementor-element-1a8fe64 e-con-full e-flex e-con e-child\" data-id=\"1a8fe64\" data-element_type=\"container\" data-e-type=\"container\" data-settings=\"{&quot;background_background&quot;:&quot;classic&quot;}\">\n\t\t\t\t<\/div>\n\t\t\t\t\t<\/div>\n\t\t\t\t<\/div>\n\t\t<div class=\"elementor-element elementor-element-de304bd e-flex e-con-boxed e-con e-parent\" data-id=\"de304bd\" data-element_type=\"container\" data-e-type=\"container\">\n\t\t\t\t\t<div class=\"e-con-inner\">\n\t\t<div class=\"elementor-element elementor-element-89b039a e-con-full e-flex e-con e-child\" data-id=\"89b039a\" data-element_type=\"container\" data-e-type=\"container\">\n\t\t\t\t<div class=\"elementor-element elementor-element-17c5bde elementor-widget elementor-widget-image\" data-id=\"17c5bde\" data-element_type=\"widget\" data-e-type=\"widget\" data-widget_type=\"image.default\">\n\t\t\t\t<div class=\"elementor-widget-container\">\n\t\t\t\t\t\t\t\t\t\t\t\t\t\t\t<img fetchpriority=\"high\" decoding=\"async\" width=\"800\" height=\"533\" src=\"https:\/\/bristolmunicipality.ca\/wp-content\/uploads\/2025\/08\/bristol-market-2-1024x682.webp\" class=\"attachment-large size-large wp-image-8860\" alt=\"Bristol Market\" srcset=\"https:\/\/bristolmunicipality.ca\/wp-content\/uploads\/2025\/08\/bristol-market-2-1024x682.webp 1024w, https:\/\/bristolmunicipality.ca\/wp-content\/uploads\/2025\/08\/bristol-market-2-300x200.webp 300w, https:\/\/bristolmunicipality.ca\/wp-content\/uploads\/2025\/08\/bristol-market-2-768x512.webp 768w, https:\/\/bristolmunicipality.ca\/wp-content\/uploads\/2025\/08\/bristol-market-2-1536x1024.webp 1536w, https:\/\/bristolmunicipality.ca\/wp-content\/uploads\/2025\/08\/bristol-market-2.webp 2000w\" sizes=\"(max-width: 800px) 100vw, 800px\" \/>\t\t\t\t\t\t\t\t\t\t\t\t\t\t\t<\/div>\n\t\t\t\t<\/div>\n\t\t\t\t<\/div>\n\t\t<div class=\"elementor-element elementor-element-7e5b7e5 e-con-full e-flex e-con e-child\" data-id=\"7e5b7e5\" data-element_type=\"container\" data-e-type=\"container\">\n\t\t\t\t<div class=\"elementor-element elementor-element-f631988 elementor-widget elementor-widget-heading\" data-id=\"f631988\" data-element_type=\"widget\" data-e-type=\"widget\" data-widget_type=\"heading.default\">\n\t\t\t\t<div class=\"elementor-widget-container\">\n\t\t\t\t\t<h2 class=\"elementor-heading-title elementor-size-default\">Vivre \u00e0 Bristol et activit\u00e9s communautaires\n<\/h2>\t\t\t\t<\/div>\n\t\t\t\t<\/div>\n\t\t\t\t<div class=\"elementor-element elementor-element-ef7e13b elementor-widget elementor-widget-text-editor\" data-id=\"ef7e13b\" data-element_type=\"widget\" data-e-type=\"widget\" data-widget_type=\"text-editor.default\">\n\t\t\t\t<div class=\"elementor-widget-container\">\n\t\t\t\t\t\t\t\t\t<p>La vie \u00e0 Bristol marie la tranquillit\u00e9 rurale \u00e0 un mode de vie actif en plein air, surtout le long de la rivi\u00e8re des Outaouais. Norway Bay s\u2019anime l\u2019\u00e9t\u00e9 avec ses chalets, sa plage publique, son quai, ainsi que le March\u00e9 Bristol, un march\u00e9 familial mettant en vedette producteurs locaux et artisans. Tout au long de l\u2019ann\u00e9e, des \u00e9v\u00e9nements communautaires comme le March\u00e9 de No\u00ebl de Bristol rassemblent les r\u00e9sidents. Entre les randonn\u00e9es, les activit\u00e9s nautiques et les rencontres locales, Bristol facilite l\u2019\u00e9quilibre entre nature et vie de village.<\/p>\t\t\t\t\t\t\t\t<\/div>\n\t\t\t\t<\/div>\n\t\t\t\t<div class=\"elementor-element elementor-element-01ea45a elementor-widget elementor-widget-button\" data-id=\"01ea45a\" data-element_type=\"widget\" data-e-type=\"widget\" data-widget_type=\"button.default\">\n\t\t\t\t<div class=\"elementor-widget-container\">\n\t\t\t\t\t\t\t\t\t<div class=\"elementor-button-wrapper\">\n\t\t\t\t\t<a class=\"elementor-button elementor-button-link elementor-size-sm\" href=\"https:\/\/bristolmunicipality.ca\/fr\/residents\/\">\n\t\t\t\t\t\t<span class=\"elementor-button-content-wrapper\">\n\t\t\t\t\t\t\t\t\t<span class=\"elementor-button-text\">EN SAVOIR PLUS<\/span>\n\t\t\t\t\t<\/span>\n\t\t\t\t\t<\/a>\n\t\t\t\t<\/div>\n\t\t\t\t\t\t\t\t<\/div>\n\t\t\t\t<\/div>\n\t\t\t\t<\/div>\n\t\t\t\t\t<\/div>\n\t\t\t\t<\/div>\n\t\t<div class=\"elementor-element elementor-element-8062811 e-flex e-con-boxed e-con e-parent\" data-id=\"8062811\" data-element_type=\"container\" data-e-type=\"container\">\n\t\t\t\t\t<div class=\"e-con-inner\">\n\t\t<div class=\"elementor-element elementor-element-0005b24 e-con-full e-flex e-con e-child\" data-id=\"0005b24\" data-element_type=\"container\" data-e-type=\"container\">\n\t\t\t\t<div class=\"elementor-element elementor-element-6be42bd elementor-widget elementor-widget-image\" data-id=\"6be42bd\" data-element_type=\"widget\" data-e-type=\"widget\" data-widget_type=\"image.default\">\n\t\t\t\t<div class=\"elementor-widget-container\">\n\t\t\t\t\t\t\t\t\t\t\t\t\t\t\t<img decoding=\"async\" width=\"800\" height=\"546\" src=\"https:\/\/bristolmunicipality.ca\/wp-content\/uploads\/2025\/07\/alpaca-socks-1024x699.webp\" class=\"attachment-large size-large wp-image-7546\" alt=\"Alpaca Socks\" srcset=\"https:\/\/bristolmunicipality.ca\/wp-content\/uploads\/2025\/07\/alpaca-socks-1024x699.webp 1024w, https:\/\/bristolmunicipality.ca\/wp-content\/uploads\/2025\/07\/alpaca-socks-300x205.webp 300w, https:\/\/bristolmunicipality.ca\/wp-content\/uploads\/2025\/07\/alpaca-socks-768x524.webp 768w, https:\/\/bristolmunicipality.ca\/wp-content\/uploads\/2025\/07\/alpaca-socks-1536x1048.webp 1536w, https:\/\/bristolmunicipality.ca\/wp-content\/uploads\/2025\/07\/alpaca-socks.webp 1975w\" sizes=\"(max-width: 800px) 100vw, 800px\" \/>\t\t\t\t\t\t\t\t\t\t\t\t\t\t\t<\/div>\n\t\t\t\t<\/div>\n\t\t\t\t<\/div>\n\t\t<div class=\"elementor-element elementor-element-dc56c56 e-con-full e-flex e-con e-child\" data-id=\"dc56c56\" data-element_type=\"container\" data-e-type=\"container\">\n\t\t\t\t<div class=\"elementor-element elementor-element-5cf149d elementor-widget elementor-widget-heading\" data-id=\"5cf149d\" data-element_type=\"widget\" data-e-type=\"widget\" data-widget_type=\"heading.default\">\n\t\t\t\t<div class=\"elementor-widget-container\">\n\t\t\t\t\t<h2 class=\"elementor-heading-title elementor-size-default\">Entreprises et services locaux\n<\/h2>\t\t\t\t<\/div>\n\t\t\t\t<\/div>\n\t\t\t\t<div class=\"elementor-element elementor-element-0f698f1 elementor-widget elementor-widget-text-editor\" data-id=\"0f698f1\" data-element_type=\"widget\" data-e-type=\"widget\" data-widget_type=\"text-editor.default\">\n\t\t\t\t<div class=\"elementor-widget-container\">\n\t\t\t\t\t\t\t\t\t<p>La communaut\u00e9 d\u2019affaires de Bristol comprend des fermes, des gens de m\u00e9tier, des entrepreneurs \u00e0 domicile et des entreprises saisonni\u00e8res qui soutiennent les r\u00e9sidents autant que les visiteurs. On y trouve des services vari\u00e9s allant des contracteurs et m\u00e9caniciens aux boulangers, artistes et marchands de march\u00e9. Plusieurs entreprises desservent aussi l\u2019ensemble de la r\u00e9gion du Pontiac, t\u00e9moignant d\u2019un solide r\u00e9seau rural. Que vous souhaitiez lancer un projet ou encourager les commerces d\u2019ici, Bristol offre un environnement accueillant pour les petites entreprises.<\/p>\t\t\t\t\t\t\t\t<\/div>\n\t\t\t\t<\/div>\n\t\t\t\t<div class=\"elementor-element elementor-element-8d49ce1 elementor-widget elementor-widget-button\" data-id=\"8d49ce1\" data-element_type=\"widget\" data-e-type=\"widget\" data-widget_type=\"button.default\">\n\t\t\t\t<div class=\"elementor-widget-container\">\n\t\t\t\t\t\t\t\t\t<div class=\"elementor-button-wrapper\">\n\t\t\t\t\t<a class=\"elementor-button elementor-button-link elementor-size-sm\" href=\"https:\/\/bristolmunicipality.ca\/fr\/entreprises\/\">\n\t\t\t\t\t\t<span class=\"elementor-button-content-wrapper\">\n\t\t\t\t\t\t\t\t\t<span class=\"elementor-button-text\">EN SAVOIR PLUS<\/span>\n\t\t\t\t\t<\/span>\n\t\t\t\t\t<\/a>\n\t\t\t\t<\/div>\n\t\t\t\t\t\t\t\t<\/div>\n\t\t\t\t<\/div>\n\t\t\t\t<\/div>\n\t\t\t\t\t<\/div>\n\t\t\t\t<\/div>\n\t\t<div class=\"elementor-element elementor-element-3e38fae e-flex e-con-boxed e-con e-parent\" data-id=\"3e38fae\" data-element_type=\"container\" data-e-type=\"container\">\n\t\t\t\t\t<div class=\"e-con-inner\">\n\t\t<div class=\"elementor-element elementor-element-b9412f8 e-con-full e-flex e-con e-child\" data-id=\"b9412f8\" data-element_type=\"container\" data-e-type=\"container\">\n\t\t\t\t<div class=\"elementor-element elementor-element-cc7ef49 elementor-widget elementor-widget-image\" data-id=\"cc7ef49\" data-element_type=\"widget\" data-e-type=\"widget\" data-widget_type=\"image.default\">\n\t\t\t\t<div class=\"elementor-widget-container\">\n\t\t\t\t\t\t\t\t\t\t\t\t\t\t\t<img decoding=\"async\" width=\"800\" height=\"534\" src=\"https:\/\/bristolmunicipality.ca\/wp-content\/uploads\/2025\/07\/Pontiac-Hospital-scaled-1-1024x683.webp\" class=\"attachment-large size-large wp-image-7153\" alt=\"Pontiac Hospital\" srcset=\"https:\/\/bristolmunicipality.ca\/wp-content\/uploads\/2025\/07\/Pontiac-Hospital-scaled-1-1024x683.webp 1024w, https:\/\/bristolmunicipality.ca\/wp-content\/uploads\/2025\/07\/Pontiac-Hospital-scaled-1-300x200.webp 300w, https:\/\/bristolmunicipality.ca\/wp-content\/uploads\/2025\/07\/Pontiac-Hospital-scaled-1-768x512.webp 768w, https:\/\/bristolmunicipality.ca\/wp-content\/uploads\/2025\/07\/Pontiac-Hospital-scaled-1-1536x1024.webp 1536w, https:\/\/bristolmunicipality.ca\/wp-content\/uploads\/2025\/07\/Pontiac-Hospital-scaled-1-2048x1366.webp 2048w\" sizes=\"(max-width: 800px) 100vw, 800px\" \/>\t\t\t\t\t\t\t\t\t\t\t\t\t\t\t<\/div>\n\t\t\t\t<\/div>\n\t\t\t\t<\/div>\n\t\t<div class=\"elementor-element elementor-element-7c3c7a1 e-con-full e-flex e-con e-child\" data-id=\"7c3c7a1\" data-element_type=\"container\" data-e-type=\"container\">\n\t\t\t\t<div class=\"elementor-element elementor-element-e0648ea elementor-widget elementor-widget-heading\" data-id=\"e0648ea\" data-element_type=\"widget\" data-e-type=\"widget\" data-widget_type=\"heading.default\">\n\t\t\t\t<div class=\"elementor-widget-container\">\n\t\t\t\t\t<h2 class=\"elementor-heading-title elementor-size-default\">Sant\u00e9 et \u00e9ducation<\/h2>\t\t\t\t<\/div>\n\t\t\t\t<\/div>\n\t\t\t\t<div class=\"elementor-element elementor-element-3c51414 elementor-widget elementor-widget-text-editor\" data-id=\"3c51414\" data-element_type=\"widget\" data-e-type=\"widget\" data-widget_type=\"text-editor.default\">\n\t\t\t\t<div class=\"elementor-widget-container\">\n\t\t\t\t\t\t\t\t\t<p>Bristol est desservie par des services de sant\u00e9 et d\u2019\u00e9ducation situ\u00e9s dans les municipalit\u00e9s voisines du Pontiac. Les r\u00e9sidents ont acc\u00e8s \u00e0 des cliniques, des h\u00f4pitaux et \u00e0 des ressources communautaires en sant\u00e9 \u00e0 proximit\u00e9. Les enfants fr\u00e9quentent des \u00e9coles anglophones ou francophones dans les environs, avec un service de transport scolaire offert. L\u2019apprentissage tout au long de la vie et le bien-\u00eatre sont soutenus par des programmes r\u00e9gionaux, des biblioth\u00e8ques et diverses initiatives communautaires.<\/p>\t\t\t\t\t\t\t\t<\/div>\n\t\t\t\t<\/div>\n\t\t\t\t<div class=\"elementor-element elementor-element-b411f83 elementor-widget elementor-widget-button\" data-id=\"b411f83\" data-element_type=\"widget\" data-e-type=\"widget\" data-widget_type=\"button.default\">\n\t\t\t\t<div class=\"elementor-widget-container\">\n\t\t\t\t\t\t\t\t\t<div class=\"elementor-button-wrapper\">\n\t\t\t\t\t<a class=\"elementor-button elementor-button-link elementor-size-sm\" href=\"https:\/\/bristolmunicipality.ca\/fr\/residents\/\">\n\t\t\t\t\t\t<span class=\"elementor-button-content-wrapper\">\n\t\t\t\t\t\t\t\t\t<span class=\"elementor-button-text\">EN SAVOIR PLUS<\/span>\n\t\t\t\t\t<\/span>\n\t\t\t\t\t<\/a>\n\t\t\t\t<\/div>\n\t\t\t\t\t\t\t\t<\/div>\n\t\t\t\t<\/div>\n\t\t\t\t<\/div>\n\t\t\t\t\t<\/div>\n\t\t\t\t<\/div>\n\t\t\t\t<\/div>\n\t\t","protected":false},"excerpt":{"rendered":"<p>Bristol est une municipalit\u00e9 rurale de l\u2019ouest du Qu\u00e9bec, situ\u00e9e le long de la rivi\u00e8re des Outaouais dans la r\u00e9gion du Pontiac. R\u00e9put\u00e9e pour son m\u00e9lange pittoresque de terres agricoles, de for\u00eats et de chalets, la r\u00e9gion poss\u00e8de de profondes racines en agriculture, en foresterie et dans l\u2019exploitation mini\u00e8re pr\u00e9coce. Aujourd\u2019hui, c\u2019est une destination pris\u00e9e [&hellip;]<\/p>\n","protected":false},"author":1,"featured_media":8857,"parent":248,"menu_order":0,"comment_status":"closed","ping_status":"closed","template":"","meta":{"_acf_changed":false,"footnotes":""},"class_list":["post-88","page","type-page","status-publish","has-post-thumbnail","hentry"],"acf":[],"yoast_head":"<!-- This site is optimized with the Yoast SEO plugin v27.3 - https:\/\/yoast.com\/product\/yoast-seo-wordpress\/ -->\n<title>\u00c0 propos - Municipality of Bristol<\/title>\n<meta name=\"robots\" content=\"index, follow, max-snippet:-1, max-image-preview:large, max-video-preview:-1\" \/>\n<link rel=\"canonical\" href=\"https:\/\/bristolmunicipality.ca\/fr\/municipalite\/a-propos\/\" \/>\n<meta property=\"og:locale\" content=\"fr_FR\" \/>\n<meta property=\"og:type\" content=\"article\" \/>\n<meta property=\"og:title\" content=\"\u00c0 propos - Municipality of Bristol\" \/>\n<meta property=\"og:description\" content=\"Bristol est une municipalit\u00e9 rurale de l\u2019ouest du Qu\u00e9bec, situ\u00e9e le long de la rivi\u00e8re des Outaouais dans la r\u00e9gion du Pontiac. R\u00e9put\u00e9e pour son m\u00e9lange pittoresque de terres agricoles, de for\u00eats et de chalets, la r\u00e9gion poss\u00e8de de profondes racines en agriculture, en foresterie et dans l\u2019exploitation mini\u00e8re pr\u00e9coce. Aujourd\u2019hui, c\u2019est une destination pris\u00e9e [&hellip;]\" \/>\n<meta property=\"og:url\" content=\"https:\/\/bristolmunicipality.ca\/fr\/municipalite\/a-propos\/\" \/>\n<meta property=\"og:site_name\" content=\"Municipality of Bristol\" \/>\n<meta property=\"article:modified_time\" content=\"2025-09-26T23:58:13+00:00\" \/>\n<meta property=\"og:image\" content=\"https:\/\/bristolmunicipality.ca\/wp-content\/uploads\/2025\/08\/hay-season.webp\" \/>\n\t<meta property=\"og:image:width\" content=\"2000\" \/>\n\t<meta property=\"og:image:height\" content=\"1333\" \/>\n\t<meta property=\"og:image:type\" content=\"image\/webp\" \/>\n<meta name=\"twitter:card\" content=\"summary_large_image\" \/>\n<meta name=\"twitter:label1\" content=\"Dur\u00e9e de lecture estim\u00e9e\" \/>\n\t<meta name=\"twitter:data1\" content=\"3 minutes\" \/>\n<script type=\"application\/ld+json\" class=\"yoast-schema-graph\">{\"@context\":\"https:\\\/\\\/schema.org\",\"@graph\":[{\"@type\":\"WebPage\",\"@id\":\"https:\\\/\\\/bristolmunicipality.ca\\\/fr\\\/municipalite\\\/a-propos\\\/\",\"url\":\"https:\\\/\\\/bristolmunicipality.ca\\\/fr\\\/municipalite\\\/a-propos\\\/\",\"name\":\"\u00c0 propos - Municipality of Bristol\",\"isPartOf\":{\"@id\":\"https:\\\/\\\/bristolmunicipality.ca\\\/fr\\\/#website\"},\"primaryImageOfPage\":{\"@id\":\"https:\\\/\\\/bristolmunicipality.ca\\\/fr\\\/municipalite\\\/a-propos\\\/#primaryimage\"},\"image\":{\"@id\":\"https:\\\/\\\/bristolmunicipality.ca\\\/fr\\\/municipalite\\\/a-propos\\\/#primaryimage\"},\"thumbnailUrl\":\"https:\\\/\\\/bristolmunicipality.ca\\\/wp-content\\\/uploads\\\/2025\\\/08\\\/hay-season.webp\",\"datePublished\":\"2024-08-24T10:57:41+00:00\",\"dateModified\":\"2025-09-26T23:58:13+00:00\",\"breadcrumb\":{\"@id\":\"https:\\\/\\\/bristolmunicipality.ca\\\/fr\\\/municipalite\\\/a-propos\\\/#breadcrumb\"},\"inLanguage\":\"fr-FR\",\"potentialAction\":[{\"@type\":\"ReadAction\",\"target\":[\"https:\\\/\\\/bristolmunicipality.ca\\\/fr\\\/municipalite\\\/a-propos\\\/\"]}]},{\"@type\":\"ImageObject\",\"inLanguage\":\"fr-FR\",\"@id\":\"https:\\\/\\\/bristolmunicipality.ca\\\/fr\\\/municipalite\\\/a-propos\\\/#primaryimage\",\"url\":\"https:\\\/\\\/bristolmunicipality.ca\\\/wp-content\\\/uploads\\\/2025\\\/08\\\/hay-season.webp\",\"contentUrl\":\"https:\\\/\\\/bristolmunicipality.ca\\\/wp-content\\\/uploads\\\/2025\\\/08\\\/hay-season.webp\",\"width\":2000,\"height\":1333,\"caption\":\"Hay Season in Bristol\"},{\"@type\":\"BreadcrumbList\",\"@id\":\"https:\\\/\\\/bristolmunicipality.ca\\\/fr\\\/municipalite\\\/a-propos\\\/#breadcrumb\",\"itemListElement\":[{\"@type\":\"ListItem\",\"position\":1,\"name\":\"Home\",\"item\":\"https:\\\/\\\/bristolmunicipality.ca\\\/fr\\\/\"},{\"@type\":\"ListItem\",\"position\":2,\"name\":\"Municipalit\u00e9\",\"item\":\"https:\\\/\\\/bristolmunicipality.ca\\\/fr\\\/municipality\\\/\"},{\"@type\":\"ListItem\",\"position\":3,\"name\":\"\u00c0 propos\"}]},{\"@type\":\"WebSite\",\"@id\":\"https:\\\/\\\/bristolmunicipality.ca\\\/fr\\\/#website\",\"url\":\"https:\\\/\\\/bristolmunicipality.ca\\\/fr\\\/\",\"name\":\"Municipality of Bristol\",\"description\":\"Naturally Connected\",\"publisher\":{\"@id\":\"https:\\\/\\\/bristolmunicipality.ca\\\/fr\\\/#organization\"},\"potentialAction\":[{\"@type\":\"SearchAction\",\"target\":{\"@type\":\"EntryPoint\",\"urlTemplate\":\"https:\\\/\\\/bristolmunicipality.ca\\\/fr\\\/?s={search_term_string}\"},\"query-input\":{\"@type\":\"PropertyValueSpecification\",\"valueRequired\":true,\"valueName\":\"search_term_string\"}}],\"inLanguage\":\"fr-FR\"},{\"@type\":\"Organization\",\"@id\":\"https:\\\/\\\/bristolmunicipality.ca\\\/fr\\\/#organization\",\"name\":\"Municipality of Bristol\",\"url\":\"https:\\\/\\\/bristolmunicipality.ca\\\/fr\\\/\",\"logo\":{\"@type\":\"ImageObject\",\"inLanguage\":\"fr-FR\",\"@id\":\"https:\\\/\\\/bristolmunicipality.ca\\\/fr\\\/#\\\/schema\\\/logo\\\/image\\\/\",\"url\":\"https:\\\/\\\/bristolmunicipality.ca\\\/wp-content\\\/uploads\\\/2024\\\/08\\\/bristol-oval-logo.webp\",\"contentUrl\":\"https:\\\/\\\/bristolmunicipality.ca\\\/wp-content\\\/uploads\\\/2024\\\/08\\\/bristol-oval-logo.webp\",\"width\":1024,\"height\":541,\"caption\":\"Municipality of Bristol\"},\"image\":{\"@id\":\"https:\\\/\\\/bristolmunicipality.ca\\\/fr\\\/#\\\/schema\\\/logo\\\/image\\\/\"}}]}<\/script>\n<!-- \/ Yoast SEO plugin. -->","yoast_head_json":{"title":"\u00c0 propos - Municipality of Bristol","robots":{"index":"index","follow":"follow","max-snippet":"max-snippet:-1","max-image-preview":"max-image-preview:large","max-video-preview":"max-video-preview:-1"},"canonical":"https:\/\/bristolmunicipality.ca\/fr\/municipalite\/a-propos\/","og_locale":"fr_FR","og_type":"article","og_title":"\u00c0 propos - Municipality of Bristol","og_description":"Bristol est une municipalit\u00e9 rurale de l\u2019ouest du Qu\u00e9bec, situ\u00e9e le long de la rivi\u00e8re des Outaouais dans la r\u00e9gion du Pontiac. R\u00e9put\u00e9e pour son m\u00e9lange pittoresque de terres agricoles, de for\u00eats et de chalets, la r\u00e9gion poss\u00e8de de profondes racines en agriculture, en foresterie et dans l\u2019exploitation mini\u00e8re pr\u00e9coce. Aujourd\u2019hui, c\u2019est une destination pris\u00e9e [&hellip;]","og_url":"https:\/\/bristolmunicipality.ca\/fr\/municipalite\/a-propos\/","og_site_name":"Municipality of Bristol","article_modified_time":"2025-09-26T23:58:13+00:00","og_image":[{"width":2000,"height":1333,"url":"https:\/\/bristolmunicipality.ca\/wp-content\/uploads\/2025\/08\/hay-season.webp","type":"image\/webp"}],"twitter_card":"summary_large_image","twitter_misc":{"Dur\u00e9e de lecture estim\u00e9e":"3 minutes"},"schema":{"@context":"https:\/\/schema.org","@graph":[{"@type":"WebPage","@id":"https:\/\/bristolmunicipality.ca\/fr\/municipalite\/a-propos\/","url":"https:\/\/bristolmunicipality.ca\/fr\/municipalite\/a-propos\/","name":"\u00c0 propos - Municipality of Bristol","isPartOf":{"@id":"https:\/\/bristolmunicipality.ca\/fr\/#website"},"primaryImageOfPage":{"@id":"https:\/\/bristolmunicipality.ca\/fr\/municipalite\/a-propos\/#primaryimage"},"image":{"@id":"https:\/\/bristolmunicipality.ca\/fr\/municipalite\/a-propos\/#primaryimage"},"thumbnailUrl":"https:\/\/bristolmunicipality.ca\/wp-content\/uploads\/2025\/08\/hay-season.webp","datePublished":"2024-08-24T10:57:41+00:00","dateModified":"2025-09-26T23:58:13+00:00","breadcrumb":{"@id":"https:\/\/bristolmunicipality.ca\/fr\/municipalite\/a-propos\/#breadcrumb"},"inLanguage":"fr-FR","potentialAction":[{"@type":"ReadAction","target":["https:\/\/bristolmunicipality.ca\/fr\/municipalite\/a-propos\/"]}]},{"@type":"ImageObject","inLanguage":"fr-FR","@id":"https:\/\/bristolmunicipality.ca\/fr\/municipalite\/a-propos\/#primaryimage","url":"https:\/\/bristolmunicipality.ca\/wp-content\/uploads\/2025\/08\/hay-season.webp","contentUrl":"https:\/\/bristolmunicipality.ca\/wp-content\/uploads\/2025\/08\/hay-season.webp","width":2000,"height":1333,"caption":"Hay Season in Bristol"},{"@type":"BreadcrumbList","@id":"https:\/\/bristolmunicipality.ca\/fr\/municipalite\/a-propos\/#breadcrumb","itemListElement":[{"@type":"ListItem","position":1,"name":"Home","item":"https:\/\/bristolmunicipality.ca\/fr\/"},{"@type":"ListItem","position":2,"name":"Municipalit\u00e9","item":"https:\/\/bristolmunicipality.ca\/fr\/municipality\/"},{"@type":"ListItem","position":3,"name":"\u00c0 propos"}]},{"@type":"WebSite","@id":"https:\/\/bristolmunicipality.ca\/fr\/#website","url":"https:\/\/bristolmunicipality.ca\/fr\/","name":"Municipality of Bristol","description":"Naturally Connected","publisher":{"@id":"https:\/\/bristolmunicipality.ca\/fr\/#organization"},"potentialAction":[{"@type":"SearchAction","target":{"@type":"EntryPoint","urlTemplate":"https:\/\/bristolmunicipality.ca\/fr\/?s={search_term_string}"},"query-input":{"@type":"PropertyValueSpecification","valueRequired":true,"valueName":"search_term_string"}}],"inLanguage":"fr-FR"},{"@type":"Organization","@id":"https:\/\/bristolmunicipality.ca\/fr\/#organization","name":"Municipality of Bristol","url":"https:\/\/bristolmunicipality.ca\/fr\/","logo":{"@type":"ImageObject","inLanguage":"fr-FR","@id":"https:\/\/bristolmunicipality.ca\/fr\/#\/schema\/logo\/image\/","url":"https:\/\/bristolmunicipality.ca\/wp-content\/uploads\/2024\/08\/bristol-oval-logo.webp","contentUrl":"https:\/\/bristolmunicipality.ca\/wp-content\/uploads\/2024\/08\/bristol-oval-logo.webp","width":1024,"height":541,"caption":"Municipality of Bristol"},"image":{"@id":"https:\/\/bristolmunicipality.ca\/fr\/#\/schema\/logo\/image\/"}}]}},"_links":{"self":[{"href":"https:\/\/bristolmunicipality.ca\/fr\/wp-json\/wp\/v2\/pages\/88","targetHints":{"allow":["GET"]}}],"collection":[{"href":"https:\/\/bristolmunicipality.ca\/fr\/wp-json\/wp\/v2\/pages"}],"about":[{"href":"https:\/\/bristolmunicipality.ca\/fr\/wp-json\/wp\/v2\/types\/page"}],"author":[{"embeddable":true,"href":"https:\/\/bristolmunicipality.ca\/fr\/wp-json\/wp\/v2\/users\/1"}],"replies":[{"embeddable":true,"href":"https:\/\/bristolmunicipality.ca\/fr\/wp-json\/wp\/v2\/comments?post=88"}],"version-history":[{"count":48,"href":"https:\/\/bristolmunicipality.ca\/fr\/wp-json\/wp\/v2\/pages\/88\/revisions"}],"predecessor-version":[{"id":11302,"href":"https:\/\/bristolmunicipality.ca\/fr\/wp-json\/wp\/v2\/pages\/88\/revisions\/11302"}],"up":[{"embeddable":true,"href":"https:\/\/bristolmunicipality.ca\/fr\/wp-json\/wp\/v2\/pages\/248"}],"wp:featuredmedia":[{"embeddable":true,"href":"https:\/\/bristolmunicipality.ca\/fr\/wp-json\/wp\/v2\/media\/8857"}],"wp:attachment":[{"href":"https:\/\/bristolmunicipality.ca\/fr\/wp-json\/wp\/v2\/media?parent=88"}],"curies":[{"name":"wp","href":"https:\/\/api.w.org\/{rel}","templated":true}]}}