{"id":164,"date":"2024-08-25T08:59:10","date_gmt":"2024-08-25T08:59:10","guid":{"rendered":"https:\/\/bristol.ottawavalleymedia.ca\/?page_id=164"},"modified":"2025-10-22T15:24:13","modified_gmt":"2025-10-22T19:24:13","slug":"contactez","status":"publish","type":"page","link":"https:\/\/bristolmunicipality.ca\/fr\/contactez\/","title":{"rendered":"Contactez nous"},"content":{"rendered":"\t\t<div data-elementor-type=\"wp-page\" data-elementor-id=\"164\" class=\"elementor elementor-164\" data-elementor-post-type=\"page\">\n\t\t\t\t<div class=\"elementor-element elementor-element-26e38cfb e-flex e-con-boxed e-con e-parent\" data-id=\"26e38cfb\" data-element_type=\"container\" data-e-type=\"container\">\n\t\t\t\t\t<div class=\"e-con-inner\">\n\t\t<div class=\"elementor-element elementor-element-57118809 e-con-full e-flex e-con e-child\" data-id=\"57118809\" data-element_type=\"container\" data-e-type=\"container\" data-settings=\"{&quot;background_background&quot;:&quot;classic&quot;}\">\n\t\t<div class=\"elementor-element elementor-element-e5e3a3b e-con-full e-flex e-con e-child\" data-id=\"e5e3a3b\" data-element_type=\"container\" data-e-type=\"container\">\n\t\t<div class=\"elementor-element elementor-element-7528802f e-con-full e-flex e-con e-child\" data-id=\"7528802f\" data-element_type=\"container\" data-e-type=\"container\" data-settings=\"{&quot;background_background&quot;:&quot;classic&quot;}\">\n\t\t\t\t<div class=\"elementor-element elementor-element-3c4943dd elementor-position-inline-start elementor-view-default elementor-mobile-position-block-start elementor-widget elementor-widget-icon-box\" data-id=\"3c4943dd\" data-element_type=\"widget\" data-e-type=\"widget\" data-widget_type=\"icon-box.default\">\n\t\t\t\t<div class=\"elementor-widget-container\">\n\t\t\t\t\t\t\t<div class=\"elementor-icon-box-wrapper\">\n\n\t\t\t\t\t\t<div class=\"elementor-icon-box-icon\">\n\t\t\t\t<span  class=\"elementor-icon\">\n\t\t\t\t<svg aria-hidden=\"true\" class=\"e-font-icon-svg e-far-clock\" viewBox=\"0 0 512 512\" xmlns=\"http:\/\/www.w3.org\/2000\/svg\"><path d=\"M256 8C119 8 8 119 8 256s111 248 248 248 248-111 248-248S393 8 256 8zm0 448c-110.5 0-200-89.5-200-200S145.5 56 256 56s200 89.5 200 200-89.5 200-200 200zm61.8-104.4l-84.9-61.7c-3.1-2.3-4.9-5.9-4.9-9.7V116c0-6.6 5.4-12 12-12h32c6.6 0 12 5.4 12 12v141.7l66.8 48.6c5.4 3.9 6.5 11.4 2.6 16.8L334.6 349c-3.9 5.3-11.4 6.5-16.8 2.6z\"><\/path><\/svg>\t\t\t\t<\/span>\n\t\t\t<\/div>\n\t\t\t\n\t\t\t\t\t\t<div class=\"elementor-icon-box-content\">\n\n\t\t\t\t\t\t\t\t\t<span class=\"elementor-icon-box-title\">\n\t\t\t\t\t\t<span  >\n\t\t\t\t\t\t\tHeures de travail\t\t\t\t\t\t<\/span>\n\t\t\t\t\t<\/span>\n\t\t\t\t\n\t\t\t\t\t\t\t\t\t<p class=\"elementor-icon-box-description\">\n\t\t\t\t\t\tlun - ven:<br> \n8h30 - 16h<br> \n<br>\nsam - dim : ferm\u00e9 <br>\n<br>\n\nLes bureaux sont ferm\u00e9s tous les jours f\u00e9ri\u00e9s f\u00e9d\u00e9raux et l\u00e9gaux.\t\t\t\t\t<\/p>\n\t\t\t\t\n\t\t\t<\/div>\n\t\t\t\n\t\t<\/div>\n\t\t\t\t\t\t<\/div>\n\t\t\t\t<\/div>\n\t\t\t\t<\/div>\n\t\t\t\t<\/div>\n\t\t<div class=\"elementor-element elementor-element-5cfb07ff e-con-full e-flex e-con e-child\" data-id=\"5cfb07ff\" data-element_type=\"container\" data-e-type=\"container\">\n\t\t<div class=\"elementor-element elementor-element-17a28edd e-con-full e-flex e-con e-child\" data-id=\"17a28edd\" data-element_type=\"container\" data-e-type=\"container\" data-settings=\"{&quot;background_background&quot;:&quot;classic&quot;}\">\n\t\t\t\t<div class=\"elementor-element elementor-element-2041fc39 elementor-position-inline-start elementor-view-default elementor-mobile-position-block-start elementor-widget elementor-widget-icon-box\" data-id=\"2041fc39\" data-element_type=\"widget\" data-e-type=\"widget\" data-widget_type=\"icon-box.default\">\n\t\t\t\t<div class=\"elementor-widget-container\">\n\t\t\t\t\t\t\t<div class=\"elementor-icon-box-wrapper\">\n\n\t\t\t\t\t\t<div class=\"elementor-icon-box-icon\">\n\t\t\t\t<span  class=\"elementor-icon\">\n\t\t\t\t<svg aria-hidden=\"true\" class=\"e-font-icon-svg e-fas-map-marker-alt\" viewBox=\"0 0 384 512\" xmlns=\"http:\/\/www.w3.org\/2000\/svg\"><path d=\"M172.268 501.67C26.97 291.031 0 269.413 0 192 0 85.961 85.961 0 192 0s192 85.961 192 192c0 77.413-26.97 99.031-172.268 309.67-9.535 13.774-29.93 13.773-39.464 0zM192 272c44.183 0 80-35.817 80-80s-35.817-80-80-80-80 35.817-80 80 35.817 80 80 80z\"><\/path><\/svg>\t\t\t\t<\/span>\n\t\t\t<\/div>\n\t\t\t\n\t\t\t\t\t\t<div class=\"elementor-icon-box-content\">\n\n\t\t\t\t\t\t\t\t\t<span class=\"elementor-icon-box-title\">\n\t\t\t\t\t\t<span  >\n\t\t\t\t\t\t\tAdresse\t\t\t\t\t\t<\/span>\n\t\t\t\t\t<\/span>\n\t\t\t\t\n\t\t\t\t\t\t\t\t\t<p class=\"elementor-icon-box-description\">\n\t\t\t\t\t\t32 Chemin d'Aylmer,<br>\n\nBristol, QC<br> \n\nJ0X 1G0\t\t\t\t\t<\/p>\n\t\t\t\t\n\t\t\t<\/div>\n\t\t\t\n\t\t<\/div>\n\t\t\t\t\t\t<\/div>\n\t\t\t\t<\/div>\n\t\t\t\t<\/div>\n\t\t\t\t<\/div>\n\t\t<div class=\"elementor-element elementor-element-2cee6654 e-con-full e-flex e-con e-child\" data-id=\"2cee6654\" data-element_type=\"container\" data-e-type=\"container\">\n\t\t<div class=\"elementor-element elementor-element-e63b03b e-con-full e-flex e-con e-child\" data-id=\"e63b03b\" data-element_type=\"container\" data-e-type=\"container\" data-settings=\"{&quot;background_background&quot;:&quot;classic&quot;}\">\n\t\t\t\t<div class=\"elementor-element elementor-element-30d84cd3 elementor-position-inline-start elementor-view-default elementor-mobile-position-block-start elementor-widget elementor-widget-icon-box\" data-id=\"30d84cd3\" data-element_type=\"widget\" data-e-type=\"widget\" data-widget_type=\"icon-box.default\">\n\t\t\t\t<div class=\"elementor-widget-container\">\n\t\t\t\t\t\t\t<div class=\"elementor-icon-box-wrapper\">\n\n\t\t\t\t\t\t<div class=\"elementor-icon-box-icon\">\n\t\t\t\t<span  class=\"elementor-icon\">\n\t\t\t\t<svg aria-hidden=\"true\" class=\"e-font-icon-svg e-far-envelope-open\" viewBox=\"0 0 512 512\" xmlns=\"http:\/\/www.w3.org\/2000\/svg\"><path d=\"M494.586 164.516c-4.697-3.883-111.723-89.95-135.251-108.657C337.231 38.191 299.437 0 256 0c-43.205 0-80.636 37.717-103.335 55.859-24.463 19.45-131.07 105.195-135.15 108.549A48.004 48.004 0 0 0 0 201.485V464c0 26.51 21.49 48 48 48h416c26.51 0 48-21.49 48-48V201.509a48 48 0 0 0-17.414-36.993zM464 458a6 6 0 0 1-6 6H54a6 6 0 0 1-6-6V204.347c0-1.813.816-3.526 2.226-4.665 15.87-12.814 108.793-87.554 132.364-106.293C200.755 78.88 232.398 48 256 48c23.693 0 55.857 31.369 73.41 45.389 23.573 18.741 116.503 93.493 132.366 106.316a5.99 5.99 0 0 1 2.224 4.663V458zm-31.991-187.704c4.249 5.159 3.465 12.795-1.745 16.981-28.975 23.283-59.274 47.597-70.929 56.863C336.636 362.283 299.205 400 256 400c-43.452 0-81.287-38.237-103.335-55.86-11.279-8.967-41.744-33.413-70.927-56.865-5.21-4.187-5.993-11.822-1.745-16.981l15.258-18.528c4.178-5.073 11.657-5.843 16.779-1.726 28.618 23.001 58.566 47.035 70.56 56.571C200.143 320.631 232.307 352 256 352c23.602 0 55.246-30.88 73.41-45.389 11.994-9.535 41.944-33.57 70.563-56.568 5.122-4.116 12.601-3.346 16.778 1.727l15.258 18.526z\"><\/path><\/svg>\t\t\t\t<\/span>\n\t\t\t<\/div>\n\t\t\t\n\t\t\t\t\t\t<div class=\"elementor-icon-box-content\">\n\n\t\t\t\t\t\t\t\t\t<span class=\"elementor-icon-box-title\">\n\t\t\t\t\t\t<span  >\n\t\t\t\t\t\t\tContactez-nous\t\t\t\t\t\t<\/span>\n\t\t\t\t\t<\/span>\n\t\t\t\t\n\t\t\t\t\t\t\t\t\t<p class=\"elementor-icon-box-description\">\n\t\t\t\t\t\tRenseignements g\u00e9n\u00e9raux :<br>\nT\u00e9l\u00e9phone : (819) 647-5555\t\t\t\t\t<\/p>\n\t\t\t\t\n\t\t\t<\/div>\n\t\t\t\n\t\t<\/div>\n\t\t\t\t\t\t<\/div>\n\t\t\t\t<\/div>\n\t\t\t\t<\/div>\n\t\t\t\t<\/div>\n\t\t\t\t<\/div>\n\t\t<div class=\"elementor-element elementor-element-791af75b elementor-hidden-tablet elementor-hidden-mobile e-con-full e-flex e-con e-child\" data-id=\"791af75b\" data-element_type=\"container\" data-e-type=\"container\" data-settings=\"{&quot;background_background&quot;:&quot;classic&quot;}\">\n\t\t\t\t<\/div>\n\t\t<div class=\"elementor-element elementor-element-1947c400 e-con-full e-flex e-con e-child\" data-id=\"1947c400\" data-element_type=\"container\" data-e-type=\"container\" data-settings=\"{&quot;background_background&quot;:&quot;classic&quot;}\">\n\t\t<div class=\"elementor-element elementor-element-31e8cec0 e-con-full e-flex e-con e-child\" data-id=\"31e8cec0\" data-element_type=\"container\" data-e-type=\"container\">\n\t\t<div class=\"elementor-element elementor-element-78d274ba e-con-full e-flex e-con e-child\" data-id=\"78d274ba\" data-element_type=\"container\" data-e-type=\"container\" data-settings=\"{&quot;background_background&quot;:&quot;classic&quot;}\">\n\t\t\t\t<div class=\"elementor-element elementor-element-59501d3c dekoline elementor-widget elementor-widget-heading\" data-id=\"59501d3c\" data-element_type=\"widget\" data-e-type=\"widget\" data-widget_type=\"heading.default\">\n\t\t\t\t<div class=\"elementor-widget-container\">\n\t\t\t\t\t<h3 class=\"elementor-heading-title elementor-size-default\">Avez-vous une question ?<\/h3>\t\t\t\t<\/div>\n\t\t\t\t<\/div>\n\t\t\t\t<div class=\"elementor-element elementor-element-3d9fcf73 elementor-widget elementor-widget-text-editor\" data-id=\"3d9fcf73\" data-element_type=\"widget\" data-e-type=\"widget\" data-widget_type=\"text-editor.default\">\n\t\t\t\t<div class=\"elementor-widget-container\">\n\t\t\t\t\t\t\t\t\t<p>N&rsquo;h\u00e9sitez pas \u00e0 nous appeler ou \u00e0 nous envoyer un courriel si vous avez des questions, des commentaires ou des pr\u00e9occupations.\u00a0<\/p>\t\t\t\t\t\t\t\t<\/div>\n\t\t\t\t<\/div>\n\t\t\t\t<div class=\"elementor-element elementor-element-2bfbd65d elementor-button-align-stretch elementor-widget elementor-widget-form\" data-id=\"2bfbd65d\" data-element_type=\"widget\" data-e-type=\"widget\" data-settings=\"{&quot;step_next_label&quot;:&quot;Suivant&quot;,&quot;step_previous_label&quot;:&quot;Pr\\u00e9c\\u00e9dent&quot;,&quot;button_width&quot;:&quot;100&quot;,&quot;step_type&quot;:&quot;number_text&quot;,&quot;step_icon_shape&quot;:&quot;circle&quot;}\" data-widget_type=\"form.default\">\n\t\t\t\t<div class=\"elementor-widget-container\">\n\t\t\t\t\t\t\t<form class=\"elementor-form\" method=\"post\" name=\"Nouveau formulaire\" aria-label=\"Nouveau formulaire\">\n\t\t\t<input type=\"hidden\" name=\"post_id\" value=\"164\"\/>\n\t\t\t<input type=\"hidden\" name=\"form_id\" value=\"2bfbd65d\"\/>\n\t\t\t<input type=\"hidden\" name=\"referer_title\" value=\"Municipality of Bristol\" \/>\n\n\t\t\t\n\t\t\t<div class=\"elementor-form-fields-wrapper elementor-labels-\">\n\t\t\t\t\t\t\t\t<div class=\"elementor-field-type-text elementor-field-group elementor-column elementor-field-group-name elementor-col-100\">\n\t\t\t\t\t\t\t\t\t\t\t\t<label for=\"form-field-name\" class=\"elementor-field-label elementor-screen-only\">\n\t\t\t\t\t\t\t\tNom\t\t\t\t\t\t\t<\/label>\n\t\t\t\t\t\t\t\t\t\t\t\t\t\t<input size=\"1\" type=\"text\" name=\"form_fields[name]\" id=\"form-field-name\" class=\"elementor-field elementor-size-sm  elementor-field-textual\" placeholder=\"Nom\">\n\t\t\t\t\t\t\t\t\t\t\t<\/div>\n\t\t\t\t\t\t\t\t<div class=\"elementor-field-type-email elementor-field-group elementor-column elementor-field-group-email elementor-col-100 elementor-field-required\">\n\t\t\t\t\t\t\t\t\t\t\t\t<label for=\"form-field-email\" class=\"elementor-field-label elementor-screen-only\">\n\t\t\t\t\t\t\t\tCourriel\t\t\t\t\t\t\t<\/label>\n\t\t\t\t\t\t\t\t\t\t\t\t\t\t<input size=\"1\" type=\"email\" name=\"form_fields[email]\" id=\"form-field-email\" class=\"elementor-field elementor-size-sm  elementor-field-textual\" placeholder=\"Courriel\" required=\"required\">\n\t\t\t\t\t\t\t\t\t\t\t<\/div>\n\t\t\t\t\t\t\t\t<div class=\"elementor-field-type-textarea elementor-field-group elementor-column elementor-field-group-message elementor-col-100\">\n\t\t\t\t\t\t\t\t\t\t\t\t<label for=\"form-field-message\" class=\"elementor-field-label elementor-screen-only\">\n\t\t\t\t\t\t\t\tMessage\t\t\t\t\t\t\t<\/label>\n\t\t\t\t\t\t<textarea class=\"elementor-field-textual elementor-field  elementor-size-sm\" name=\"form_fields[message]\" id=\"form-field-message\" rows=\"4\" placeholder=\"Message\"><\/textarea>\t\t\t\t<\/div>\n\t\t\t\t\t\t\t\t<div class=\"elementor-field-type-recaptcha_v3 elementor-field-group elementor-column elementor-field-group-field_85a383f elementor-col-100 recaptcha_v3-bottomright\">\n\t\t\t\t\t<div class=\"elementor-field\" id=\"form-field-field_85a383f\"><div class=\"elementor-g-recaptcha\" data-sitekey=\"6LfQI9UrAAAAAPhPZERhhJ2ICWqB06Njzk7u5xkz\" data-type=\"v3\" data-action=\"Form\" data-badge=\"bottomright\" data-size=\"invisible\"><\/div><\/div>\t\t\t\t<\/div>\n\t\t\t\t\t\t\t\t<div class=\"elementor-field-group elementor-column elementor-field-type-submit elementor-col-100 e-form__buttons\">\n\t\t\t\t\t<button class=\"elementor-button elementor-size-sm\" type=\"submit\">\n\t\t\t\t\t\t<span class=\"elementor-button-content-wrapper\">\n\t\t\t\t\t\t\t\t\t\t\t\t\t\t\t\t\t\t\t\t\t\t<span class=\"elementor-button-text\">Envoyer<\/span>\n\t\t\t\t\t\t\t\t\t\t\t\t\t<\/span>\n\t\t\t\t\t<\/button>\n\t\t\t\t<\/div>\n\t\t\t<\/div>\n\t\t<\/form>\n\t\t\t\t\t\t<\/div>\n\t\t\t\t<\/div>\n\t\t\t\t<\/div>\n\t\t\t\t<\/div>\n\t\t\t\t<\/div>\n\t\t\t\t\t<\/div>\n\t\t\t\t<\/div>\n\t\t<div class=\"elementor-element elementor-element-67058cca e-con-full e-flex e-con e-parent\" data-id=\"67058cca\" data-element_type=\"container\" data-e-type=\"container\">\n\t\t<div class=\"elementor-element elementor-element-2385113c e-con-full e-flex e-con e-child\" data-id=\"2385113c\" data-element_type=\"container\" data-e-type=\"container\">\n\t\t\t\t<div class=\"elementor-element elementor-element-1de9118b elementor-widget elementor-widget-google_maps\" data-id=\"1de9118b\" data-element_type=\"widget\" data-e-type=\"widget\" data-widget_type=\"google_maps.default\">\n\t\t\t\t<div class=\"elementor-widget-container\">\n\t\t\t\t\t\t\t<div class=\"elementor-custom-embed\">\n\t\t\t<iframe loading=\"lazy\"\n\t\t\t\t\tsrc=\"https:\/\/www.google.com\/maps\/embed\/v1\/place?key=AIzaSyCcXNUcbO4ArK88Kq6bFrSXPBTjlugiS48&#038;q=32%20Aylmer%20Road%2C%20Bristol%2C%20QC%2C%20Canada%20QC%2C%20Canada%2C%20J0X%201H0&#038;zoom=15\"\n\t\t\t\t\ttitle=\"32 Aylmer Road, Bristol, QC, Canada QC, Canada, J0X 1H0\"\n\t\t\t\t\taria-label=\"32 Aylmer Road, Bristol, QC, Canada QC, Canada, J0X 1H0\"\n\t\t\t><\/iframe>\n\t\t<\/div>\n\t\t\t\t\t\t<\/div>\n\t\t\t\t<\/div>\n\t\t\t\t<\/div>\n\t\t\t\t<\/div>\n\t\t\t\t<\/div>\n\t\t","protected":false},"excerpt":{"rendered":"<p>Heures de travail lun &#8211; ven: 8h30 &#8211; 16h sam &#8211; dim : ferm\u00e9 Les bureaux sont ferm\u00e9s tous les jours f\u00e9ri\u00e9s f\u00e9d\u00e9raux et l\u00e9gaux. Adresse 32 Chemin d&rsquo;Aylmer, Bristol, QC J0X 1G0 Contactez-nous Renseignements g\u00e9n\u00e9raux : T\u00e9l\u00e9phone : (819) 647-5555 Avez-vous une question ? N&rsquo;h\u00e9sitez pas \u00e0 nous appeler ou \u00e0 nous envoyer un [&hellip;]<\/p>\n","protected":false},"author":1,"featured_media":10821,"parent":0,"menu_order":0,"comment_status":"closed","ping_status":"closed","template":"","meta":{"_acf_changed":false,"footnotes":""},"class_list":["post-164","page","type-page","status-publish","has-post-thumbnail","hentry"],"acf":[],"yoast_head":"<!-- This site is optimized with the Yoast SEO plugin v27.3 - https:\/\/yoast.com\/product\/yoast-seo-wordpress\/ -->\n<title>Contactez nous - Municipality of Bristol<\/title>\n<meta name=\"robots\" content=\"index, follow, max-snippet:-1, max-image-preview:large, max-video-preview:-1\" \/>\n<link rel=\"canonical\" href=\"https:\/\/bristolmunicipality.ca\/fr\/contactez\/\" \/>\n<meta property=\"og:locale\" content=\"fr_FR\" \/>\n<meta property=\"og:type\" content=\"article\" \/>\n<meta property=\"og:title\" content=\"Contactez nous - Municipality of Bristol\" \/>\n<meta property=\"og:description\" content=\"Heures de travail lun &#8211; ven: 8h30 &#8211; 16h sam &#8211; dim : ferm\u00e9 Les bureaux sont ferm\u00e9s tous les jours f\u00e9ri\u00e9s f\u00e9d\u00e9raux et l\u00e9gaux. Adresse 32 Chemin d&rsquo;Aylmer, Bristol, QC J0X 1G0 Contactez-nous Renseignements g\u00e9n\u00e9raux : T\u00e9l\u00e9phone : (819) 647-5555 Avez-vous une question ? N&rsquo;h\u00e9sitez pas \u00e0 nous appeler ou \u00e0 nous envoyer un [&hellip;]\" \/>\n<meta property=\"og:url\" content=\"https:\/\/bristolmunicipality.ca\/fr\/contactez\/\" \/>\n<meta property=\"og:site_name\" content=\"Municipality of Bristol\" \/>\n<meta property=\"article:modified_time\" content=\"2025-10-22T19:24:13+00:00\" \/>\n<meta property=\"og:image\" content=\"https:\/\/bristolmunicipality.ca\/wp-content\/uploads\/2025\/09\/sunset-cover.webp\" \/>\n\t<meta property=\"og:image:width\" content=\"1080\" \/>\n\t<meta property=\"og:image:height\" content=\"400\" \/>\n\t<meta property=\"og:image:type\" content=\"image\/webp\" \/>\n<meta name=\"twitter:card\" content=\"summary_large_image\" \/>\n<meta name=\"twitter:label1\" content=\"Dur\u00e9e de lecture estim\u00e9e\" \/>\n\t<meta name=\"twitter:data1\" content=\"1 minute\" \/>\n<script type=\"application\/ld+json\" class=\"yoast-schema-graph\">{\"@context\":\"https:\\\/\\\/schema.org\",\"@graph\":[{\"@type\":\"WebPage\",\"@id\":\"https:\\\/\\\/bristolmunicipality.ca\\\/fr\\\/contactez\\\/\",\"url\":\"https:\\\/\\\/bristolmunicipality.ca\\\/fr\\\/contactez\\\/\",\"name\":\"Contactez nous - Municipality of Bristol\",\"isPartOf\":{\"@id\":\"https:\\\/\\\/bristolmunicipality.ca\\\/fr\\\/#website\"},\"primaryImageOfPage\":{\"@id\":\"https:\\\/\\\/bristolmunicipality.ca\\\/fr\\\/contactez\\\/#primaryimage\"},\"image\":{\"@id\":\"https:\\\/\\\/bristolmunicipality.ca\\\/fr\\\/contactez\\\/#primaryimage\"},\"thumbnailUrl\":\"https:\\\/\\\/bristolmunicipality.ca\\\/wp-content\\\/uploads\\\/2025\\\/09\\\/sunset-cover.webp\",\"datePublished\":\"2024-08-25T08:59:10+00:00\",\"dateModified\":\"2025-10-22T19:24:13+00:00\",\"breadcrumb\":{\"@id\":\"https:\\\/\\\/bristolmunicipality.ca\\\/fr\\\/contactez\\\/#breadcrumb\"},\"inLanguage\":\"fr-FR\",\"potentialAction\":[{\"@type\":\"ReadAction\",\"target\":[\"https:\\\/\\\/bristolmunicipality.ca\\\/fr\\\/contactez\\\/\"]}]},{\"@type\":\"ImageObject\",\"inLanguage\":\"fr-FR\",\"@id\":\"https:\\\/\\\/bristolmunicipality.ca\\\/fr\\\/contactez\\\/#primaryimage\",\"url\":\"https:\\\/\\\/bristolmunicipality.ca\\\/wp-content\\\/uploads\\\/2025\\\/09\\\/sunset-cover.webp\",\"contentUrl\":\"https:\\\/\\\/bristolmunicipality.ca\\\/wp-content\\\/uploads\\\/2025\\\/09\\\/sunset-cover.webp\",\"width\":1080,\"height\":400,\"caption\":\"Sunset at Norway Bay\"},{\"@type\":\"BreadcrumbList\",\"@id\":\"https:\\\/\\\/bristolmunicipality.ca\\\/fr\\\/contactez\\\/#breadcrumb\",\"itemListElement\":[{\"@type\":\"ListItem\",\"position\":1,\"name\":\"Home\",\"item\":\"https:\\\/\\\/bristolmunicipality.ca\\\/fr\\\/\"},{\"@type\":\"ListItem\",\"position\":2,\"name\":\"Contactez nous\"}]},{\"@type\":\"WebSite\",\"@id\":\"https:\\\/\\\/bristolmunicipality.ca\\\/fr\\\/#website\",\"url\":\"https:\\\/\\\/bristolmunicipality.ca\\\/fr\\\/\",\"name\":\"Municipality of Bristol\",\"description\":\"Naturally Connected\",\"publisher\":{\"@id\":\"https:\\\/\\\/bristolmunicipality.ca\\\/fr\\\/#organization\"},\"potentialAction\":[{\"@type\":\"SearchAction\",\"target\":{\"@type\":\"EntryPoint\",\"urlTemplate\":\"https:\\\/\\\/bristolmunicipality.ca\\\/fr\\\/?s={search_term_string}\"},\"query-input\":{\"@type\":\"PropertyValueSpecification\",\"valueRequired\":true,\"valueName\":\"search_term_string\"}}],\"inLanguage\":\"fr-FR\"},{\"@type\":\"Organization\",\"@id\":\"https:\\\/\\\/bristolmunicipality.ca\\\/fr\\\/#organization\",\"name\":\"Municipality of Bristol\",\"url\":\"https:\\\/\\\/bristolmunicipality.ca\\\/fr\\\/\",\"logo\":{\"@type\":\"ImageObject\",\"inLanguage\":\"fr-FR\",\"@id\":\"https:\\\/\\\/bristolmunicipality.ca\\\/fr\\\/#\\\/schema\\\/logo\\\/image\\\/\",\"url\":\"https:\\\/\\\/bristolmunicipality.ca\\\/wp-content\\\/uploads\\\/2024\\\/08\\\/bristol-oval-logo.webp\",\"contentUrl\":\"https:\\\/\\\/bristolmunicipality.ca\\\/wp-content\\\/uploads\\\/2024\\\/08\\\/bristol-oval-logo.webp\",\"width\":1024,\"height\":541,\"caption\":\"Municipality of Bristol\"},\"image\":{\"@id\":\"https:\\\/\\\/bristolmunicipality.ca\\\/fr\\\/#\\\/schema\\\/logo\\\/image\\\/\"}}]}<\/script>\n<!-- \/ Yoast SEO plugin. -->","yoast_head_json":{"title":"Contactez nous - Municipality of Bristol","robots":{"index":"index","follow":"follow","max-snippet":"max-snippet:-1","max-image-preview":"max-image-preview:large","max-video-preview":"max-video-preview:-1"},"canonical":"https:\/\/bristolmunicipality.ca\/fr\/contactez\/","og_locale":"fr_FR","og_type":"article","og_title":"Contactez nous - Municipality of Bristol","og_description":"Heures de travail lun &#8211; ven: 8h30 &#8211; 16h sam &#8211; dim : ferm\u00e9 Les bureaux sont ferm\u00e9s tous les jours f\u00e9ri\u00e9s f\u00e9d\u00e9raux et l\u00e9gaux. Adresse 32 Chemin d&rsquo;Aylmer, Bristol, QC J0X 1G0 Contactez-nous Renseignements g\u00e9n\u00e9raux : T\u00e9l\u00e9phone : (819) 647-5555 Avez-vous une question ? N&rsquo;h\u00e9sitez pas \u00e0 nous appeler ou \u00e0 nous envoyer un [&hellip;]","og_url":"https:\/\/bristolmunicipality.ca\/fr\/contactez\/","og_site_name":"Municipality of Bristol","article_modified_time":"2025-10-22T19:24:13+00:00","og_image":[{"width":1080,"height":400,"url":"https:\/\/bristolmunicipality.ca\/wp-content\/uploads\/2025\/09\/sunset-cover.webp","type":"image\/webp"}],"twitter_card":"summary_large_image","twitter_misc":{"Dur\u00e9e de lecture estim\u00e9e":"1 minute"},"schema":{"@context":"https:\/\/schema.org","@graph":[{"@type":"WebPage","@id":"https:\/\/bristolmunicipality.ca\/fr\/contactez\/","url":"https:\/\/bristolmunicipality.ca\/fr\/contactez\/","name":"Contactez nous - Municipality of Bristol","isPartOf":{"@id":"https:\/\/bristolmunicipality.ca\/fr\/#website"},"primaryImageOfPage":{"@id":"https:\/\/bristolmunicipality.ca\/fr\/contactez\/#primaryimage"},"image":{"@id":"https:\/\/bristolmunicipality.ca\/fr\/contactez\/#primaryimage"},"thumbnailUrl":"https:\/\/bristolmunicipality.ca\/wp-content\/uploads\/2025\/09\/sunset-cover.webp","datePublished":"2024-08-25T08:59:10+00:00","dateModified":"2025-10-22T19:24:13+00:00","breadcrumb":{"@id":"https:\/\/bristolmunicipality.ca\/fr\/contactez\/#breadcrumb"},"inLanguage":"fr-FR","potentialAction":[{"@type":"ReadAction","target":["https:\/\/bristolmunicipality.ca\/fr\/contactez\/"]}]},{"@type":"ImageObject","inLanguage":"fr-FR","@id":"https:\/\/bristolmunicipality.ca\/fr\/contactez\/#primaryimage","url":"https:\/\/bristolmunicipality.ca\/wp-content\/uploads\/2025\/09\/sunset-cover.webp","contentUrl":"https:\/\/bristolmunicipality.ca\/wp-content\/uploads\/2025\/09\/sunset-cover.webp","width":1080,"height":400,"caption":"Sunset at Norway Bay"},{"@type":"BreadcrumbList","@id":"https:\/\/bristolmunicipality.ca\/fr\/contactez\/#breadcrumb","itemListElement":[{"@type":"ListItem","position":1,"name":"Home","item":"https:\/\/bristolmunicipality.ca\/fr\/"},{"@type":"ListItem","position":2,"name":"Contactez nous"}]},{"@type":"WebSite","@id":"https:\/\/bristolmunicipality.ca\/fr\/#website","url":"https:\/\/bristolmunicipality.ca\/fr\/","name":"Municipality of Bristol","description":"Naturally Connected","publisher":{"@id":"https:\/\/bristolmunicipality.ca\/fr\/#organization"},"potentialAction":[{"@type":"SearchAction","target":{"@type":"EntryPoint","urlTemplate":"https:\/\/bristolmunicipality.ca\/fr\/?s={search_term_string}"},"query-input":{"@type":"PropertyValueSpecification","valueRequired":true,"valueName":"search_term_string"}}],"inLanguage":"fr-FR"},{"@type":"Organization","@id":"https:\/\/bristolmunicipality.ca\/fr\/#organization","name":"Municipality of Bristol","url":"https:\/\/bristolmunicipality.ca\/fr\/","logo":{"@type":"ImageObject","inLanguage":"fr-FR","@id":"https:\/\/bristolmunicipality.ca\/fr\/#\/schema\/logo\/image\/","url":"https:\/\/bristolmunicipality.ca\/wp-content\/uploads\/2024\/08\/bristol-oval-logo.webp","contentUrl":"https:\/\/bristolmunicipality.ca\/wp-content\/uploads\/2024\/08\/bristol-oval-logo.webp","width":1024,"height":541,"caption":"Municipality of Bristol"},"image":{"@id":"https:\/\/bristolmunicipality.ca\/fr\/#\/schema\/logo\/image\/"}}]}},"_links":{"self":[{"href":"https:\/\/bristolmunicipality.ca\/fr\/wp-json\/wp\/v2\/pages\/164","targetHints":{"allow":["GET"]}}],"collection":[{"href":"https:\/\/bristolmunicipality.ca\/fr\/wp-json\/wp\/v2\/pages"}],"about":[{"href":"https:\/\/bristolmunicipality.ca\/fr\/wp-json\/wp\/v2\/types\/page"}],"author":[{"embeddable":true,"href":"https:\/\/bristolmunicipality.ca\/fr\/wp-json\/wp\/v2\/users\/1"}],"replies":[{"embeddable":true,"href":"https:\/\/bristolmunicipality.ca\/fr\/wp-json\/wp\/v2\/comments?post=164"}],"version-history":[{"count":32,"href":"https:\/\/bristolmunicipality.ca\/fr\/wp-json\/wp\/v2\/pages\/164\/revisions"}],"predecessor-version":[{"id":11732,"href":"https:\/\/bristolmunicipality.ca\/fr\/wp-json\/wp\/v2\/pages\/164\/revisions\/11732"}],"wp:featuredmedia":[{"embeddable":true,"href":"https:\/\/bristolmunicipality.ca\/fr\/wp-json\/wp\/v2\/media\/10821"}],"wp:attachment":[{"href":"https:\/\/bristolmunicipality.ca\/fr\/wp-json\/wp\/v2\/media?parent=164"}],"curies":[{"name":"wp","href":"https:\/\/api.w.org\/{rel}","templated":true}]}}