{"id":159,"date":"2024-08-25T08:57:47","date_gmt":"2024-08-25T08:57:47","guid":{"rendered":"https:\/\/bristol.ottawavalleymedia.ca\/?page_id=159"},"modified":"2025-08-25T11:47:05","modified_gmt":"2025-08-25T15:47:05","slug":"evenements","status":"publish","type":"page","link":"https:\/\/bristolmunicipality.ca\/fr\/evenements\/","title":{"rendered":"\u00c9v\u00e9nements"},"content":{"rendered":"\t\t<div data-elementor-type=\"wp-page\" data-elementor-id=\"159\" class=\"elementor elementor-159\" data-elementor-post-type=\"page\">\n\t\t\t\t<div class=\"elementor-element elementor-element-083ccba e-flex e-con-boxed e-con e-parent\" data-id=\"083ccba\" data-element_type=\"container\" data-e-type=\"container\">\n\t\t\t\t\t<div class=\"e-con-inner\">\n\t\t<div class=\"elementor-element elementor-element-2362d71 e-con-full e-flex e-con e-child\" data-id=\"2362d71\" data-element_type=\"container\" data-e-type=\"container\">\n\t\t\t\t<div class=\"elementor-element elementor-element-1f8fbca elementor-widget elementor-widget-heading\" data-id=\"1f8fbca\" data-element_type=\"widget\" data-e-type=\"widget\" data-widget_type=\"heading.default\">\n\t\t\t\t<div class=\"elementor-widget-container\">\n\t\t\t\t\t<h2 class=\"elementor-heading-title elementor-size-default\">\u00c9v\u00e9nements communautaires<\/h2>\t\t\t\t<\/div>\n\t\t\t\t<\/div>\n\t\t\t\t<div class=\"elementor-element elementor-element-bd907ff elementor-widget elementor-widget-shortcode\" data-id=\"bd907ff\" data-element_type=\"widget\" data-e-type=\"widget\" data-widget_type=\"shortcode.default\">\n\t\t\t\t<div class=\"elementor-widget-container\">\n\t\t\t\t\t\t\t<div class=\"elementor-shortcode\"><div class=\"gen-events-page\">\n<div class=\"em em-view-container\" id=\"em-view-1792692888\" data-view=\"list-grouped\">\r\n\t<div class=\"em pixelbones em-list em-events-list em-events-list-grouped\" id=\"em-events-list-grouped-1792692888\">\r\n\tNo Events\t<\/div>\r\n<\/div>\n<\/div><\/div>\n\t\t\t\t\t\t<\/div>\n\t\t\t\t<\/div>\n\t\t<div class=\"elementor-element elementor-element-bdbe64b e-con-full e-flex e-con e-child\" data-id=\"bdbe64b\" data-element_type=\"container\" data-e-type=\"container\">\n\t\t\t\t<div class=\"elementor-element elementor-element-7cb173d elementor-mobile-align-justify elementor-widget elementor-widget-button\" data-id=\"7cb173d\" data-element_type=\"widget\" data-e-type=\"widget\" data-widget_type=\"button.default\">\n\t\t\t\t<div class=\"elementor-widget-container\">\n\t\t\t\t\t\t\t\t\t<div class=\"elementor-button-wrapper\">\n\t\t\t\t\t<a class=\"elementor-button elementor-button-link elementor-size-sm\" href=\"https:\/\/bristolmunicipality.ca\/en\/events-calendar\/\">\n\t\t\t\t\t\t<span class=\"elementor-button-content-wrapper\">\n\t\t\t\t\t\t\t\t\t<span class=\"elementor-button-text\">Calendrier<\/span>\n\t\t\t\t\t<\/span>\n\t\t\t\t\t<\/a>\n\t\t\t\t<\/div>\n\t\t\t\t\t\t\t\t<\/div>\n\t\t\t\t<\/div>\n\t\t\t\t<div class=\"elementor-element elementor-element-32c401b elementor-widget elementor-widget-button\" data-id=\"32c401b\" data-element_type=\"widget\" data-e-type=\"widget\" data-widget_type=\"button.default\">\n\t\t\t\t<div class=\"elementor-widget-container\">\n\t\t\t\t\t\t\t\t\t<div class=\"elementor-button-wrapper\">\n\t\t\t\t\t<a class=\"elementor-button elementor-button-link elementor-size-sm\" href=\"https:\/\/bristolmunicipality.ca\/soumettez-votre-evenement\/\">\n\t\t\t\t\t\t<span class=\"elementor-button-content-wrapper\">\n\t\t\t\t\t\t\t\t\t<span class=\"elementor-button-text\">Soumettez votre \u00e9v\u00e9nement<\/span>\n\t\t\t\t\t<\/span>\n\t\t\t\t\t<\/a>\n\t\t\t\t<\/div>\n\t\t\t\t\t\t\t\t<\/div>\n\t\t\t\t<\/div>\n\t\t\t\t<\/div>\n\t\t\t\t<div class=\"elementor-element elementor-element-1b51378 elementor-widget elementor-widget-heading\" data-id=\"1b51378\" data-element_type=\"widget\" data-e-type=\"widget\" data-widget_type=\"heading.default\">\n\t\t\t\t<div class=\"elementor-widget-container\">\n\t\t\t\t\t<h2 class=\"elementor-heading-title elementor-size-default\">Collecte des d\u00e9chets et du recyclage<\/h2>\t\t\t\t<\/div>\n\t\t\t\t<\/div>\n\t\t\t\t<div class=\"elementor-element elementor-element-f0c5442 elementor-widget elementor-widget-shortcode\" data-id=\"f0c5442\" data-element_type=\"widget\" data-e-type=\"widget\" data-widget_type=\"shortcode.default\">\n\t\t\t\t<div class=\"elementor-widget-container\">\n\t\t\t\t\t\t\t<div class=\"elementor-shortcode\"><div class=\"gen-events-page\">\n<div class=\"em em-view-container\" id=\"em-view-863638884\" data-view=\"list-grouped\">\r\n\t<div class=\"em pixelbones em-list em-events-list em-events-list-grouped\" id=\"em-events-list-grouped-863638884\">\r\n\tNo Events\t<\/div>\r\n<\/div>\n<\/div><\/div>\n\t\t\t\t\t\t<\/div>\n\t\t\t\t<\/div>\n\t\t\t\t<div class=\"elementor-element elementor-element-c8cd4f5 elementor-mobile-align-justify elementor-widget elementor-widget-button\" data-id=\"c8cd4f5\" data-element_type=\"widget\" data-e-type=\"widget\" data-widget_type=\"button.default\">\n\t\t\t\t<div class=\"elementor-widget-container\">\n\t\t\t\t\t\t\t\t\t<div class=\"elementor-button-wrapper\">\n\t\t\t\t\t<a class=\"elementor-button elementor-button-link elementor-size-sm\" href=\"https:\/\/bristolmunicipality.ca\/en\/residents\/recycling-and-waste\/\">\n\t\t\t\t\t\t<span class=\"elementor-button-content-wrapper\">\n\t\t\t\t\t\t\t\t\t<span class=\"elementor-button-text\">INFO<\/span>\n\t\t\t\t\t<\/span>\n\t\t\t\t\t<\/a>\n\t\t\t\t<\/div>\n\t\t\t\t\t\t\t\t<\/div>\n\t\t\t\t<\/div>\n\t\t\t\t<\/div>\n\t\t<div class=\"elementor-element elementor-element-2e61449 e-con-full e-flex e-con e-child\" data-id=\"2e61449\" data-element_type=\"container\" data-e-type=\"container\">\n\t\t\t\t<div class=\"elementor-element elementor-element-31d7f67 elementor-widget elementor-widget-heading\" data-id=\"31d7f67\" data-element_type=\"widget\" data-e-type=\"widget\" data-widget_type=\"heading.default\">\n\t\t\t\t<div class=\"elementor-widget-container\">\n\t\t\t\t\t<h2 class=\"elementor-heading-title elementor-size-default\">R\u00e9unions du Conseil <\/h2>\t\t\t\t<\/div>\n\t\t\t\t<\/div>\n\t\t\t\t<div class=\"elementor-element elementor-element-f853969 elementor-widget elementor-widget-shortcode\" data-id=\"f853969\" data-element_type=\"widget\" data-e-type=\"widget\" data-widget_type=\"shortcode.default\">\n\t\t\t\t<div class=\"elementor-widget-container\">\n\t\t\t\t\t\t\t<div class=\"elementor-shortcode\"><div class=\"gen-events-page\">\n<div class=\"em em-view-container\" id=\"em-view-2018140998\" data-view=\"list-grouped\">\r\n\t<div class=\"em pixelbones em-list em-events-list em-events-list-grouped\" id=\"em-events-list-grouped-2018140998\">\r\n\t\n\n<a href=\"https:\/\/bristolmunicipality.ca\/fr\/events\/reunion-du-conseil-4\/\" class=\"gen-meeting-grid-item\">\n  <div class=\"gen-event-content\">\n    <div class=\"gen-event-image\">\n      \n      <img decoding=\"async\" width=\"75\" height=\"75\" src=\"https:\/\/bristolmunicipality.ca\/wp-content\/uploads\/2024\/08\/bristol-quebec-square-150x150.webp\" class=\"attachment-75x75 size-75x75\" alt=\"Bristol Quebec\" srcset=\"https:\/\/bristolmunicipality.ca\/wp-content\/uploads\/2024\/08\/bristol-quebec-square-150x150.webp 150w, https:\/\/bristolmunicipality.ca\/wp-content\/uploads\/2024\/08\/bristol-quebec-square-300x300.webp 300w, https:\/\/bristolmunicipality.ca\/wp-content\/uploads\/2024\/08\/bristol-quebec-square.webp 400w\" sizes=\"(max-width: 75px) 100vw, 75px\" \/>\n    <\/div>\n    <div class=\"gen-event-text\">\n      <div class=\"gen-even-date\">mai 4, 2026<\/div>\n      <div class=\"gen-events-title\">R\u00e9union du conseil<\/div>\n    <\/div>\n  <\/div>\n<\/a>\n\n\n\n<a href=\"https:\/\/bristolmunicipality.ca\/fr\/events\/reunion-du-conseil-5\/\" class=\"gen-meeting-grid-item\">\n  <div class=\"gen-event-content\">\n    <div class=\"gen-event-image\">\n      \n      <img decoding=\"async\" width=\"75\" height=\"75\" src=\"https:\/\/bristolmunicipality.ca\/wp-content\/uploads\/2024\/08\/bristol-quebec-square-150x150.webp\" class=\"attachment-75x75 size-75x75\" alt=\"Bristol Quebec\" srcset=\"https:\/\/bristolmunicipality.ca\/wp-content\/uploads\/2024\/08\/bristol-quebec-square-150x150.webp 150w, https:\/\/bristolmunicipality.ca\/wp-content\/uploads\/2024\/08\/bristol-quebec-square-300x300.webp 300w, https:\/\/bristolmunicipality.ca\/wp-content\/uploads\/2024\/08\/bristol-quebec-square.webp 400w\" sizes=\"(max-width: 75px) 100vw, 75px\" \/>\n    <\/div>\n    <div class=\"gen-event-text\">\n      <div class=\"gen-even-date\">juin 1, 2026<\/div>\n      <div class=\"gen-events-title\">R\u00e9union du conseil<\/div>\n    <\/div>\n  <\/div>\n<\/a>\n\n\n\n<a href=\"https:\/\/bristolmunicipality.ca\/fr\/events\/council-meeting-2026-02-02-2026-03-02-2026-04-06-2026-05-04-2026-06-01-2026-07-06\/\" class=\"gen-meeting-grid-item\">\n  <div class=\"gen-event-content\">\n    <div class=\"gen-event-image\">\n      \n      <img decoding=\"async\" width=\"75\" height=\"75\" src=\"https:\/\/bristolmunicipality.ca\/wp-content\/uploads\/2024\/08\/bristol-quebec-square-150x150.webp\" class=\"attachment-75x75 size-75x75\" alt=\"Bristol Quebec\" srcset=\"https:\/\/bristolmunicipality.ca\/wp-content\/uploads\/2024\/08\/bristol-quebec-square-150x150.webp 150w, https:\/\/bristolmunicipality.ca\/wp-content\/uploads\/2024\/08\/bristol-quebec-square-300x300.webp 300w, https:\/\/bristolmunicipality.ca\/wp-content\/uploads\/2024\/08\/bristol-quebec-square.webp 400w\" sizes=\"(max-width: 75px) 100vw, 75px\" \/>\n    <\/div>\n    <div class=\"gen-event-text\">\n      <div class=\"gen-even-date\">juillet 8, 2026<\/div>\n      <div class=\"gen-events-title\">R\u00e9union du conseil<\/div>\n    <\/div>\n  <\/div>\n<\/a>\n\n\n\n<a href=\"https:\/\/bristolmunicipality.ca\/fr\/events\/council-meeting-2026-02-02-2026-03-02-2026-04-06-2026-05-04-2026-06-01-2026-07-06-2026-08-03-2026-09-07\/\" class=\"gen-meeting-grid-item\">\n  <div class=\"gen-event-content\">\n    <div class=\"gen-event-image\">\n      \n      <img decoding=\"async\" width=\"75\" height=\"75\" src=\"https:\/\/bristolmunicipality.ca\/wp-content\/uploads\/2024\/08\/bristol-quebec-square-150x150.webp\" class=\"attachment-75x75 size-75x75\" alt=\"Bristol Quebec\" srcset=\"https:\/\/bristolmunicipality.ca\/wp-content\/uploads\/2024\/08\/bristol-quebec-square-150x150.webp 150w, https:\/\/bristolmunicipality.ca\/wp-content\/uploads\/2024\/08\/bristol-quebec-square-300x300.webp 300w, https:\/\/bristolmunicipality.ca\/wp-content\/uploads\/2024\/08\/bristol-quebec-square.webp 400w\" sizes=\"(max-width: 75px) 100vw, 75px\" \/>\n    <\/div>\n    <div class=\"gen-event-text\">\n      <div class=\"gen-even-date\">septembre 8, 2026<\/div>\n      <div class=\"gen-events-title\">R\u00e9union du conseil<\/div>\n    <\/div>\n  <\/div>\n<\/a>\n\n\t<\/div>\r\n<\/div>\n<\/div><\/div>\n\t\t\t\t\t\t<\/div>\n\t\t\t\t<\/div>\n\t\t\t\t<div class=\"elementor-element elementor-element-079a55a elementor-mobile-align-justify elementor-widget elementor-widget-button\" data-id=\"079a55a\" data-element_type=\"widget\" data-e-type=\"widget\" data-widget_type=\"button.default\">\n\t\t\t\t<div class=\"elementor-widget-container\">\n\t\t\t\t\t\t\t\t\t<div class=\"elementor-button-wrapper\">\n\t\t\t\t\t<a class=\"elementor-button elementor-button-link elementor-size-sm\" href=\"https:\/\/bristolmunicipality.ca\/fr\/municipalite\/reunions-du-conseil\/\">\n\t\t\t\t\t\t<span class=\"elementor-button-content-wrapper\">\n\t\t\t\t\t\t\t\t\t<span class=\"elementor-button-text\">Toutes les r\u00e9unions du Conseil<\/span>\n\t\t\t\t\t<\/span>\n\t\t\t\t\t<\/a>\n\t\t\t\t<\/div>\n\t\t\t\t\t\t\t\t<\/div>\n\t\t\t\t<\/div>\n\t\t\t\t<\/div>\n\t\t\t\t\t<\/div>\n\t\t\t\t<\/div>\n\t\t\t\t<\/div>\n\t\t","protected":false},"excerpt":{"rendered":"<p>\u00c9v\u00e9nements communautaires Calendrier Soumettez votre \u00e9v\u00e9nement Collecte des d\u00e9chets et du recyclage INFO R\u00e9unions du Conseil Toutes les r\u00e9unions du Conseil<\/p>\n","protected":false},"author":1,"featured_media":8397,"parent":0,"menu_order":0,"comment_status":"closed","ping_status":"closed","template":"","meta":{"_acf_changed":false,"footnotes":""},"class_list":["post-159","page","type-page","status-publish","has-post-thumbnail","hentry"],"acf":[],"yoast_head":"<!-- This site is optimized with the Yoast SEO plugin v27.3 - https:\/\/yoast.com\/product\/yoast-seo-wordpress\/ -->\n<title>\u00c9v\u00e9nements - Municipality of Bristol<\/title>\n<meta name=\"robots\" content=\"index, follow, max-snippet:-1, max-image-preview:large, max-video-preview:-1\" \/>\n<link rel=\"canonical\" href=\"https:\/\/bristolmunicipality.ca\/fr\/evenements\/\" \/>\n<meta property=\"og:locale\" content=\"fr_FR\" \/>\n<meta property=\"og:type\" content=\"article\" \/>\n<meta property=\"og:title\" content=\"\u00c9v\u00e9nements - Municipality of Bristol\" \/>\n<meta property=\"og:description\" content=\"\u00c9v\u00e9nements communautaires Calendrier Soumettez votre \u00e9v\u00e9nement Collecte des d\u00e9chets et du recyclage INFO R\u00e9unions du Conseil Toutes les r\u00e9unions du Conseil\" \/>\n<meta property=\"og:url\" content=\"https:\/\/bristolmunicipality.ca\/fr\/evenements\/\" \/>\n<meta property=\"og:site_name\" content=\"Municipality of Bristol\" \/>\n<meta property=\"article:modified_time\" content=\"2025-08-25T15:47:05+00:00\" \/>\n<meta property=\"og:image\" content=\"https:\/\/bristolmunicipality.ca\/wp-content\/uploads\/2025\/07\/Bristol-pop-up-tents-scaled.webp\" \/>\n\t<meta property=\"og:image:width\" content=\"2560\" \/>\n\t<meta property=\"og:image:height\" content=\"1519\" \/>\n\t<meta property=\"og:image:type\" content=\"image\/webp\" \/>\n<meta name=\"twitter:card\" content=\"summary_large_image\" \/>\n<script type=\"application\/ld+json\" class=\"yoast-schema-graph\">{\"@context\":\"https:\\\/\\\/schema.org\",\"@graph\":[{\"@type\":\"WebPage\",\"@id\":\"https:\\\/\\\/bristolmunicipality.ca\\\/fr\\\/evenements\\\/\",\"url\":\"https:\\\/\\\/bristolmunicipality.ca\\\/fr\\\/evenements\\\/\",\"name\":\"\u00c9v\u00e9nements - Municipality of Bristol\",\"isPartOf\":{\"@id\":\"https:\\\/\\\/bristolmunicipality.ca\\\/fr\\\/#website\"},\"primaryImageOfPage\":{\"@id\":\"https:\\\/\\\/bristolmunicipality.ca\\\/fr\\\/evenements\\\/#primaryimage\"},\"image\":{\"@id\":\"https:\\\/\\\/bristolmunicipality.ca\\\/fr\\\/evenements\\\/#primaryimage\"},\"thumbnailUrl\":\"https:\\\/\\\/bristolmunicipality.ca\\\/wp-content\\\/uploads\\\/2025\\\/07\\\/Bristol-pop-up-tents-scaled.webp\",\"datePublished\":\"2024-08-25T08:57:47+00:00\",\"dateModified\":\"2025-08-25T15:47:05+00:00\",\"breadcrumb\":{\"@id\":\"https:\\\/\\\/bristolmunicipality.ca\\\/fr\\\/evenements\\\/#breadcrumb\"},\"inLanguage\":\"fr-FR\",\"potentialAction\":[{\"@type\":\"ReadAction\",\"target\":[\"https:\\\/\\\/bristolmunicipality.ca\\\/fr\\\/evenements\\\/\"]}]},{\"@type\":\"ImageObject\",\"inLanguage\":\"fr-FR\",\"@id\":\"https:\\\/\\\/bristolmunicipality.ca\\\/fr\\\/evenements\\\/#primaryimage\",\"url\":\"https:\\\/\\\/bristolmunicipality.ca\\\/wp-content\\\/uploads\\\/2025\\\/07\\\/Bristol-pop-up-tents-scaled.webp\",\"contentUrl\":\"https:\\\/\\\/bristolmunicipality.ca\\\/wp-content\\\/uploads\\\/2025\\\/07\\\/Bristol-pop-up-tents-scaled.webp\",\"width\":2560,\"height\":1519,\"caption\":\"Bristol Market\"},{\"@type\":\"BreadcrumbList\",\"@id\":\"https:\\\/\\\/bristolmunicipality.ca\\\/fr\\\/evenements\\\/#breadcrumb\",\"itemListElement\":[{\"@type\":\"ListItem\",\"position\":1,\"name\":\"Home\",\"item\":\"https:\\\/\\\/bristolmunicipality.ca\\\/fr\\\/\"},{\"@type\":\"ListItem\",\"position\":2,\"name\":\"\u00c9v\u00e9nements\"}]},{\"@type\":\"WebSite\",\"@id\":\"https:\\\/\\\/bristolmunicipality.ca\\\/fr\\\/#website\",\"url\":\"https:\\\/\\\/bristolmunicipality.ca\\\/fr\\\/\",\"name\":\"Municipality of Bristol\",\"description\":\"Naturally Connected\",\"publisher\":{\"@id\":\"https:\\\/\\\/bristolmunicipality.ca\\\/fr\\\/#organization\"},\"potentialAction\":[{\"@type\":\"SearchAction\",\"target\":{\"@type\":\"EntryPoint\",\"urlTemplate\":\"https:\\\/\\\/bristolmunicipality.ca\\\/fr\\\/?s={search_term_string}\"},\"query-input\":{\"@type\":\"PropertyValueSpecification\",\"valueRequired\":true,\"valueName\":\"search_term_string\"}}],\"inLanguage\":\"fr-FR\"},{\"@type\":\"Organization\",\"@id\":\"https:\\\/\\\/bristolmunicipality.ca\\\/fr\\\/#organization\",\"name\":\"Municipality of Bristol\",\"url\":\"https:\\\/\\\/bristolmunicipality.ca\\\/fr\\\/\",\"logo\":{\"@type\":\"ImageObject\",\"inLanguage\":\"fr-FR\",\"@id\":\"https:\\\/\\\/bristolmunicipality.ca\\\/fr\\\/#\\\/schema\\\/logo\\\/image\\\/\",\"url\":\"https:\\\/\\\/bristolmunicipality.ca\\\/wp-content\\\/uploads\\\/2024\\\/08\\\/bristol-oval-logo.webp\",\"contentUrl\":\"https:\\\/\\\/bristolmunicipality.ca\\\/wp-content\\\/uploads\\\/2024\\\/08\\\/bristol-oval-logo.webp\",\"width\":1024,\"height\":541,\"caption\":\"Municipality of Bristol\"},\"image\":{\"@id\":\"https:\\\/\\\/bristolmunicipality.ca\\\/fr\\\/#\\\/schema\\\/logo\\\/image\\\/\"}}]}<\/script>\n<!-- \/ Yoast SEO plugin. -->","yoast_head_json":{"title":"\u00c9v\u00e9nements - Municipality of Bristol","robots":{"index":"index","follow":"follow","max-snippet":"max-snippet:-1","max-image-preview":"max-image-preview:large","max-video-preview":"max-video-preview:-1"},"canonical":"https:\/\/bristolmunicipality.ca\/fr\/evenements\/","og_locale":"fr_FR","og_type":"article","og_title":"\u00c9v\u00e9nements - Municipality of Bristol","og_description":"\u00c9v\u00e9nements communautaires Calendrier Soumettez votre \u00e9v\u00e9nement Collecte des d\u00e9chets et du recyclage INFO R\u00e9unions du Conseil Toutes les r\u00e9unions du Conseil","og_url":"https:\/\/bristolmunicipality.ca\/fr\/evenements\/","og_site_name":"Municipality of Bristol","article_modified_time":"2025-08-25T15:47:05+00:00","og_image":[{"width":2560,"height":1519,"url":"https:\/\/bristolmunicipality.ca\/wp-content\/uploads\/2025\/07\/Bristol-pop-up-tents-scaled.webp","type":"image\/webp"}],"twitter_card":"summary_large_image","schema":{"@context":"https:\/\/schema.org","@graph":[{"@type":"WebPage","@id":"https:\/\/bristolmunicipality.ca\/fr\/evenements\/","url":"https:\/\/bristolmunicipality.ca\/fr\/evenements\/","name":"\u00c9v\u00e9nements - Municipality of Bristol","isPartOf":{"@id":"https:\/\/bristolmunicipality.ca\/fr\/#website"},"primaryImageOfPage":{"@id":"https:\/\/bristolmunicipality.ca\/fr\/evenements\/#primaryimage"},"image":{"@id":"https:\/\/bristolmunicipality.ca\/fr\/evenements\/#primaryimage"},"thumbnailUrl":"https:\/\/bristolmunicipality.ca\/wp-content\/uploads\/2025\/07\/Bristol-pop-up-tents-scaled.webp","datePublished":"2024-08-25T08:57:47+00:00","dateModified":"2025-08-25T15:47:05+00:00","breadcrumb":{"@id":"https:\/\/bristolmunicipality.ca\/fr\/evenements\/#breadcrumb"},"inLanguage":"fr-FR","potentialAction":[{"@type":"ReadAction","target":["https:\/\/bristolmunicipality.ca\/fr\/evenements\/"]}]},{"@type":"ImageObject","inLanguage":"fr-FR","@id":"https:\/\/bristolmunicipality.ca\/fr\/evenements\/#primaryimage","url":"https:\/\/bristolmunicipality.ca\/wp-content\/uploads\/2025\/07\/Bristol-pop-up-tents-scaled.webp","contentUrl":"https:\/\/bristolmunicipality.ca\/wp-content\/uploads\/2025\/07\/Bristol-pop-up-tents-scaled.webp","width":2560,"height":1519,"caption":"Bristol Market"},{"@type":"BreadcrumbList","@id":"https:\/\/bristolmunicipality.ca\/fr\/evenements\/#breadcrumb","itemListElement":[{"@type":"ListItem","position":1,"name":"Home","item":"https:\/\/bristolmunicipality.ca\/fr\/"},{"@type":"ListItem","position":2,"name":"\u00c9v\u00e9nements"}]},{"@type":"WebSite","@id":"https:\/\/bristolmunicipality.ca\/fr\/#website","url":"https:\/\/bristolmunicipality.ca\/fr\/","name":"Municipality of Bristol","description":"Naturally Connected","publisher":{"@id":"https:\/\/bristolmunicipality.ca\/fr\/#organization"},"potentialAction":[{"@type":"SearchAction","target":{"@type":"EntryPoint","urlTemplate":"https:\/\/bristolmunicipality.ca\/fr\/?s={search_term_string}"},"query-input":{"@type":"PropertyValueSpecification","valueRequired":true,"valueName":"search_term_string"}}],"inLanguage":"fr-FR"},{"@type":"Organization","@id":"https:\/\/bristolmunicipality.ca\/fr\/#organization","name":"Municipality of Bristol","url":"https:\/\/bristolmunicipality.ca\/fr\/","logo":{"@type":"ImageObject","inLanguage":"fr-FR","@id":"https:\/\/bristolmunicipality.ca\/fr\/#\/schema\/logo\/image\/","url":"https:\/\/bristolmunicipality.ca\/wp-content\/uploads\/2024\/08\/bristol-oval-logo.webp","contentUrl":"https:\/\/bristolmunicipality.ca\/wp-content\/uploads\/2024\/08\/bristol-oval-logo.webp","width":1024,"height":541,"caption":"Municipality of Bristol"},"image":{"@id":"https:\/\/bristolmunicipality.ca\/fr\/#\/schema\/logo\/image\/"}}]}},"_links":{"self":[{"href":"https:\/\/bristolmunicipality.ca\/fr\/wp-json\/wp\/v2\/pages\/159","targetHints":{"allow":["GET"]}}],"collection":[{"href":"https:\/\/bristolmunicipality.ca\/fr\/wp-json\/wp\/v2\/pages"}],"about":[{"href":"https:\/\/bristolmunicipality.ca\/fr\/wp-json\/wp\/v2\/types\/page"}],"author":[{"embeddable":true,"href":"https:\/\/bristolmunicipality.ca\/fr\/wp-json\/wp\/v2\/users\/1"}],"replies":[{"embeddable":true,"href":"https:\/\/bristolmunicipality.ca\/fr\/wp-json\/wp\/v2\/comments?post=159"}],"version-history":[{"count":36,"href":"https:\/\/bristolmunicipality.ca\/fr\/wp-json\/wp\/v2\/pages\/159\/revisions"}],"predecessor-version":[{"id":10432,"href":"https:\/\/bristolmunicipality.ca\/fr\/wp-json\/wp\/v2\/pages\/159\/revisions\/10432"}],"wp:featuredmedia":[{"embeddable":true,"href":"https:\/\/bristolmunicipality.ca\/fr\/wp-json\/wp\/v2\/media\/8397"}],"wp:attachment":[{"href":"https:\/\/bristolmunicipality.ca\/fr\/wp-json\/wp\/v2\/media?parent=159"}],"curies":[{"name":"wp","href":"https:\/\/api.w.org\/{rel}","templated":true}]}}