{"id":142,"date":"2024-08-25T08:51:24","date_gmt":"2024-08-25T08:51:24","guid":{"rendered":"https:\/\/bristol.ottawavalleymedia.ca\/?page_id=142"},"modified":"2025-10-22T15:16:17","modified_gmt":"2025-10-22T19:16:17","slug":"services-durgence","status":"publish","type":"page","link":"https:\/\/bristolmunicipality.ca\/fr\/residents\/services-durgence\/","title":{"rendered":"Services d&rsquo;urgence"},"content":{"rendered":"\t\t<div data-elementor-type=\"wp-page\" data-elementor-id=\"142\" class=\"elementor elementor-142\" data-elementor-post-type=\"page\">\n\t\t\t\t<div class=\"elementor-element elementor-element-afc028e e-flex e-con-boxed e-con e-parent\" data-id=\"afc028e\" data-element_type=\"container\" data-e-type=\"container\">\n\t\t\t\t\t<div class=\"e-con-inner\">\n\t\t<div class=\"elementor-element elementor-element-9ce7e2e e-con-full e-flex e-con e-child\" data-id=\"9ce7e2e\" data-element_type=\"container\" data-e-type=\"container\">\n\t\t\t\t<div class=\"elementor-element elementor-element-a808fb3 elementor-widget elementor-widget-image\" data-id=\"a808fb3\" data-element_type=\"widget\" data-e-type=\"widget\" data-widget_type=\"image.default\">\n\t\t\t\t<div class=\"elementor-widget-container\">\n\t\t\t\t\t\t\t\t\t\t\t\t\t\t\t<img fetchpriority=\"high\" decoding=\"async\" width=\"768\" height=\"1024\" src=\"https:\/\/bristolmunicipality.ca\/wp-content\/uploads\/2025\/08\/1000012845-768x1024.jpg\" class=\"attachment-large size-large wp-image-8779\" alt=\"Bristol Fire Department\" srcset=\"https:\/\/bristolmunicipality.ca\/wp-content\/uploads\/2025\/08\/1000012845-768x1024.jpg 768w, https:\/\/bristolmunicipality.ca\/wp-content\/uploads\/2025\/08\/1000012845-225x300.jpg 225w, https:\/\/bristolmunicipality.ca\/wp-content\/uploads\/2025\/08\/1000012845-1152x1536.jpg 1152w, https:\/\/bristolmunicipality.ca\/wp-content\/uploads\/2025\/08\/1000012845.jpg 1536w\" sizes=\"(max-width: 768px) 100vw, 768px\" \/>\t\t\t\t\t\t\t\t\t\t\t\t\t\t\t<\/div>\n\t\t\t\t<\/div>\n\t\t\t\t<\/div>\n\t\t<div class=\"elementor-element elementor-element-1cb5992 e-con-full e-flex e-con e-child\" data-id=\"1cb5992\" data-element_type=\"container\" data-e-type=\"container\">\n\t\t\t\t<div class=\"elementor-element elementor-element-3f49a61 elementor-widget elementor-widget-heading\" data-id=\"3f49a61\" data-element_type=\"widget\" data-e-type=\"widget\" data-widget_type=\"heading.default\">\n\t\t\t\t<div class=\"elementor-widget-container\">\n\t\t\t\t\t<h2 class=\"elementor-heading-title elementor-size-default\">Urgences 911<\/h2>\t\t\t\t<\/div>\n\t\t\t\t<\/div>\n\t\t\t\t<div class=\"elementor-element elementor-element-1f69277 elementor-widget elementor-widget-text-editor\" data-id=\"1f69277\" data-element_type=\"widget\" data-e-type=\"widget\" data-widget_type=\"text-editor.default\">\n\t\t\t\t<div class=\"elementor-widget-container\">\n\t\t\t\t\t\t\t\t\t<p><strong>Pour joindre la police, une ambulance ou les pompiers, composez le 911.<\/strong><\/p><p><em><br \/>Le centre d&rsquo;appel d&rsquo;urgence 911 contactera l&rsquo;un ou l&rsquo;autre de ces services en fonction de l&rsquo;intervention requise.<\/em><\/p>\t\t\t\t\t\t\t\t<\/div>\n\t\t\t\t<\/div>\n\t\t\t\t<div class=\"elementor-element elementor-element-cdec6fd elementor-widget elementor-widget-heading\" data-id=\"cdec6fd\" data-element_type=\"widget\" data-e-type=\"widget\" data-widget_type=\"heading.default\">\n\t\t\t\t<div class=\"elementor-widget-container\">\n\t\t\t\t\t<h2 class=\"elementor-heading-title elementor-size-default\">Police<\/h2>\t\t\t\t<\/div>\n\t\t\t\t<\/div>\n\t\t<div class=\"elementor-element elementor-element-3c5a6f6 e-con-full e-flex e-con e-child\" data-id=\"3c5a6f6\" data-element_type=\"container\" data-e-type=\"container\">\n\t\t\t\t<div class=\"elementor-element elementor-element-e89a07e elementor-widget elementor-widget-text-editor\" data-id=\"e89a07e\" data-element_type=\"widget\" data-e-type=\"widget\" data-widget_type=\"text-editor.default\">\n\t\t\t\t<div class=\"elementor-widget-container\">\n\t\t\t\t\t\t\t\t\t<p>La municipalit\u00e9 de Bristol est desservie par la S\u00fbret\u00e9 du Qu\u00e9bec \u00e0 Campbell\u2019s Bay.<\/p><p>\u00a0<\/p><p>Pour les appels non urgents, veuillez communiquer avec la S\u00fbret\u00e9 du Qu\u00e9bec au \u00a0<a href=\"tel:819 648-2141\">819 648-2141<\/a>.<\/p>\t\t\t\t\t\t\t\t<\/div>\n\t\t\t\t<\/div>\n\t\t\t\t<div class=\"elementor-element elementor-element-88aa7eb elementor-widget__width-initial elementor-widget elementor-widget-image\" data-id=\"88aa7eb\" data-element_type=\"widget\" data-e-type=\"widget\" data-widget_type=\"image.default\">\n\t\t\t\t<div class=\"elementor-widget-container\">\n\t\t\t\t\t\t\t\t\t\t\t\t\t\t\t<img decoding=\"async\" width=\"268\" height=\"300\" src=\"https:\/\/bristolmunicipality.ca\/wp-content\/uploads\/2025\/08\/logo-sq.png\" class=\"attachment-large size-large wp-image-9005\" alt=\"Police\" \/>\t\t\t\t\t\t\t\t\t\t\t\t\t\t\t<\/div>\n\t\t\t\t<\/div>\n\t\t\t\t<\/div>\n\t\t\t\t<div class=\"elementor-element elementor-element-6d91c8c elementor-widget elementor-widget-heading\" data-id=\"6d91c8c\" data-element_type=\"widget\" data-e-type=\"widget\" data-widget_type=\"heading.default\">\n\t\t\t\t<div class=\"elementor-widget-container\">\n\t\t\t\t\t<h2 class=\"elementor-heading-title elementor-size-default\">Service d\u2019incendie de Bristol<\/h2>\t\t\t\t<\/div>\n\t\t\t\t<\/div>\n\t\t\t\t<div class=\"elementor-element elementor-element-3d9f23d elementor-widget elementor-widget-text-editor\" data-id=\"3d9f23d\" data-element_type=\"widget\" data-e-type=\"widget\" data-widget_type=\"text-editor.default\">\n\t\t\t\t<div class=\"elementor-widget-container\">\n\t\t\t\t\t\t\t\t\t<p>La municipalit\u00e9 est prot\u00e9g\u00e9e par le Service d\u2019incendie de Bristol, qui g\u00e8re plusieurs casernes dans la r\u00e9gion.<\/p>\t\t\t\t\t\t\t\t<\/div>\n\t\t\t\t<\/div>\n\t\t<div class=\"elementor-element elementor-element-818be38 e-con-full e-flex e-con e-child\" data-id=\"818be38\" data-element_type=\"container\" data-e-type=\"container\">\n\t\t\t\t<div class=\"elementor-element elementor-element-52be0ae elementor-widget elementor-widget-button\" data-id=\"52be0ae\" data-element_type=\"widget\" data-e-type=\"widget\" data-widget_type=\"button.default\">\n\t\t\t\t<div class=\"elementor-widget-container\">\n\t\t\t\t\t\t\t\t\t<div class=\"elementor-button-wrapper\">\n\t\t\t\t\t<a class=\"elementor-button elementor-button-link elementor-size-sm\" href=\"https:\/\/bristolmunicipality.ca\/wp-content\/uploads\/2025\/08\/reglement-315a1.pdf\">\n\t\t\t\t\t\t<span class=\"elementor-button-content-wrapper\">\n\t\t\t\t\t\t\t\t\t<span class=\"elementor-button-text\">La s\u00e9curit\u00e9 incendie<\/span>\n\t\t\t\t\t<\/span>\n\t\t\t\t\t<\/a>\n\t\t\t\t<\/div>\n\t\t\t\t\t\t\t\t<\/div>\n\t\t\t\t<\/div>\n\t\t\t\t<div class=\"elementor-element elementor-element-344227c elementor-widget elementor-widget-button\" data-id=\"344227c\" data-element_type=\"widget\" data-e-type=\"widget\" data-widget_type=\"button.default\">\n\t\t\t\t<div class=\"elementor-widget-container\">\n\t\t\t\t\t\t\t\t\t<div class=\"elementor-button-wrapper\">\n\t\t\t\t\t<a class=\"elementor-button elementor-button-link elementor-size-sm\" href=\"https:\/\/bristolmunicipality.ca\/wp-content\/uploads\/2025\/08\/Interdiction-de-feux-ciel-ouvert.pdf\">\n\t\t\t\t\t\t<span class=\"elementor-button-content-wrapper\">\n\t\t\t\t\t\t\t\t\t<span class=\"elementor-button-text\">Interdiction de feux ciel ouvert<\/span>\n\t\t\t\t\t<\/span>\n\t\t\t\t\t<\/a>\n\t\t\t\t<\/div>\n\t\t\t\t\t\t\t\t<\/div>\n\t\t\t\t<\/div>\n\t\t\t\t<div class=\"elementor-element elementor-element-d138976 elementor-widget elementor-widget-button\" data-id=\"d138976\" data-element_type=\"widget\" data-e-type=\"widget\" data-widget_type=\"button.default\">\n\t\t\t\t<div class=\"elementor-widget-container\">\n\t\t\t\t\t\t\t\t\t<div class=\"elementor-button-wrapper\">\n\t\t\t\t\t<a class=\"elementor-button elementor-button-link elementor-size-sm\" href=\"https:\/\/bristolmunicipality.ca\/wp-content\/uploads\/2025\/08\/Auto-Inspection-des-maisons.pdf\">\n\t\t\t\t\t\t<span class=\"elementor-button-content-wrapper\">\n\t\t\t\t\t\t\t\t\t<span class=\"elementor-button-text\">Auto Inspection des maisons<\/span>\n\t\t\t\t\t<\/span>\n\t\t\t\t\t<\/a>\n\t\t\t\t<\/div>\n\t\t\t\t\t\t\t\t<\/div>\n\t\t\t\t<\/div>\n\t\t\t\t<\/div>\n\t\t\t\t<div class=\"elementor-element elementor-element-6693233 elementor-widget elementor-widget-heading\" data-id=\"6693233\" data-element_type=\"widget\" data-e-type=\"widget\" data-widget_type=\"heading.default\">\n\t\t\t\t<div class=\"elementor-widget-container\">\n\t\t\t\t\t<h2 class=\"elementor-heading-title elementor-size-default\">Autres chiffres importants<\/h2>\t\t\t\t<\/div>\n\t\t\t\t<\/div>\n\t\t\t\t<div class=\"elementor-element elementor-element-f2f6771 elementor-widget elementor-widget-text-editor\" data-id=\"f2f6771\" data-element_type=\"widget\" data-e-type=\"widget\" data-widget_type=\"text-editor.default\">\n\t\t\t\t<div class=\"elementor-widget-container\">\n\t\t\t\t\t\t\t\t\t<ul><li><strong>Violence Conjugale (S.O.S.) :<\/strong> <a href=\"tel:1-800-363-9010\">1-800-363-9010\u00a0<\/a><\/li><li><strong>Centre antipoison du Qu\u00e9bec :<\/strong> <a href=\"tel:1-800-463-5060\">1-800-463-5060<\/a><\/li><li><strong>Info-sant\u00e9 : <\/strong><a href=\"tel:811\">811<\/a><\/li><li><strong>Protection de la jeunesse :<\/strong> (24\/7) <a href=\"tel:1-800-567-6810\">1-800-567-6810\u00a0<\/a><\/li><li><strong>Parents anonymes :<\/strong><a href=\"http:\/\/tel1-800-361-5085\" data-wplink-url-error=\"true\">1-800-361-5085<\/a><\/li><li><strong>Centre de pr\u00e9vention du suicide de Qu\u00e9bec : <\/strong><a href=\"http:\/\/418-683-4588\/\" data-wplink-url-error=\"true\">418-683-4588\u00a0<\/a><\/li><li><strong>Contr\u00f4le des animaux : <\/strong>Contacter la SQ\u00a0<strong><a href=\"tel:819-665-8333\">819-665-8333<\/a><\/strong><\/li><\/ul>\t\t\t\t\t\t\t\t<\/div>\n\t\t\t\t<\/div>\n\t\t\t\t<\/div>\n\t\t\t\t\t<\/div>\n\t\t\t\t<\/div>\n\t\t\t\t<\/div>\n\t\t","protected":false},"excerpt":{"rendered":"<p>Urgences 911 Pour joindre la police, une ambulance ou les pompiers, composez le 911. Le centre d&rsquo;appel d&rsquo;urgence 911 contactera l&rsquo;un ou l&rsquo;autre de ces services en fonction de l&rsquo;intervention requise. Police La municipalit\u00e9 de Bristol est desservie par la S\u00fbret\u00e9 du Qu\u00e9bec \u00e0 Campbell\u2019s Bay. \u00a0 Pour les appels non urgents, veuillez communiquer avec [&hellip;]<\/p>\n","protected":false},"author":1,"featured_media":8777,"parent":344,"menu_order":0,"comment_status":"closed","ping_status":"closed","template":"","meta":{"_acf_changed":false,"footnotes":""},"class_list":["post-142","page","type-page","status-publish","has-post-thumbnail","hentry"],"acf":[],"yoast_head":"<!-- This site is optimized with the Yoast SEO plugin v27.3 - https:\/\/yoast.com\/product\/yoast-seo-wordpress\/ -->\n<title>Services d&#039;urgence - Municipality of Bristol<\/title>\n<meta name=\"robots\" content=\"index, follow, max-snippet:-1, max-image-preview:large, max-video-preview:-1\" \/>\n<link rel=\"canonical\" href=\"https:\/\/bristolmunicipality.ca\/fr\/residents\/services-durgence\/\" \/>\n<meta property=\"og:locale\" content=\"fr_FR\" \/>\n<meta property=\"og:type\" content=\"article\" \/>\n<meta property=\"og:title\" content=\"Services d&#039;urgence - Municipality of Bristol\" \/>\n<meta property=\"og:description\" content=\"Urgences 911 Pour joindre la police, une ambulance ou les pompiers, composez le 911. Le centre d&rsquo;appel d&rsquo;urgence 911 contactera l&rsquo;un ou l&rsquo;autre de ces services en fonction de l&rsquo;intervention requise. Police La municipalit\u00e9 de Bristol est desservie par la S\u00fbret\u00e9 du Qu\u00e9bec \u00e0 Campbell\u2019s Bay. \u00a0 Pour les appels non urgents, veuillez communiquer avec [&hellip;]\" \/>\n<meta property=\"og:url\" content=\"https:\/\/bristolmunicipality.ca\/fr\/residents\/services-durgence\/\" \/>\n<meta property=\"og:site_name\" content=\"Municipality of Bristol\" \/>\n<meta property=\"article:modified_time\" content=\"2025-10-22T19:16:17+00:00\" \/>\n<meta property=\"og:image\" content=\"https:\/\/bristolmunicipality.ca\/wp-content\/uploads\/2025\/08\/1000012844.jpg\" \/>\n\t<meta property=\"og:image:width\" content=\"2048\" \/>\n\t<meta property=\"og:image:height\" content=\"1536\" \/>\n\t<meta property=\"og:image:type\" content=\"image\/jpeg\" \/>\n<meta name=\"twitter:card\" content=\"summary_large_image\" \/>\n<meta name=\"twitter:label1\" content=\"Dur\u00e9e de lecture estim\u00e9e\" \/>\n\t<meta name=\"twitter:data1\" content=\"2 minutes\" \/>\n<script type=\"application\/ld+json\" class=\"yoast-schema-graph\">{\"@context\":\"https:\\\/\\\/schema.org\",\"@graph\":[{\"@type\":\"WebPage\",\"@id\":\"https:\\\/\\\/bristolmunicipality.ca\\\/fr\\\/residents\\\/services-durgence\\\/\",\"url\":\"https:\\\/\\\/bristolmunicipality.ca\\\/fr\\\/residents\\\/services-durgence\\\/\",\"name\":\"Services d'urgence - Municipality of Bristol\",\"isPartOf\":{\"@id\":\"https:\\\/\\\/bristolmunicipality.ca\\\/fr\\\/#website\"},\"primaryImageOfPage\":{\"@id\":\"https:\\\/\\\/bristolmunicipality.ca\\\/fr\\\/residents\\\/services-durgence\\\/#primaryimage\"},\"image\":{\"@id\":\"https:\\\/\\\/bristolmunicipality.ca\\\/fr\\\/residents\\\/services-durgence\\\/#primaryimage\"},\"thumbnailUrl\":\"https:\\\/\\\/bristolmunicipality.ca\\\/wp-content\\\/uploads\\\/2025\\\/08\\\/1000012844.jpg\",\"datePublished\":\"2024-08-25T08:51:24+00:00\",\"dateModified\":\"2025-10-22T19:16:17+00:00\",\"breadcrumb\":{\"@id\":\"https:\\\/\\\/bristolmunicipality.ca\\\/fr\\\/residents\\\/services-durgence\\\/#breadcrumb\"},\"inLanguage\":\"fr-FR\",\"potentialAction\":[{\"@type\":\"ReadAction\",\"target\":[\"https:\\\/\\\/bristolmunicipality.ca\\\/fr\\\/residents\\\/services-durgence\\\/\"]}]},{\"@type\":\"ImageObject\",\"inLanguage\":\"fr-FR\",\"@id\":\"https:\\\/\\\/bristolmunicipality.ca\\\/fr\\\/residents\\\/services-durgence\\\/#primaryimage\",\"url\":\"https:\\\/\\\/bristolmunicipality.ca\\\/wp-content\\\/uploads\\\/2025\\\/08\\\/1000012844.jpg\",\"contentUrl\":\"https:\\\/\\\/bristolmunicipality.ca\\\/wp-content\\\/uploads\\\/2025\\\/08\\\/1000012844.jpg\",\"width\":2048,\"height\":1536,\"caption\":\"Bristol Fire Department\"},{\"@type\":\"BreadcrumbList\",\"@id\":\"https:\\\/\\\/bristolmunicipality.ca\\\/fr\\\/residents\\\/services-durgence\\\/#breadcrumb\",\"itemListElement\":[{\"@type\":\"ListItem\",\"position\":1,\"name\":\"Home\",\"item\":\"https:\\\/\\\/bristolmunicipality.ca\\\/fr\\\/\"},{\"@type\":\"ListItem\",\"position\":2,\"name\":\"R\u00e9sidents\",\"item\":\"https:\\\/\\\/bristolmunicipality.ca\\\/fr\\\/residents\\\/\"},{\"@type\":\"ListItem\",\"position\":3,\"name\":\"Services d&#8217;urgence\"}]},{\"@type\":\"WebSite\",\"@id\":\"https:\\\/\\\/bristolmunicipality.ca\\\/fr\\\/#website\",\"url\":\"https:\\\/\\\/bristolmunicipality.ca\\\/fr\\\/\",\"name\":\"Municipality of Bristol\",\"description\":\"Naturally Connected\",\"publisher\":{\"@id\":\"https:\\\/\\\/bristolmunicipality.ca\\\/fr\\\/#organization\"},\"potentialAction\":[{\"@type\":\"SearchAction\",\"target\":{\"@type\":\"EntryPoint\",\"urlTemplate\":\"https:\\\/\\\/bristolmunicipality.ca\\\/fr\\\/?s={search_term_string}\"},\"query-input\":{\"@type\":\"PropertyValueSpecification\",\"valueRequired\":true,\"valueName\":\"search_term_string\"}}],\"inLanguage\":\"fr-FR\"},{\"@type\":\"Organization\",\"@id\":\"https:\\\/\\\/bristolmunicipality.ca\\\/fr\\\/#organization\",\"name\":\"Municipality of Bristol\",\"url\":\"https:\\\/\\\/bristolmunicipality.ca\\\/fr\\\/\",\"logo\":{\"@type\":\"ImageObject\",\"inLanguage\":\"fr-FR\",\"@id\":\"https:\\\/\\\/bristolmunicipality.ca\\\/fr\\\/#\\\/schema\\\/logo\\\/image\\\/\",\"url\":\"https:\\\/\\\/bristolmunicipality.ca\\\/wp-content\\\/uploads\\\/2024\\\/08\\\/bristol-oval-logo.webp\",\"contentUrl\":\"https:\\\/\\\/bristolmunicipality.ca\\\/wp-content\\\/uploads\\\/2024\\\/08\\\/bristol-oval-logo.webp\",\"width\":1024,\"height\":541,\"caption\":\"Municipality of Bristol\"},\"image\":{\"@id\":\"https:\\\/\\\/bristolmunicipality.ca\\\/fr\\\/#\\\/schema\\\/logo\\\/image\\\/\"}}]}<\/script>\n<!-- \/ Yoast SEO plugin. -->","yoast_head_json":{"title":"Services d'urgence - Municipality of Bristol","robots":{"index":"index","follow":"follow","max-snippet":"max-snippet:-1","max-image-preview":"max-image-preview:large","max-video-preview":"max-video-preview:-1"},"canonical":"https:\/\/bristolmunicipality.ca\/fr\/residents\/services-durgence\/","og_locale":"fr_FR","og_type":"article","og_title":"Services d'urgence - Municipality of Bristol","og_description":"Urgences 911 Pour joindre la police, une ambulance ou les pompiers, composez le 911. Le centre d&rsquo;appel d&rsquo;urgence 911 contactera l&rsquo;un ou l&rsquo;autre de ces services en fonction de l&rsquo;intervention requise. Police La municipalit\u00e9 de Bristol est desservie par la S\u00fbret\u00e9 du Qu\u00e9bec \u00e0 Campbell\u2019s Bay. \u00a0 Pour les appels non urgents, veuillez communiquer avec [&hellip;]","og_url":"https:\/\/bristolmunicipality.ca\/fr\/residents\/services-durgence\/","og_site_name":"Municipality of Bristol","article_modified_time":"2025-10-22T19:16:17+00:00","og_image":[{"width":2048,"height":1536,"url":"https:\/\/bristolmunicipality.ca\/wp-content\/uploads\/2025\/08\/1000012844.jpg","type":"image\/jpeg"}],"twitter_card":"summary_large_image","twitter_misc":{"Dur\u00e9e de lecture estim\u00e9e":"2 minutes"},"schema":{"@context":"https:\/\/schema.org","@graph":[{"@type":"WebPage","@id":"https:\/\/bristolmunicipality.ca\/fr\/residents\/services-durgence\/","url":"https:\/\/bristolmunicipality.ca\/fr\/residents\/services-durgence\/","name":"Services d'urgence - Municipality of Bristol","isPartOf":{"@id":"https:\/\/bristolmunicipality.ca\/fr\/#website"},"primaryImageOfPage":{"@id":"https:\/\/bristolmunicipality.ca\/fr\/residents\/services-durgence\/#primaryimage"},"image":{"@id":"https:\/\/bristolmunicipality.ca\/fr\/residents\/services-durgence\/#primaryimage"},"thumbnailUrl":"https:\/\/bristolmunicipality.ca\/wp-content\/uploads\/2025\/08\/1000012844.jpg","datePublished":"2024-08-25T08:51:24+00:00","dateModified":"2025-10-22T19:16:17+00:00","breadcrumb":{"@id":"https:\/\/bristolmunicipality.ca\/fr\/residents\/services-durgence\/#breadcrumb"},"inLanguage":"fr-FR","potentialAction":[{"@type":"ReadAction","target":["https:\/\/bristolmunicipality.ca\/fr\/residents\/services-durgence\/"]}]},{"@type":"ImageObject","inLanguage":"fr-FR","@id":"https:\/\/bristolmunicipality.ca\/fr\/residents\/services-durgence\/#primaryimage","url":"https:\/\/bristolmunicipality.ca\/wp-content\/uploads\/2025\/08\/1000012844.jpg","contentUrl":"https:\/\/bristolmunicipality.ca\/wp-content\/uploads\/2025\/08\/1000012844.jpg","width":2048,"height":1536,"caption":"Bristol Fire Department"},{"@type":"BreadcrumbList","@id":"https:\/\/bristolmunicipality.ca\/fr\/residents\/services-durgence\/#breadcrumb","itemListElement":[{"@type":"ListItem","position":1,"name":"Home","item":"https:\/\/bristolmunicipality.ca\/fr\/"},{"@type":"ListItem","position":2,"name":"R\u00e9sidents","item":"https:\/\/bristolmunicipality.ca\/fr\/residents\/"},{"@type":"ListItem","position":3,"name":"Services d&#8217;urgence"}]},{"@type":"WebSite","@id":"https:\/\/bristolmunicipality.ca\/fr\/#website","url":"https:\/\/bristolmunicipality.ca\/fr\/","name":"Municipality of Bristol","description":"Naturally Connected","publisher":{"@id":"https:\/\/bristolmunicipality.ca\/fr\/#organization"},"potentialAction":[{"@type":"SearchAction","target":{"@type":"EntryPoint","urlTemplate":"https:\/\/bristolmunicipality.ca\/fr\/?s={search_term_string}"},"query-input":{"@type":"PropertyValueSpecification","valueRequired":true,"valueName":"search_term_string"}}],"inLanguage":"fr-FR"},{"@type":"Organization","@id":"https:\/\/bristolmunicipality.ca\/fr\/#organization","name":"Municipality of Bristol","url":"https:\/\/bristolmunicipality.ca\/fr\/","logo":{"@type":"ImageObject","inLanguage":"fr-FR","@id":"https:\/\/bristolmunicipality.ca\/fr\/#\/schema\/logo\/image\/","url":"https:\/\/bristolmunicipality.ca\/wp-content\/uploads\/2024\/08\/bristol-oval-logo.webp","contentUrl":"https:\/\/bristolmunicipality.ca\/wp-content\/uploads\/2024\/08\/bristol-oval-logo.webp","width":1024,"height":541,"caption":"Municipality of Bristol"},"image":{"@id":"https:\/\/bristolmunicipality.ca\/fr\/#\/schema\/logo\/image\/"}}]}},"_links":{"self":[{"href":"https:\/\/bristolmunicipality.ca\/fr\/wp-json\/wp\/v2\/pages\/142","targetHints":{"allow":["GET"]}}],"collection":[{"href":"https:\/\/bristolmunicipality.ca\/fr\/wp-json\/wp\/v2\/pages"}],"about":[{"href":"https:\/\/bristolmunicipality.ca\/fr\/wp-json\/wp\/v2\/types\/page"}],"author":[{"embeddable":true,"href":"https:\/\/bristolmunicipality.ca\/fr\/wp-json\/wp\/v2\/users\/1"}],"replies":[{"embeddable":true,"href":"https:\/\/bristolmunicipality.ca\/fr\/wp-json\/wp\/v2\/comments?post=142"}],"version-history":[{"count":38,"href":"https:\/\/bristolmunicipality.ca\/fr\/wp-json\/wp\/v2\/pages\/142\/revisions"}],"predecessor-version":[{"id":11719,"href":"https:\/\/bristolmunicipality.ca\/fr\/wp-json\/wp\/v2\/pages\/142\/revisions\/11719"}],"up":[{"embeddable":true,"href":"https:\/\/bristolmunicipality.ca\/fr\/wp-json\/wp\/v2\/pages\/344"}],"wp:featuredmedia":[{"embeddable":true,"href":"https:\/\/bristolmunicipality.ca\/fr\/wp-json\/wp\/v2\/media\/8777"}],"wp:attachment":[{"href":"https:\/\/bristolmunicipality.ca\/fr\/wp-json\/wp\/v2\/media?parent=142"}],"curies":[{"name":"wp","href":"https:\/\/api.w.org\/{rel}","templated":true}]}}