{"id":132,"date":"2024-08-25T08:45:21","date_gmt":"2024-08-25T08:45:21","guid":{"rendered":"https:\/\/bristol.ottawavalleymedia.ca\/?page_id=132"},"modified":"2025-10-22T15:15:03","modified_gmt":"2025-10-22T19:15:03","slug":"recyclage-et-ordure","status":"publish","type":"page","link":"https:\/\/bristolmunicipality.ca\/fr\/residents\/recyclage-et-ordure\/","title":{"rendered":"Recyclage et ordure"},"content":{"rendered":"\t\t<div data-elementor-type=\"wp-page\" data-elementor-id=\"132\" class=\"elementor elementor-132\" data-elementor-post-type=\"page\">\n\t\t\t\t<div class=\"elementor-element elementor-element-359043a e-flex e-con-boxed e-con e-parent\" data-id=\"359043a\" data-element_type=\"container\" data-e-type=\"container\">\n\t\t\t\t\t<div class=\"e-con-inner\">\n\t\t<div class=\"elementor-element elementor-element-67b40cd e-con-full e-flex e-con e-child\" data-id=\"67b40cd\" data-element_type=\"container\" data-e-type=\"container\">\n\t\t\t\t<div class=\"elementor-element elementor-element-33417ac elementor-widget elementor-widget-image\" data-id=\"33417ac\" data-element_type=\"widget\" data-e-type=\"widget\" data-widget_type=\"image.default\">\n\t\t\t\t<div class=\"elementor-widget-container\">\n\t\t\t\t\t\t\t\t\t\t\t\t\t\t\t<img fetchpriority=\"high\" decoding=\"async\" width=\"800\" height=\"664\" src=\"https:\/\/bristolmunicipality.ca\/wp-content\/uploads\/2025\/08\/bristol-transfer-station-cropped-1024x850.webp\" class=\"attachment-large size-large wp-image-9821\" alt=\"Transfer Station\" srcset=\"https:\/\/bristolmunicipality.ca\/wp-content\/uploads\/2025\/08\/bristol-transfer-station-cropped-1024x850.webp 1024w, https:\/\/bristolmunicipality.ca\/wp-content\/uploads\/2025\/08\/bristol-transfer-station-cropped-300x249.webp 300w, https:\/\/bristolmunicipality.ca\/wp-content\/uploads\/2025\/08\/bristol-transfer-station-cropped-768x637.webp 768w, https:\/\/bristolmunicipality.ca\/wp-content\/uploads\/2025\/08\/bristol-transfer-station-cropped.webp 1328w\" sizes=\"(max-width: 800px) 100vw, 800px\" \/>\t\t\t\t\t\t\t\t\t\t\t\t\t\t\t<\/div>\n\t\t\t\t<\/div>\n\t\t\t\t<\/div>\n\t\t<div class=\"elementor-element elementor-element-9ede5d9 e-con-full e-flex e-con e-child\" data-id=\"9ede5d9\" data-element_type=\"container\" data-e-type=\"container\">\n\t\t\t\t<div class=\"elementor-element elementor-element-debfc8e elementor-widget elementor-widget-heading\" data-id=\"debfc8e\" data-element_type=\"widget\" data-e-type=\"widget\" data-widget_type=\"heading.default\">\n\t\t\t\t<div class=\"elementor-widget-container\">\n\t\t\t\t\t<h2 class=\"elementor-heading-title elementor-size-default\">Centre de transfert<\/h2>\t\t\t\t<\/div>\n\t\t\t\t<\/div>\n\t\t<div class=\"elementor-element elementor-element-8d1ba99 e-con-full e-flex e-con e-child\" data-id=\"8d1ba99\" data-element_type=\"container\" data-e-type=\"container\">\n\t\t<div class=\"elementor-element elementor-element-edbe3b7 e-con-full e-flex e-con e-child\" data-id=\"edbe3b7\" data-element_type=\"container\" data-e-type=\"container\">\n\t\t\t\t<div class=\"elementor-element elementor-element-f021a92 elementor-widget elementor-widget-text-editor\" data-id=\"f021a92\" data-element_type=\"widget\" data-e-type=\"widget\" data-widget_type=\"text-editor.default\">\n\t\t\t\t<div class=\"elementor-widget-container\">\n\t\t\t\t\t\t\t\t\t<p><b>Location<\/b>: <a href=\"https:\/\/maps.app.goo.gl\/swD4EbRXTEDVmdzR6\">9 Chemin Birch, Bristol, QC J0X 1G0<\/a><\/p><p style=\"text-align: left;\"><strong><a href=\"https:\/\/maps.app.goo.gl\/swD4EbRXTEDVmdzR6\">Cliquez ici pour voir la carte<\/a><\/strong><\/p><p style=\"text-align: left;\"><strong>Heures d\u2019ouverture :<\/strong><\/p><ul><li>Venredi au lundi : 8 h \u00e0 17 h<\/li><li>Mardi, mercredi et jeudi\u00a0 : FERM\u00c9<\/li><li>Jours f\u00e9ri\u00e9s : FERM\u00c9<\/li><\/ul><p>Une liste compl\u00e8te de tous les mat\u00e9riaux accept\u00e9s est disponible dans la section Environnement du site web de la MRC Pontiac.<\/p>\t\t\t\t\t\t\t\t<\/div>\n\t\t\t\t<\/div>\n\t\t\t\t<div class=\"elementor-element elementor-element-28617a6 elementor-widget elementor-widget-button\" data-id=\"28617a6\" data-element_type=\"widget\" data-e-type=\"widget\" data-widget_type=\"button.default\">\n\t\t\t\t<div class=\"elementor-widget-container\">\n\t\t\t\t\t\t\t\t\t<div class=\"elementor-button-wrapper\">\n\t\t\t\t\t<a class=\"elementor-button elementor-button-link elementor-size-sm\" href=\"https:\/\/mrcpontiac.qc.ca\/residents\/environnement\/matieres-residuelles\/\" target=\"_blank\">\n\t\t\t\t\t\t<span class=\"elementor-button-content-wrapper\">\n\t\t\t\t\t\t\t\t\t<span class=\"elementor-button-text\">Mat\u00e9riaux accept\u00e9s<\/span>\n\t\t\t\t\t<\/span>\n\t\t\t\t\t<\/a>\n\t\t\t\t<\/div>\n\t\t\t\t\t\t\t\t<\/div>\n\t\t\t\t<\/div>\n\t\t\t\t<\/div>\n\t\t<div class=\"elementor-element elementor-element-6d58656 e-con-full e-flex e-con e-child\" data-id=\"6d58656\" data-element_type=\"container\" data-e-type=\"container\">\n\t\t\t\t<div class=\"elementor-element elementor-element-77ce6c6 elementor-widget elementor-widget-heading\" data-id=\"77ce6c6\" data-element_type=\"widget\" data-e-type=\"widget\" data-widget_type=\"heading.default\">\n\t\t\t\t<div class=\"elementor-widget-container\">\n\t\t\t\t\t<h2 class=\"elementor-heading-title elementor-size-default\">Prochaine collecte de recyclage et d\u2019ordures<\/h2>\t\t\t\t<\/div>\n\t\t\t\t<\/div>\n\t\t\t\t<div class=\"elementor-element elementor-element-213f547 elementor-widget elementor-widget-shortcode\" data-id=\"213f547\" data-element_type=\"widget\" data-e-type=\"widget\" data-widget_type=\"shortcode.default\">\n\t\t\t\t<div class=\"elementor-widget-container\">\n\t\t\t\t\t\t\t<div class=\"elementor-shortcode\"><div class=\"single-column-grid\">\n<div class=\"em em-view-container\" id=\"em-view-1482183003\" data-view=\"list-grouped\">\r\n\t<div class=\"em pixelbones em-list em-events-list em-events-list-grouped\" id=\"em-events-list-grouped-1482183003\">\r\n\tNo Events\t<\/div>\r\n<\/div>\n<\/div><\/div>\n\t\t\t\t\t\t<\/div>\n\t\t\t\t<\/div>\n\t\t\t\t<div class=\"elementor-element elementor-element-093ee0b elementor-widget elementor-widget-text-editor\" data-id=\"093ee0b\" data-element_type=\"widget\" data-e-type=\"widget\" data-widget_type=\"text-editor.default\">\n\t\t\t\t<div class=\"elementor-widget-container\">\n\t\t\t\t\t\t\t\t\t<p>La municipalit\u00e9 offre la collecte en bordure de route entre mai et octobre dans certaines zones du territoire.<\/p>\t\t\t\t\t\t\t\t<\/div>\n\t\t\t\t<\/div>\n\t\t\t\t<\/div>\n\t\t\t\t<\/div>\n\t\t\t\t<\/div>\n\t\t\t\t\t<\/div>\n\t\t\t\t<\/div>\n\t\t\t\t<\/div>\n\t\t","protected":false},"excerpt":{"rendered":"<p>Centre de transfert Location: 9 Chemin Birch, Bristol, QC J0X 1G0 Cliquez ici pour voir la carte Heures d\u2019ouverture : Venredi au lundi : 8 h \u00e0 17 h Mardi, mercredi et jeudi\u00a0 : FERM\u00c9 Jours f\u00e9ri\u00e9s : FERM\u00c9 Une liste compl\u00e8te de tous les mat\u00e9riaux accept\u00e9s est disponible dans la section Environnement du site [&hellip;]<\/p>\n","protected":false},"author":1,"featured_media":9804,"parent":344,"menu_order":0,"comment_status":"closed","ping_status":"closed","template":"","meta":{"_acf_changed":false,"footnotes":""},"class_list":["post-132","page","type-page","status-publish","has-post-thumbnail","hentry"],"acf":[],"yoast_head":"<!-- This site is optimized with the Yoast SEO plugin v27.3 - https:\/\/yoast.com\/product\/yoast-seo-wordpress\/ -->\n<title>Recyclage et ordure - Municipality of Bristol<\/title>\n<meta name=\"robots\" content=\"index, follow, max-snippet:-1, max-image-preview:large, max-video-preview:-1\" \/>\n<link rel=\"canonical\" href=\"https:\/\/bristolmunicipality.ca\/fr\/residents\/recyclage-et-ordure\/\" \/>\n<meta property=\"og:locale\" content=\"fr_FR\" \/>\n<meta property=\"og:type\" content=\"article\" \/>\n<meta property=\"og:title\" content=\"Recyclage et ordure - Municipality of Bristol\" \/>\n<meta property=\"og:description\" content=\"Centre de transfert Location: 9 Chemin Birch, Bristol, QC J0X 1G0 Cliquez ici pour voir la carte Heures d\u2019ouverture : Venredi au lundi : 8 h \u00e0 17 h Mardi, mercredi et jeudi\u00a0 : FERM\u00c9 Jours f\u00e9ri\u00e9s : FERM\u00c9 Une liste compl\u00e8te de tous les mat\u00e9riaux accept\u00e9s est disponible dans la section Environnement du site [&hellip;]\" \/>\n<meta property=\"og:url\" content=\"https:\/\/bristolmunicipality.ca\/fr\/residents\/recyclage-et-ordure\/\" \/>\n<meta property=\"og:site_name\" content=\"Municipality of Bristol\" \/>\n<meta property=\"article:modified_time\" content=\"2025-10-22T19:15:03+00:00\" \/>\n<meta property=\"og:image\" content=\"https:\/\/bristolmunicipality.ca\/wp-content\/uploads\/2025\/08\/bristol-transfer-station-building.webp\" \/>\n\t<meta property=\"og:image:width\" content=\"2000\" \/>\n\t<meta property=\"og:image:height\" content=\"1333\" \/>\n\t<meta property=\"og:image:type\" content=\"image\/webp\" \/>\n<meta name=\"twitter:card\" content=\"summary_large_image\" \/>\n<meta name=\"twitter:label1\" content=\"Dur\u00e9e de lecture estim\u00e9e\" \/>\n\t<meta name=\"twitter:data1\" content=\"1 minute\" \/>\n<script type=\"application\/ld+json\" class=\"yoast-schema-graph\">{\"@context\":\"https:\\\/\\\/schema.org\",\"@graph\":[{\"@type\":\"WebPage\",\"@id\":\"https:\\\/\\\/bristolmunicipality.ca\\\/fr\\\/residents\\\/recyclage-et-ordure\\\/\",\"url\":\"https:\\\/\\\/bristolmunicipality.ca\\\/fr\\\/residents\\\/recyclage-et-ordure\\\/\",\"name\":\"Recyclage et ordure - Municipality of Bristol\",\"isPartOf\":{\"@id\":\"https:\\\/\\\/bristolmunicipality.ca\\\/fr\\\/#website\"},\"primaryImageOfPage\":{\"@id\":\"https:\\\/\\\/bristolmunicipality.ca\\\/fr\\\/residents\\\/recyclage-et-ordure\\\/#primaryimage\"},\"image\":{\"@id\":\"https:\\\/\\\/bristolmunicipality.ca\\\/fr\\\/residents\\\/recyclage-et-ordure\\\/#primaryimage\"},\"thumbnailUrl\":\"https:\\\/\\\/bristolmunicipality.ca\\\/wp-content\\\/uploads\\\/2025\\\/08\\\/bristol-transfer-station-building.webp\",\"datePublished\":\"2024-08-25T08:45:21+00:00\",\"dateModified\":\"2025-10-22T19:15:03+00:00\",\"breadcrumb\":{\"@id\":\"https:\\\/\\\/bristolmunicipality.ca\\\/fr\\\/residents\\\/recyclage-et-ordure\\\/#breadcrumb\"},\"inLanguage\":\"fr-FR\",\"potentialAction\":[{\"@type\":\"ReadAction\",\"target\":[\"https:\\\/\\\/bristolmunicipality.ca\\\/fr\\\/residents\\\/recyclage-et-ordure\\\/\"]}]},{\"@type\":\"ImageObject\",\"inLanguage\":\"fr-FR\",\"@id\":\"https:\\\/\\\/bristolmunicipality.ca\\\/fr\\\/residents\\\/recyclage-et-ordure\\\/#primaryimage\",\"url\":\"https:\\\/\\\/bristolmunicipality.ca\\\/wp-content\\\/uploads\\\/2025\\\/08\\\/bristol-transfer-station-building.webp\",\"contentUrl\":\"https:\\\/\\\/bristolmunicipality.ca\\\/wp-content\\\/uploads\\\/2025\\\/08\\\/bristol-transfer-station-building.webp\",\"width\":2000,\"height\":1333,\"caption\":\"Transfer Station\"},{\"@type\":\"BreadcrumbList\",\"@id\":\"https:\\\/\\\/bristolmunicipality.ca\\\/fr\\\/residents\\\/recyclage-et-ordure\\\/#breadcrumb\",\"itemListElement\":[{\"@type\":\"ListItem\",\"position\":1,\"name\":\"Home\",\"item\":\"https:\\\/\\\/bristolmunicipality.ca\\\/fr\\\/\"},{\"@type\":\"ListItem\",\"position\":2,\"name\":\"R\u00e9sidents\",\"item\":\"https:\\\/\\\/bristolmunicipality.ca\\\/fr\\\/residents\\\/\"},{\"@type\":\"ListItem\",\"position\":3,\"name\":\"Recyclage et ordure\"}]},{\"@type\":\"WebSite\",\"@id\":\"https:\\\/\\\/bristolmunicipality.ca\\\/fr\\\/#website\",\"url\":\"https:\\\/\\\/bristolmunicipality.ca\\\/fr\\\/\",\"name\":\"Municipality of Bristol\",\"description\":\"Naturally Connected\",\"publisher\":{\"@id\":\"https:\\\/\\\/bristolmunicipality.ca\\\/fr\\\/#organization\"},\"potentialAction\":[{\"@type\":\"SearchAction\",\"target\":{\"@type\":\"EntryPoint\",\"urlTemplate\":\"https:\\\/\\\/bristolmunicipality.ca\\\/fr\\\/?s={search_term_string}\"},\"query-input\":{\"@type\":\"PropertyValueSpecification\",\"valueRequired\":true,\"valueName\":\"search_term_string\"}}],\"inLanguage\":\"fr-FR\"},{\"@type\":\"Organization\",\"@id\":\"https:\\\/\\\/bristolmunicipality.ca\\\/fr\\\/#organization\",\"name\":\"Municipality of Bristol\",\"url\":\"https:\\\/\\\/bristolmunicipality.ca\\\/fr\\\/\",\"logo\":{\"@type\":\"ImageObject\",\"inLanguage\":\"fr-FR\",\"@id\":\"https:\\\/\\\/bristolmunicipality.ca\\\/fr\\\/#\\\/schema\\\/logo\\\/image\\\/\",\"url\":\"https:\\\/\\\/bristolmunicipality.ca\\\/wp-content\\\/uploads\\\/2024\\\/08\\\/bristol-oval-logo.webp\",\"contentUrl\":\"https:\\\/\\\/bristolmunicipality.ca\\\/wp-content\\\/uploads\\\/2024\\\/08\\\/bristol-oval-logo.webp\",\"width\":1024,\"height\":541,\"caption\":\"Municipality of Bristol\"},\"image\":{\"@id\":\"https:\\\/\\\/bristolmunicipality.ca\\\/fr\\\/#\\\/schema\\\/logo\\\/image\\\/\"}}]}<\/script>\n<!-- \/ Yoast SEO plugin. -->","yoast_head_json":{"title":"Recyclage et ordure - Municipality of Bristol","robots":{"index":"index","follow":"follow","max-snippet":"max-snippet:-1","max-image-preview":"max-image-preview:large","max-video-preview":"max-video-preview:-1"},"canonical":"https:\/\/bristolmunicipality.ca\/fr\/residents\/recyclage-et-ordure\/","og_locale":"fr_FR","og_type":"article","og_title":"Recyclage et ordure - Municipality of Bristol","og_description":"Centre de transfert Location: 9 Chemin Birch, Bristol, QC J0X 1G0 Cliquez ici pour voir la carte Heures d\u2019ouverture : Venredi au lundi : 8 h \u00e0 17 h Mardi, mercredi et jeudi\u00a0 : FERM\u00c9 Jours f\u00e9ri\u00e9s : FERM\u00c9 Une liste compl\u00e8te de tous les mat\u00e9riaux accept\u00e9s est disponible dans la section Environnement du site [&hellip;]","og_url":"https:\/\/bristolmunicipality.ca\/fr\/residents\/recyclage-et-ordure\/","og_site_name":"Municipality of Bristol","article_modified_time":"2025-10-22T19:15:03+00:00","og_image":[{"width":2000,"height":1333,"url":"https:\/\/bristolmunicipality.ca\/wp-content\/uploads\/2025\/08\/bristol-transfer-station-building.webp","type":"image\/webp"}],"twitter_card":"summary_large_image","twitter_misc":{"Dur\u00e9e de lecture estim\u00e9e":"1 minute"},"schema":{"@context":"https:\/\/schema.org","@graph":[{"@type":"WebPage","@id":"https:\/\/bristolmunicipality.ca\/fr\/residents\/recyclage-et-ordure\/","url":"https:\/\/bristolmunicipality.ca\/fr\/residents\/recyclage-et-ordure\/","name":"Recyclage et ordure - Municipality of Bristol","isPartOf":{"@id":"https:\/\/bristolmunicipality.ca\/fr\/#website"},"primaryImageOfPage":{"@id":"https:\/\/bristolmunicipality.ca\/fr\/residents\/recyclage-et-ordure\/#primaryimage"},"image":{"@id":"https:\/\/bristolmunicipality.ca\/fr\/residents\/recyclage-et-ordure\/#primaryimage"},"thumbnailUrl":"https:\/\/bristolmunicipality.ca\/wp-content\/uploads\/2025\/08\/bristol-transfer-station-building.webp","datePublished":"2024-08-25T08:45:21+00:00","dateModified":"2025-10-22T19:15:03+00:00","breadcrumb":{"@id":"https:\/\/bristolmunicipality.ca\/fr\/residents\/recyclage-et-ordure\/#breadcrumb"},"inLanguage":"fr-FR","potentialAction":[{"@type":"ReadAction","target":["https:\/\/bristolmunicipality.ca\/fr\/residents\/recyclage-et-ordure\/"]}]},{"@type":"ImageObject","inLanguage":"fr-FR","@id":"https:\/\/bristolmunicipality.ca\/fr\/residents\/recyclage-et-ordure\/#primaryimage","url":"https:\/\/bristolmunicipality.ca\/wp-content\/uploads\/2025\/08\/bristol-transfer-station-building.webp","contentUrl":"https:\/\/bristolmunicipality.ca\/wp-content\/uploads\/2025\/08\/bristol-transfer-station-building.webp","width":2000,"height":1333,"caption":"Transfer Station"},{"@type":"BreadcrumbList","@id":"https:\/\/bristolmunicipality.ca\/fr\/residents\/recyclage-et-ordure\/#breadcrumb","itemListElement":[{"@type":"ListItem","position":1,"name":"Home","item":"https:\/\/bristolmunicipality.ca\/fr\/"},{"@type":"ListItem","position":2,"name":"R\u00e9sidents","item":"https:\/\/bristolmunicipality.ca\/fr\/residents\/"},{"@type":"ListItem","position":3,"name":"Recyclage et ordure"}]},{"@type":"WebSite","@id":"https:\/\/bristolmunicipality.ca\/fr\/#website","url":"https:\/\/bristolmunicipality.ca\/fr\/","name":"Municipality of Bristol","description":"Naturally Connected","publisher":{"@id":"https:\/\/bristolmunicipality.ca\/fr\/#organization"},"potentialAction":[{"@type":"SearchAction","target":{"@type":"EntryPoint","urlTemplate":"https:\/\/bristolmunicipality.ca\/fr\/?s={search_term_string}"},"query-input":{"@type":"PropertyValueSpecification","valueRequired":true,"valueName":"search_term_string"}}],"inLanguage":"fr-FR"},{"@type":"Organization","@id":"https:\/\/bristolmunicipality.ca\/fr\/#organization","name":"Municipality of Bristol","url":"https:\/\/bristolmunicipality.ca\/fr\/","logo":{"@type":"ImageObject","inLanguage":"fr-FR","@id":"https:\/\/bristolmunicipality.ca\/fr\/#\/schema\/logo\/image\/","url":"https:\/\/bristolmunicipality.ca\/wp-content\/uploads\/2024\/08\/bristol-oval-logo.webp","contentUrl":"https:\/\/bristolmunicipality.ca\/wp-content\/uploads\/2024\/08\/bristol-oval-logo.webp","width":1024,"height":541,"caption":"Municipality of Bristol"},"image":{"@id":"https:\/\/bristolmunicipality.ca\/fr\/#\/schema\/logo\/image\/"}}]}},"_links":{"self":[{"href":"https:\/\/bristolmunicipality.ca\/fr\/wp-json\/wp\/v2\/pages\/132","targetHints":{"allow":["GET"]}}],"collection":[{"href":"https:\/\/bristolmunicipality.ca\/fr\/wp-json\/wp\/v2\/pages"}],"about":[{"href":"https:\/\/bristolmunicipality.ca\/fr\/wp-json\/wp\/v2\/types\/page"}],"author":[{"embeddable":true,"href":"https:\/\/bristolmunicipality.ca\/fr\/wp-json\/wp\/v2\/users\/1"}],"replies":[{"embeddable":true,"href":"https:\/\/bristolmunicipality.ca\/fr\/wp-json\/wp\/v2\/comments?post=132"}],"version-history":[{"count":98,"href":"https:\/\/bristolmunicipality.ca\/fr\/wp-json\/wp\/v2\/pages\/132\/revisions"}],"predecessor-version":[{"id":11716,"href":"https:\/\/bristolmunicipality.ca\/fr\/wp-json\/wp\/v2\/pages\/132\/revisions\/11716"}],"up":[{"embeddable":true,"href":"https:\/\/bristolmunicipality.ca\/fr\/wp-json\/wp\/v2\/pages\/344"}],"wp:featuredmedia":[{"embeddable":true,"href":"https:\/\/bristolmunicipality.ca\/fr\/wp-json\/wp\/v2\/media\/9804"}],"wp:attachment":[{"href":"https:\/\/bristolmunicipality.ca\/fr\/wp-json\/wp\/v2\/media?parent=132"}],"curies":[{"name":"wp","href":"https:\/\/api.w.org\/{rel}","templated":true}]}}