{"id":127,"date":"2024-08-25T08:42:32","date_gmt":"2024-08-25T08:42:32","guid":{"rendered":"https:\/\/bristol.ottawavalleymedia.ca\/?page_id=127"},"modified":"2026-04-01T17:03:45","modified_gmt":"2026-04-01T21:03:45","slug":"payer-des-taxes","status":"publish","type":"page","link":"https:\/\/bristolmunicipality.ca\/fr\/residents\/payer-des-taxes\/","title":{"rendered":"Payer des taxes"},"content":{"rendered":"\t\t<div data-elementor-type=\"wp-page\" data-elementor-id=\"127\" class=\"elementor elementor-127\" data-elementor-post-type=\"page\">\n\t\t\t\t<div class=\"elementor-element elementor-element-f2d0b3a e-flex e-con-boxed e-con e-parent\" data-id=\"f2d0b3a\" data-element_type=\"container\" data-e-type=\"container\">\n\t\t\t\t\t<div class=\"e-con-inner\">\n\t\t\t\t<div class=\"elementor-element elementor-element-0db0279 elementor-widget elementor-widget-text-editor\" data-id=\"0db0279\" data-element_type=\"widget\" data-e-type=\"widget\" data-widget_type=\"text-editor.default\">\n\t\t\t\t<div class=\"elementor-widget-container\">\n\t\t\t\t\t\t\t\t\t<h2><strong>Paiement \u00e9chelonn\u00e9<\/strong><\/h2><p>Les taxes peuvent \u00eatre pay\u00e9es en plusieurs versements en fonction du montant total des taxes g\u00e9n\u00e9rales :<\/p><p>\u00a0<\/p><ul><li><strong>Un seul versement<\/strong> : si le montant total des taxes g\u00e9n\u00e9rales est inf\u00e9rieur \u00e0 300 $.<\/li><li><strong>Deux versements<\/strong> : si le montant total est compris entre 300 $ et 800 $.<\/li><li><strong>Trois versements<\/strong> : si le montant total d\u00e9passe 800 $.<\/li><\/ul><p>\u00a0<\/p><p>La taxe environnementale et la taxe sur les d\u00e9chets seront r\u00e9parties de mani\u00e8re \u00e9gale entre les versements si le montant total de la taxation g\u00e9n\u00e9rale est sup\u00e9rieur \u00e0 300 $.<\/p><p>\u00a0<\/p><p>Pour \u00e9viter de payer des int\u00e9r\u00eats, tous les paiements doivent \u00eatre re\u00e7us avant leur date d&rsquo;\u00e9ch\u00e9ance. Les dates d&rsquo;\u00e9ch\u00e9ance sp\u00e9cifiques pour le paiement des taxes sont <strong>le 1er avril<\/strong>, <strong>le 1er juillet<\/strong> et le <strong>1er octobre<\/strong>.<\/p>\t\t\t\t\t\t\t\t<\/div>\n\t\t\t\t<\/div>\n\t\t\t\t\t<\/div>\n\t\t\t\t<\/div>\n\t\t<div class=\"elementor-element elementor-element-f384a8d e-flex e-con-boxed e-con e-parent\" data-id=\"f384a8d\" data-element_type=\"container\" data-e-type=\"container\">\n\t\t\t\t\t<div class=\"e-con-inner\">\n\t\t<div class=\"elementor-element elementor-element-fb4d3be e-con-full e-flex e-con e-child\" data-id=\"fb4d3be\" data-element_type=\"container\" data-e-type=\"container\">\n\t\t\t\t<div class=\"elementor-element elementor-element-1c6e522 elementor-widget elementor-widget-text-editor\" data-id=\"1c6e522\" data-element_type=\"widget\" data-e-type=\"widget\" data-widget_type=\"text-editor.default\">\n\t\t\t\t<div class=\"elementor-widget-container\">\n\t\t\t\t\t\t\t\t\t<h2><strong>Modes de paiement pour r\u00e9gler vos imp\u00f4ts \u00e0 Bristol :<\/strong><\/h2><ul><li><strong>Esp\u00e8ces<\/strong><\/li><li><strong>Ch\u00e8que<\/strong><\/li><li><strong>Virement bancaire<\/strong><\/li><li><strong>Virement \u00e9lectronique<\/strong><\/li><li><strong>Cartes de cr\u00e9dit (en personne seulement)<\/strong><\/li><li><strong>Interac<\/strong><\/li><\/ul><p>Pour paiement bancaire en ligne vous aurez besoin de 21 num\u00e9ros : num\u00e9ro de Bristol 84005 votre num\u00e9ro de matricule (16 num\u00e9ros) 84005XXXXXXXXXXXXXXXX<\/p><p>\u00a0<\/p>\t\t\t\t\t\t\t\t<\/div>\n\t\t\t\t<\/div>\n\t\t\t\t<div class=\"elementor-element elementor-element-af9a16f elementor-widget elementor-widget-text-editor\" data-id=\"af9a16f\" data-element_type=\"widget\" data-e-type=\"widget\" data-widget_type=\"text-editor.default\">\n\t\t\t\t<div class=\"elementor-widget-container\">\n\t\t\t\t\t\t\t\t\t<h2><strong>Paiement des imp\u00f4ts par courrier ou en personne<\/strong><\/h2>\n<p>Si vous envoyez votre paiement par courrier, veuillez joindre le coupon de paiement d\u00e9tachable \u00e0 votre ch\u00e8que ou mandat postal libell\u00e9 \u00e0 l&rsquo;ordre de la Municipalit\u00e9 du Bristol. Vous pouvez \u00e9galement vous rendre en personne au bureau et payer par carte, en esp\u00e8ces ou par cr\u00e9dit \u00e0 l&rsquo;adresse suivante :<\/p>\n<p style=\"padding-left: 40px;\"><strong><em>Municipalit\u00e9 du Bristol<\/em><\/strong><\/p>\n<p style=\"padding-left: 40px;\">32 Ch d\u2019Aylmer<\/p>\n<p style=\"padding-left: 40px;\">Bristol, Quebec<\/p>\n<p style=\"padding-left: 40px;\">J0X 1G0<\/p>\t\t\t\t\t\t\t\t<\/div>\n\t\t\t\t<\/div>\n\t\t\t\t<div class=\"elementor-element elementor-element-3b14008 elementor-widget elementor-widget-text-editor\" data-id=\"3b14008\" data-element_type=\"widget\" data-e-type=\"widget\" data-widget_type=\"text-editor.default\">\n\t\t\t\t<div class=\"elementor-widget-container\">\n\t\t\t\t\t\t\t\t\t<h2>Taux d&rsquo;int\u00e9r\u00eat<\/h2><ul><li><strong>Arri\u00e9r\u00e9s d&rsquo;imp\u00f4ts<\/strong> : Le taux d&rsquo;int\u00e9r\u00eat sur les arri\u00e9r\u00e9s d&rsquo;imp\u00f4ts est de 18 %.<\/li><li><strong>Remorques<\/strong> : Un taux de 10,00 $ par mois est appliqu\u00e9 aux remorques qui ne figurent pas sur le r\u00f4le d&rsquo;\u00e9valuation, payable \u00e0 l&rsquo;avance.<\/li><\/ul>\t\t\t\t\t\t\t\t<\/div>\n\t\t\t\t<\/div>\n\t\t\t\t<\/div>\n\t\t<div class=\"elementor-element elementor-element-52056d6 e-con-full e-flex e-con e-child\" data-id=\"52056d6\" data-element_type=\"container\" data-e-type=\"container\">\n\t\t\t\t<div class=\"elementor-element elementor-element-0ab2b70 elementor-widget elementor-widget-text-editor\" data-id=\"0ab2b70\" data-element_type=\"widget\" data-e-type=\"widget\" data-widget_type=\"text-editor.default\">\n\t\t\t\t<div class=\"elementor-widget-container\">\n\t\t\t\t\t\t\t\t\t<p>Vous pouvez \u00e9galement joindre \u00e0 votre premier versement, deux autres ch\u00e8ques au montant du second et du troisi\u00e8me versement, portant la date \u00e0 laquelle ces versements sont dus.<\/p><p><br class=\"autobr\" \/>Tout ch\u00e8que doit \u00eatre fait sur un support papier fourni par une institution financi\u00e8re canadienne ou \u00e9trang\u00e8re ou obtenue aupr\u00e8s d\u2019une entreprise sp\u00e9cialis\u00e9e dans la confection de ch\u00e8ques. De plus, il doit \u00eatre tir\u00e9 sur un compte \u00e0 une succursale exer\u00e7ant son activit\u00e9 au Canada.<\/p><p>Si vous d\u00e9sirez obtenir des renseignements suppl\u00e9mentaires, n\u2019h\u00e9sitez pas \u00e0 utiliser l\u2019un ou l\u2019autre des moyens de communication mis \u00e0 votre disposition, que ce soit\u00a0:<\/p><p style=\"padding-left: 40px;\"><strong>1. par t\u00e9l\u00e9phone : <a href=\"tel:819-647-5555\">819-647-5555<\/a><\/strong><br class=\"autobr\" \/><strong>2. par courrier \u00e9lectronique : <a href=\"mailto:christina@bristolmunicipality.ca\">christina@bristolmunicipality.ca<\/a><\/strong><\/p>\t\t\t\t\t\t\t\t<\/div>\n\t\t\t\t<\/div>\n\t\t\t\t<\/div>\n\t\t\t\t\t<\/div>\n\t\t\t\t<\/div>\n\t\t\t\t<\/div>\n\t\t","protected":false},"excerpt":{"rendered":"<p>Paiement \u00e9chelonn\u00e9 Les taxes peuvent \u00eatre pay\u00e9es en plusieurs versements en fonction du montant total des taxes g\u00e9n\u00e9rales : \u00a0 Un seul versement : si le montant total des taxes g\u00e9n\u00e9rales est inf\u00e9rieur \u00e0 300 $. Deux versements : si le montant total est compris entre 300 $ et 800 $. Trois versements : si [&hellip;]<\/p>\n","protected":false},"author":1,"featured_media":4294,"parent":344,"menu_order":0,"comment_status":"closed","ping_status":"closed","template":"","meta":{"_acf_changed":false,"footnotes":""},"class_list":["post-127","page","type-page","status-publish","has-post-thumbnail","hentry"],"acf":[],"yoast_head":"<!-- This site is optimized with the Yoast SEO plugin v27.3 - https:\/\/yoast.com\/product\/yoast-seo-wordpress\/ -->\n<title>Payer des taxes - Municipality of Bristol<\/title>\n<meta name=\"robots\" content=\"index, follow, max-snippet:-1, max-image-preview:large, max-video-preview:-1\" \/>\n<link rel=\"canonical\" href=\"https:\/\/bristolmunicipality.ca\/fr\/residents\/payer-des-taxes\/\" \/>\n<meta property=\"og:locale\" content=\"fr_FR\" \/>\n<meta property=\"og:type\" content=\"article\" \/>\n<meta property=\"og:title\" content=\"Payer des taxes - Municipality of Bristol\" \/>\n<meta property=\"og:description\" content=\"Paiement \u00e9chelonn\u00e9 Les taxes peuvent \u00eatre pay\u00e9es en plusieurs versements en fonction du montant total des taxes g\u00e9n\u00e9rales : \u00a0 Un seul versement : si le montant total des taxes g\u00e9n\u00e9rales est inf\u00e9rieur \u00e0 300 $. Deux versements : si le montant total est compris entre 300 $ et 800 $. Trois versements : si [&hellip;]\" \/>\n<meta property=\"og:url\" content=\"https:\/\/bristolmunicipality.ca\/fr\/residents\/payer-des-taxes\/\" \/>\n<meta property=\"og:site_name\" content=\"Municipality of Bristol\" \/>\n<meta property=\"article:modified_time\" content=\"2026-04-01T21:03:45+00:00\" \/>\n<meta property=\"og:image\" content=\"https:\/\/bristolmunicipality.ca\/wp-content\/uploads\/2025\/03\/piggy-bank-is-asked-to-pay-taxes-2025-03-18--scaled-e1743101626625.jpg\" \/>\n\t<meta property=\"og:image:width\" content=\"2560\" \/>\n\t<meta property=\"og:image:height\" content=\"772\" \/>\n\t<meta property=\"og:image:type\" content=\"image\/jpeg\" \/>\n<meta name=\"twitter:card\" content=\"summary_large_image\" \/>\n<meta name=\"twitter:label1\" content=\"Dur\u00e9e de lecture estim\u00e9e\" \/>\n\t<meta name=\"twitter:data1\" content=\"2 minutes\" \/>\n<script type=\"application\/ld+json\" class=\"yoast-schema-graph\">{\"@context\":\"https:\\\/\\\/schema.org\",\"@graph\":[{\"@type\":\"WebPage\",\"@id\":\"https:\\\/\\\/bristolmunicipality.ca\\\/fr\\\/residents\\\/payer-des-taxes\\\/\",\"url\":\"https:\\\/\\\/bristolmunicipality.ca\\\/fr\\\/residents\\\/payer-des-taxes\\\/\",\"name\":\"Payer des taxes - Municipality of Bristol\",\"isPartOf\":{\"@id\":\"https:\\\/\\\/bristolmunicipality.ca\\\/fr\\\/#website\"},\"primaryImageOfPage\":{\"@id\":\"https:\\\/\\\/bristolmunicipality.ca\\\/fr\\\/residents\\\/payer-des-taxes\\\/#primaryimage\"},\"image\":{\"@id\":\"https:\\\/\\\/bristolmunicipality.ca\\\/fr\\\/residents\\\/payer-des-taxes\\\/#primaryimage\"},\"thumbnailUrl\":\"https:\\\/\\\/bristolmunicipality.ca\\\/wp-content\\\/uploads\\\/2025\\\/03\\\/piggy-bank-is-asked-to-pay-taxes-2025-03-18--scaled-e1743101626625.jpg\",\"datePublished\":\"2024-08-25T08:42:32+00:00\",\"dateModified\":\"2026-04-01T21:03:45+00:00\",\"breadcrumb\":{\"@id\":\"https:\\\/\\\/bristolmunicipality.ca\\\/fr\\\/residents\\\/payer-des-taxes\\\/#breadcrumb\"},\"inLanguage\":\"fr-FR\",\"potentialAction\":[{\"@type\":\"ReadAction\",\"target\":[\"https:\\\/\\\/bristolmunicipality.ca\\\/fr\\\/residents\\\/payer-des-taxes\\\/\"]}]},{\"@type\":\"ImageObject\",\"inLanguage\":\"fr-FR\",\"@id\":\"https:\\\/\\\/bristolmunicipality.ca\\\/fr\\\/residents\\\/payer-des-taxes\\\/#primaryimage\",\"url\":\"https:\\\/\\\/bristolmunicipality.ca\\\/wp-content\\\/uploads\\\/2025\\\/03\\\/piggy-bank-is-asked-to-pay-taxes-2025-03-18--scaled-e1743101626625.jpg\",\"contentUrl\":\"https:\\\/\\\/bristolmunicipality.ca\\\/wp-content\\\/uploads\\\/2025\\\/03\\\/piggy-bank-is-asked-to-pay-taxes-2025-03-18--scaled-e1743101626625.jpg\",\"width\":2560,\"height\":772,\"caption\":\"Piggy bank is asked to pay taxes. High tax and a heavy burden on business. Fees for deposits and savings. Avoidance of overpayments on taxes and audit. Inefficient use of taxpayers budget money.\"},{\"@type\":\"BreadcrumbList\",\"@id\":\"https:\\\/\\\/bristolmunicipality.ca\\\/fr\\\/residents\\\/payer-des-taxes\\\/#breadcrumb\",\"itemListElement\":[{\"@type\":\"ListItem\",\"position\":1,\"name\":\"Home\",\"item\":\"https:\\\/\\\/bristolmunicipality.ca\\\/fr\\\/\"},{\"@type\":\"ListItem\",\"position\":2,\"name\":\"R\u00e9sidents\",\"item\":\"https:\\\/\\\/bristolmunicipality.ca\\\/fr\\\/residents\\\/\"},{\"@type\":\"ListItem\",\"position\":3,\"name\":\"Payer des taxes\"}]},{\"@type\":\"WebSite\",\"@id\":\"https:\\\/\\\/bristolmunicipality.ca\\\/fr\\\/#website\",\"url\":\"https:\\\/\\\/bristolmunicipality.ca\\\/fr\\\/\",\"name\":\"Municipality of Bristol\",\"description\":\"Naturally Connected\",\"publisher\":{\"@id\":\"https:\\\/\\\/bristolmunicipality.ca\\\/fr\\\/#organization\"},\"potentialAction\":[{\"@type\":\"SearchAction\",\"target\":{\"@type\":\"EntryPoint\",\"urlTemplate\":\"https:\\\/\\\/bristolmunicipality.ca\\\/fr\\\/?s={search_term_string}\"},\"query-input\":{\"@type\":\"PropertyValueSpecification\",\"valueRequired\":true,\"valueName\":\"search_term_string\"}}],\"inLanguage\":\"fr-FR\"},{\"@type\":\"Organization\",\"@id\":\"https:\\\/\\\/bristolmunicipality.ca\\\/fr\\\/#organization\",\"name\":\"Municipality of Bristol\",\"url\":\"https:\\\/\\\/bristolmunicipality.ca\\\/fr\\\/\",\"logo\":{\"@type\":\"ImageObject\",\"inLanguage\":\"fr-FR\",\"@id\":\"https:\\\/\\\/bristolmunicipality.ca\\\/fr\\\/#\\\/schema\\\/logo\\\/image\\\/\",\"url\":\"https:\\\/\\\/bristolmunicipality.ca\\\/wp-content\\\/uploads\\\/2024\\\/08\\\/bristol-oval-logo.webp\",\"contentUrl\":\"https:\\\/\\\/bristolmunicipality.ca\\\/wp-content\\\/uploads\\\/2024\\\/08\\\/bristol-oval-logo.webp\",\"width\":1024,\"height\":541,\"caption\":\"Municipality of Bristol\"},\"image\":{\"@id\":\"https:\\\/\\\/bristolmunicipality.ca\\\/fr\\\/#\\\/schema\\\/logo\\\/image\\\/\"}}]}<\/script>\n<!-- \/ Yoast SEO plugin. -->","yoast_head_json":{"title":"Payer des taxes - Municipality of Bristol","robots":{"index":"index","follow":"follow","max-snippet":"max-snippet:-1","max-image-preview":"max-image-preview:large","max-video-preview":"max-video-preview:-1"},"canonical":"https:\/\/bristolmunicipality.ca\/fr\/residents\/payer-des-taxes\/","og_locale":"fr_FR","og_type":"article","og_title":"Payer des taxes - Municipality of Bristol","og_description":"Paiement \u00e9chelonn\u00e9 Les taxes peuvent \u00eatre pay\u00e9es en plusieurs versements en fonction du montant total des taxes g\u00e9n\u00e9rales : \u00a0 Un seul versement : si le montant total des taxes g\u00e9n\u00e9rales est inf\u00e9rieur \u00e0 300 $. Deux versements : si le montant total est compris entre 300 $ et 800 $. Trois versements : si [&hellip;]","og_url":"https:\/\/bristolmunicipality.ca\/fr\/residents\/payer-des-taxes\/","og_site_name":"Municipality of Bristol","article_modified_time":"2026-04-01T21:03:45+00:00","og_image":[{"width":2560,"height":772,"url":"https:\/\/bristolmunicipality.ca\/wp-content\/uploads\/2025\/03\/piggy-bank-is-asked-to-pay-taxes-2025-03-18--scaled-e1743101626625.jpg","type":"image\/jpeg"}],"twitter_card":"summary_large_image","twitter_misc":{"Dur\u00e9e de lecture estim\u00e9e":"2 minutes"},"schema":{"@context":"https:\/\/schema.org","@graph":[{"@type":"WebPage","@id":"https:\/\/bristolmunicipality.ca\/fr\/residents\/payer-des-taxes\/","url":"https:\/\/bristolmunicipality.ca\/fr\/residents\/payer-des-taxes\/","name":"Payer des taxes - Municipality of Bristol","isPartOf":{"@id":"https:\/\/bristolmunicipality.ca\/fr\/#website"},"primaryImageOfPage":{"@id":"https:\/\/bristolmunicipality.ca\/fr\/residents\/payer-des-taxes\/#primaryimage"},"image":{"@id":"https:\/\/bristolmunicipality.ca\/fr\/residents\/payer-des-taxes\/#primaryimage"},"thumbnailUrl":"https:\/\/bristolmunicipality.ca\/wp-content\/uploads\/2025\/03\/piggy-bank-is-asked-to-pay-taxes-2025-03-18--scaled-e1743101626625.jpg","datePublished":"2024-08-25T08:42:32+00:00","dateModified":"2026-04-01T21:03:45+00:00","breadcrumb":{"@id":"https:\/\/bristolmunicipality.ca\/fr\/residents\/payer-des-taxes\/#breadcrumb"},"inLanguage":"fr-FR","potentialAction":[{"@type":"ReadAction","target":["https:\/\/bristolmunicipality.ca\/fr\/residents\/payer-des-taxes\/"]}]},{"@type":"ImageObject","inLanguage":"fr-FR","@id":"https:\/\/bristolmunicipality.ca\/fr\/residents\/payer-des-taxes\/#primaryimage","url":"https:\/\/bristolmunicipality.ca\/wp-content\/uploads\/2025\/03\/piggy-bank-is-asked-to-pay-taxes-2025-03-18--scaled-e1743101626625.jpg","contentUrl":"https:\/\/bristolmunicipality.ca\/wp-content\/uploads\/2025\/03\/piggy-bank-is-asked-to-pay-taxes-2025-03-18--scaled-e1743101626625.jpg","width":2560,"height":772,"caption":"Piggy bank is asked to pay taxes. High tax and a heavy burden on business. Fees for deposits and savings. Avoidance of overpayments on taxes and audit. Inefficient use of taxpayers budget money."},{"@type":"BreadcrumbList","@id":"https:\/\/bristolmunicipality.ca\/fr\/residents\/payer-des-taxes\/#breadcrumb","itemListElement":[{"@type":"ListItem","position":1,"name":"Home","item":"https:\/\/bristolmunicipality.ca\/fr\/"},{"@type":"ListItem","position":2,"name":"R\u00e9sidents","item":"https:\/\/bristolmunicipality.ca\/fr\/residents\/"},{"@type":"ListItem","position":3,"name":"Payer des taxes"}]},{"@type":"WebSite","@id":"https:\/\/bristolmunicipality.ca\/fr\/#website","url":"https:\/\/bristolmunicipality.ca\/fr\/","name":"Municipality of Bristol","description":"Naturally Connected","publisher":{"@id":"https:\/\/bristolmunicipality.ca\/fr\/#organization"},"potentialAction":[{"@type":"SearchAction","target":{"@type":"EntryPoint","urlTemplate":"https:\/\/bristolmunicipality.ca\/fr\/?s={search_term_string}"},"query-input":{"@type":"PropertyValueSpecification","valueRequired":true,"valueName":"search_term_string"}}],"inLanguage":"fr-FR"},{"@type":"Organization","@id":"https:\/\/bristolmunicipality.ca\/fr\/#organization","name":"Municipality of Bristol","url":"https:\/\/bristolmunicipality.ca\/fr\/","logo":{"@type":"ImageObject","inLanguage":"fr-FR","@id":"https:\/\/bristolmunicipality.ca\/fr\/#\/schema\/logo\/image\/","url":"https:\/\/bristolmunicipality.ca\/wp-content\/uploads\/2024\/08\/bristol-oval-logo.webp","contentUrl":"https:\/\/bristolmunicipality.ca\/wp-content\/uploads\/2024\/08\/bristol-oval-logo.webp","width":1024,"height":541,"caption":"Municipality of Bristol"},"image":{"@id":"https:\/\/bristolmunicipality.ca\/fr\/#\/schema\/logo\/image\/"}}]}},"_links":{"self":[{"href":"https:\/\/bristolmunicipality.ca\/fr\/wp-json\/wp\/v2\/pages\/127","targetHints":{"allow":["GET"]}}],"collection":[{"href":"https:\/\/bristolmunicipality.ca\/fr\/wp-json\/wp\/v2\/pages"}],"about":[{"href":"https:\/\/bristolmunicipality.ca\/fr\/wp-json\/wp\/v2\/types\/page"}],"author":[{"embeddable":true,"href":"https:\/\/bristolmunicipality.ca\/fr\/wp-json\/wp\/v2\/users\/1"}],"replies":[{"embeddable":true,"href":"https:\/\/bristolmunicipality.ca\/fr\/wp-json\/wp\/v2\/comments?post=127"}],"version-history":[{"count":68,"href":"https:\/\/bristolmunicipality.ca\/fr\/wp-json\/wp\/v2\/pages\/127\/revisions"}],"predecessor-version":[{"id":13310,"href":"https:\/\/bristolmunicipality.ca\/fr\/wp-json\/wp\/v2\/pages\/127\/revisions\/13310"}],"up":[{"embeddable":true,"href":"https:\/\/bristolmunicipality.ca\/fr\/wp-json\/wp\/v2\/pages\/344"}],"wp:featuredmedia":[{"embeddable":true,"href":"https:\/\/bristolmunicipality.ca\/fr\/wp-json\/wp\/v2\/media\/4294"}],"wp:attachment":[{"href":"https:\/\/bristolmunicipality.ca\/fr\/wp-json\/wp\/v2\/media?parent=127"}],"curies":[{"name":"wp","href":"https:\/\/api.w.org\/{rel}","templated":true}]}}