{"id":115,"date":"2024-08-25T08:20:35","date_gmt":"2024-08-25T08:20:35","guid":{"rendered":"https:\/\/bristol.ottawavalleymedia.ca\/?page_id=115"},"modified":"2025-10-22T15:06:14","modified_gmt":"2025-10-22T19:06:14","slug":"annuaire-des-employes","status":"publish","type":"page","link":"https:\/\/bristolmunicipality.ca\/fr\/municipalite\/annuaire-des-employes\/","title":{"rendered":"Annuaire des employ\u00e9s"},"content":{"rendered":"\t\t<div data-elementor-type=\"wp-page\" data-elementor-id=\"115\" class=\"elementor elementor-115\" data-elementor-post-type=\"page\">\n\t\t\t\t<div class=\"elementor-element elementor-element-8474702 e-flex e-con-boxed e-con e-parent\" data-id=\"8474702\" data-element_type=\"container\" data-e-type=\"container\">\n\t\t\t\t\t<div class=\"e-con-inner\">\n\t\t<div class=\"elementor-element elementor-element-68ba7a0 e-con-full e-flex e-con e-child\" data-id=\"68ba7a0\" data-element_type=\"container\" data-e-type=\"container\">\n\t\t\t\t<div class=\"elementor-element elementor-element-22f9c39 elementor-widget elementor-widget-text-editor\" data-id=\"22f9c39\" data-element_type=\"widget\" data-e-type=\"widget\" data-widget_type=\"text-editor.default\">\n\t\t\t\t<div class=\"elementor-widget-container\">\n\t\t\t\t\t\t\t\t\t<p>Vous trouverez ici des informations sur les membres du personnel d\u00e9vou\u00e9s qui travaillent sans rel\u00e2che \u00e0 l&rsquo;entretien et \u00e0 l&rsquo;am\u00e9lioration de notre communaut\u00e9. Notre \u00e9quipe, qui comprend le personnel administratif, les agents d&rsquo;entretien, les agents de s\u00e9curit\u00e9 publique et les planificateurs communautaires, s&rsquo;engage \u00e0 fournir un service et un soutien exceptionnels. Cet annuaire permet aux r\u00e9sidents et aux visiteurs de prendre facilement contact avec les personnes qui assurent le bon fonctionnement et le dynamisme de notre municipalit\u00e9.<\/p>\t\t\t\t\t\t\t\t<\/div>\n\t\t\t\t<\/div>\n\t\t\t\t<\/div>\n\t\t<div class=\"elementor-element elementor-element-7932f66 e-con-full e-flex e-con e-child\" data-id=\"7932f66\" data-element_type=\"container\" data-e-type=\"container\">\n\t\t\t\t<div class=\"elementor-element elementor-element-9d1c938 elementor-widget elementor-widget-image\" data-id=\"9d1c938\" data-element_type=\"widget\" data-e-type=\"widget\" data-widget_type=\"image.default\">\n\t\t\t\t<div class=\"elementor-widget-container\">\n\t\t\t\t\t\t\t\t\t\t\t\t\t\t\t<img fetchpriority=\"high\" decoding=\"async\" width=\"800\" height=\"534\" src=\"https:\/\/bristolmunicipality.ca\/wp-content\/uploads\/2025\/07\/Bristol-town-hall-1024x683.webp\" class=\"attachment-large size-large wp-image-7638\" alt=\"\" srcset=\"https:\/\/bristolmunicipality.ca\/wp-content\/uploads\/2025\/07\/Bristol-town-hall-1024x683.webp 1024w, https:\/\/bristolmunicipality.ca\/wp-content\/uploads\/2025\/07\/Bristol-town-hall-300x200.webp 300w, https:\/\/bristolmunicipality.ca\/wp-content\/uploads\/2025\/07\/Bristol-town-hall-768x512.webp 768w, https:\/\/bristolmunicipality.ca\/wp-content\/uploads\/2025\/07\/Bristol-town-hall-1536x1024.webp 1536w, https:\/\/bristolmunicipality.ca\/wp-content\/uploads\/2025\/07\/Bristol-town-hall-2048x1365.webp 2048w\" sizes=\"(max-width: 800px) 100vw, 800px\" \/>\t\t\t\t\t\t\t\t\t\t\t\t\t\t\t<\/div>\n\t\t\t\t<\/div>\n\t\t\t\t<\/div>\n\t\t\t\t\t<\/div>\n\t\t\t\t<\/div>\n\t\t<div class=\"elementor-element elementor-element-5b70490 e-flex e-con-boxed e-con e-parent\" data-id=\"5b70490\" data-element_type=\"container\" data-e-type=\"container\">\n\t\t\t\t\t<div class=\"e-con-inner\">\n\t\t<div class=\"elementor-element elementor-element-a377cf7 e-con-full e-flex e-con e-child\" data-id=\"a377cf7\" data-element_type=\"container\" data-e-type=\"container\" data-settings=\"{&quot;background_background&quot;:&quot;classic&quot;}\">\n\t\t\t\t<div class=\"elementor-element elementor-element-10b36b4 elementor-widget elementor-widget-heading\" data-id=\"10b36b4\" data-element_type=\"widget\" data-e-type=\"widget\" data-widget_type=\"heading.default\">\n\t\t\t\t<div class=\"elementor-widget-container\">\n\t\t\t\t\t<h3 class=\"elementor-heading-title elementor-size-default\">Christina Peck<\/h3>\t\t\t\t<\/div>\n\t\t\t\t<\/div>\n\t\t\t\t<div class=\"elementor-element elementor-element-c5abfb8 elementor-widget elementor-widget-text-editor\" data-id=\"c5abfb8\" data-element_type=\"widget\" data-e-type=\"widget\" data-widget_type=\"text-editor.default\">\n\t\t\t\t<div class=\"elementor-widget-container\">\n\t\t\t\t\t\t\t\t\t<p>Directrice g\u00e9n\u00e9rale<\/p><p><a href=\"mailto:christina@bristolmunicipality.ca\"><em>christina@bristolmunicipality.ca<\/em><\/a><\/p>\t\t\t\t\t\t\t\t<\/div>\n\t\t\t\t<\/div>\n\t\t\t\t<\/div>\n\t\t<div class=\"elementor-element elementor-element-d744917 e-con-full e-flex e-con e-child\" data-id=\"d744917\" data-element_type=\"container\" data-e-type=\"container\" data-settings=\"{&quot;background_background&quot;:&quot;classic&quot;}\">\n\t\t\t\t<div class=\"elementor-element elementor-element-05d83c4 elementor-widget elementor-widget-heading\" data-id=\"05d83c4\" data-element_type=\"widget\" data-e-type=\"widget\" data-widget_type=\"heading.default\">\n\t\t\t\t<div class=\"elementor-widget-container\">\n\t\t\t\t\t<h3 class=\"elementor-heading-title elementor-size-default\">Linda Monette<\/h3>\t\t\t\t<\/div>\n\t\t\t\t<\/div>\n\t\t\t\t<div class=\"elementor-element elementor-element-a342b4a elementor-widget elementor-widget-text-editor\" data-id=\"a342b4a\" data-element_type=\"widget\" data-e-type=\"widget\" data-widget_type=\"text-editor.default\">\n\t\t\t\t<div class=\"elementor-widget-container\">\n\t\t\t\t\t\t\t\t\t<p>Assistante administrative<\/p><p><a href=\"mailto:linda@bristolmunicipality.ca\">linda@bristolmunicipality.ca<\/a><\/p>\t\t\t\t\t\t\t\t<\/div>\n\t\t\t\t<\/div>\n\t\t\t\t<\/div>\n\t\t<div class=\"elementor-element elementor-element-abe90c2 e-con-full e-flex e-con e-child\" data-id=\"abe90c2\" data-element_type=\"container\" data-e-type=\"container\" data-settings=\"{&quot;background_background&quot;:&quot;classic&quot;}\">\n\t\t\t\t<div class=\"elementor-element elementor-element-86c4f1a elementor-widget elementor-widget-heading\" data-id=\"86c4f1a\" data-element_type=\"widget\" data-e-type=\"widget\" data-widget_type=\"heading.default\">\n\t\t\t\t<div class=\"elementor-widget-container\">\n\t\t\t\t\t<h3 class=\"elementor-heading-title elementor-size-default\">Marjorie Groulx-Tellier<\/h3>\t\t\t\t<\/div>\n\t\t\t\t<\/div>\n\t\t\t\t<div class=\"elementor-element elementor-element-206da8b elementor-widget elementor-widget-text-editor\" data-id=\"206da8b\" data-element_type=\"widget\" data-e-type=\"widget\" data-widget_type=\"text-editor.default\">\n\t\t\t\t<div class=\"elementor-widget-container\">\n\t\t\t\t\t\t\t\t\t<p>Inspectrice des b\u00e2timents<\/p><p><a href=\"mailto:marjorie@bristolmunicipality.ca\">marjorie@bristolmunicipality.ca<\/a><\/p>\t\t\t\t\t\t\t\t<\/div>\n\t\t\t\t<\/div>\n\t\t\t\t<\/div>\n\t\t<div class=\"elementor-element elementor-element-627ebf3 e-con-full e-flex e-con e-child\" data-id=\"627ebf3\" data-element_type=\"container\" data-e-type=\"container\" data-settings=\"{&quot;background_background&quot;:&quot;classic&quot;}\">\n\t\t\t\t<div class=\"elementor-element elementor-element-2128f42 elementor-widget elementor-widget-heading\" data-id=\"2128f42\" data-element_type=\"widget\" data-e-type=\"widget\" data-widget_type=\"heading.default\">\n\t\t\t\t<div class=\"elementor-widget-container\">\n\t\t\t\t\t<h3 class=\"elementor-heading-title elementor-size-default\">Chris McCuen<\/h3>\t\t\t\t<\/div>\n\t\t\t\t<\/div>\n\t\t\t\t<div class=\"elementor-element elementor-element-f9f6fd1 elementor-widget elementor-widget-text-editor\" data-id=\"f9f6fd1\" data-element_type=\"widget\" data-e-type=\"widget\" data-widget_type=\"text-editor.default\">\n\t\t\t\t<div class=\"elementor-widget-container\">\n\t\t\t\t\t\t\t\t\t<p>Agent charg\u00e9 de l&rsquo;application des r\u00e8glements<\/p><p><a href=\"mailto:ken@bristolmunicipality.ca\">chris@bristolmunicipality.ca<\/a><\/p>\t\t\t\t\t\t\t\t<\/div>\n\t\t\t\t<\/div>\n\t\t\t\t<\/div>\n\t\t\t\t\t<\/div>\n\t\t\t\t<\/div>\n\t\t\t\t<\/div>\n\t\t","protected":false},"excerpt":{"rendered":"<p>Vous trouverez ici des informations sur les membres du personnel d\u00e9vou\u00e9s qui travaillent sans rel\u00e2che \u00e0 l&rsquo;entretien et \u00e0 l&rsquo;am\u00e9lioration de notre communaut\u00e9. Notre \u00e9quipe, qui comprend le personnel administratif, les agents d&rsquo;entretien, les agents de s\u00e9curit\u00e9 publique et les planificateurs communautaires, s&rsquo;engage \u00e0 fournir un service et un soutien exceptionnels. Cet annuaire permet aux [&hellip;]<\/p>\n","protected":false},"author":1,"featured_media":7590,"parent":248,"menu_order":0,"comment_status":"closed","ping_status":"closed","template":"","meta":{"_acf_changed":false,"footnotes":""},"class_list":["post-115","page","type-page","status-publish","has-post-thumbnail","hentry"],"acf":[],"yoast_head":"<!-- This site is optimized with the Yoast SEO plugin v27.3 - https:\/\/yoast.com\/product\/yoast-seo-wordpress\/ -->\n<title>Annuaire des employ\u00e9s - Municipality of Bristol<\/title>\n<meta name=\"robots\" content=\"index, follow, max-snippet:-1, max-image-preview:large, max-video-preview:-1\" \/>\n<link rel=\"canonical\" href=\"https:\/\/bristolmunicipality.ca\/fr\/municipalite\/annuaire-des-employes\/\" \/>\n<meta property=\"og:locale\" content=\"fr_FR\" \/>\n<meta property=\"og:type\" content=\"article\" \/>\n<meta property=\"og:title\" content=\"Annuaire des employ\u00e9s - Municipality of Bristol\" \/>\n<meta property=\"og:description\" content=\"Vous trouverez ici des informations sur les membres du personnel d\u00e9vou\u00e9s qui travaillent sans rel\u00e2che \u00e0 l&rsquo;entretien et \u00e0 l&rsquo;am\u00e9lioration de notre communaut\u00e9. Notre \u00e9quipe, qui comprend le personnel administratif, les agents d&rsquo;entretien, les agents de s\u00e9curit\u00e9 publique et les planificateurs communautaires, s&rsquo;engage \u00e0 fournir un service et un soutien exceptionnels. Cet annuaire permet aux [&hellip;]\" \/>\n<meta property=\"og:url\" content=\"https:\/\/bristolmunicipality.ca\/fr\/municipalite\/annuaire-des-employes\/\" \/>\n<meta property=\"og:site_name\" content=\"Municipality of Bristol\" \/>\n<meta property=\"article:modified_time\" content=\"2025-10-22T19:06:14+00:00\" \/>\n<meta property=\"og:image\" content=\"https:\/\/bristolmunicipality.ca\/wp-content\/uploads\/2025\/07\/town-hall-entrance.webp\" \/>\n\t<meta property=\"og:image:width\" content=\"2000\" \/>\n\t<meta property=\"og:image:height\" content=\"1333\" \/>\n\t<meta property=\"og:image:type\" content=\"image\/webp\" \/>\n<meta name=\"twitter:card\" content=\"summary_large_image\" \/>\n<meta name=\"twitter:label1\" content=\"Dur\u00e9e de lecture estim\u00e9e\" \/>\n\t<meta name=\"twitter:data1\" content=\"1 minute\" \/>\n<script type=\"application\/ld+json\" class=\"yoast-schema-graph\">{\"@context\":\"https:\\\/\\\/schema.org\",\"@graph\":[{\"@type\":\"WebPage\",\"@id\":\"https:\\\/\\\/bristolmunicipality.ca\\\/fr\\\/municipalite\\\/annuaire-des-employes\\\/\",\"url\":\"https:\\\/\\\/bristolmunicipality.ca\\\/fr\\\/municipalite\\\/annuaire-des-employes\\\/\",\"name\":\"Annuaire des employ\u00e9s - Municipality of Bristol\",\"isPartOf\":{\"@id\":\"https:\\\/\\\/bristolmunicipality.ca\\\/fr\\\/#website\"},\"primaryImageOfPage\":{\"@id\":\"https:\\\/\\\/bristolmunicipality.ca\\\/fr\\\/municipalite\\\/annuaire-des-employes\\\/#primaryimage\"},\"image\":{\"@id\":\"https:\\\/\\\/bristolmunicipality.ca\\\/fr\\\/municipalite\\\/annuaire-des-employes\\\/#primaryimage\"},\"thumbnailUrl\":\"https:\\\/\\\/bristolmunicipality.ca\\\/wp-content\\\/uploads\\\/2025\\\/07\\\/town-hall-entrance.webp\",\"datePublished\":\"2024-08-25T08:20:35+00:00\",\"dateModified\":\"2025-10-22T19:06:14+00:00\",\"breadcrumb\":{\"@id\":\"https:\\\/\\\/bristolmunicipality.ca\\\/fr\\\/municipalite\\\/annuaire-des-employes\\\/#breadcrumb\"},\"inLanguage\":\"fr-FR\",\"potentialAction\":[{\"@type\":\"ReadAction\",\"target\":[\"https:\\\/\\\/bristolmunicipality.ca\\\/fr\\\/municipalite\\\/annuaire-des-employes\\\/\"]}]},{\"@type\":\"ImageObject\",\"inLanguage\":\"fr-FR\",\"@id\":\"https:\\\/\\\/bristolmunicipality.ca\\\/fr\\\/municipalite\\\/annuaire-des-employes\\\/#primaryimage\",\"url\":\"https:\\\/\\\/bristolmunicipality.ca\\\/wp-content\\\/uploads\\\/2025\\\/07\\\/town-hall-entrance.webp\",\"contentUrl\":\"https:\\\/\\\/bristolmunicipality.ca\\\/wp-content\\\/uploads\\\/2025\\\/07\\\/town-hall-entrance.webp\",\"width\":2000,\"height\":1333,\"caption\":\"Town Hall Entrance\"},{\"@type\":\"BreadcrumbList\",\"@id\":\"https:\\\/\\\/bristolmunicipality.ca\\\/fr\\\/municipalite\\\/annuaire-des-employes\\\/#breadcrumb\",\"itemListElement\":[{\"@type\":\"ListItem\",\"position\":1,\"name\":\"Home\",\"item\":\"https:\\\/\\\/bristolmunicipality.ca\\\/fr\\\/\"},{\"@type\":\"ListItem\",\"position\":2,\"name\":\"Municipalit\u00e9\",\"item\":\"https:\\\/\\\/bristolmunicipality.ca\\\/fr\\\/municipality\\\/\"},{\"@type\":\"ListItem\",\"position\":3,\"name\":\"Annuaire des employ\u00e9s\"}]},{\"@type\":\"WebSite\",\"@id\":\"https:\\\/\\\/bristolmunicipality.ca\\\/fr\\\/#website\",\"url\":\"https:\\\/\\\/bristolmunicipality.ca\\\/fr\\\/\",\"name\":\"Municipality of Bristol\",\"description\":\"Naturally Connected\",\"publisher\":{\"@id\":\"https:\\\/\\\/bristolmunicipality.ca\\\/fr\\\/#organization\"},\"potentialAction\":[{\"@type\":\"SearchAction\",\"target\":{\"@type\":\"EntryPoint\",\"urlTemplate\":\"https:\\\/\\\/bristolmunicipality.ca\\\/fr\\\/?s={search_term_string}\"},\"query-input\":{\"@type\":\"PropertyValueSpecification\",\"valueRequired\":true,\"valueName\":\"search_term_string\"}}],\"inLanguage\":\"fr-FR\"},{\"@type\":\"Organization\",\"@id\":\"https:\\\/\\\/bristolmunicipality.ca\\\/fr\\\/#organization\",\"name\":\"Municipality of Bristol\",\"url\":\"https:\\\/\\\/bristolmunicipality.ca\\\/fr\\\/\",\"logo\":{\"@type\":\"ImageObject\",\"inLanguage\":\"fr-FR\",\"@id\":\"https:\\\/\\\/bristolmunicipality.ca\\\/fr\\\/#\\\/schema\\\/logo\\\/image\\\/\",\"url\":\"https:\\\/\\\/bristolmunicipality.ca\\\/wp-content\\\/uploads\\\/2024\\\/08\\\/bristol-oval-logo.webp\",\"contentUrl\":\"https:\\\/\\\/bristolmunicipality.ca\\\/wp-content\\\/uploads\\\/2024\\\/08\\\/bristol-oval-logo.webp\",\"width\":1024,\"height\":541,\"caption\":\"Municipality of Bristol\"},\"image\":{\"@id\":\"https:\\\/\\\/bristolmunicipality.ca\\\/fr\\\/#\\\/schema\\\/logo\\\/image\\\/\"}}]}<\/script>\n<!-- \/ Yoast SEO plugin. -->","yoast_head_json":{"title":"Annuaire des employ\u00e9s - Municipality of Bristol","robots":{"index":"index","follow":"follow","max-snippet":"max-snippet:-1","max-image-preview":"max-image-preview:large","max-video-preview":"max-video-preview:-1"},"canonical":"https:\/\/bristolmunicipality.ca\/fr\/municipalite\/annuaire-des-employes\/","og_locale":"fr_FR","og_type":"article","og_title":"Annuaire des employ\u00e9s - Municipality of Bristol","og_description":"Vous trouverez ici des informations sur les membres du personnel d\u00e9vou\u00e9s qui travaillent sans rel\u00e2che \u00e0 l&rsquo;entretien et \u00e0 l&rsquo;am\u00e9lioration de notre communaut\u00e9. Notre \u00e9quipe, qui comprend le personnel administratif, les agents d&rsquo;entretien, les agents de s\u00e9curit\u00e9 publique et les planificateurs communautaires, s&rsquo;engage \u00e0 fournir un service et un soutien exceptionnels. Cet annuaire permet aux [&hellip;]","og_url":"https:\/\/bristolmunicipality.ca\/fr\/municipalite\/annuaire-des-employes\/","og_site_name":"Municipality of Bristol","article_modified_time":"2025-10-22T19:06:14+00:00","og_image":[{"width":2000,"height":1333,"url":"https:\/\/bristolmunicipality.ca\/wp-content\/uploads\/2025\/07\/town-hall-entrance.webp","type":"image\/webp"}],"twitter_card":"summary_large_image","twitter_misc":{"Dur\u00e9e de lecture estim\u00e9e":"1 minute"},"schema":{"@context":"https:\/\/schema.org","@graph":[{"@type":"WebPage","@id":"https:\/\/bristolmunicipality.ca\/fr\/municipalite\/annuaire-des-employes\/","url":"https:\/\/bristolmunicipality.ca\/fr\/municipalite\/annuaire-des-employes\/","name":"Annuaire des employ\u00e9s - Municipality of Bristol","isPartOf":{"@id":"https:\/\/bristolmunicipality.ca\/fr\/#website"},"primaryImageOfPage":{"@id":"https:\/\/bristolmunicipality.ca\/fr\/municipalite\/annuaire-des-employes\/#primaryimage"},"image":{"@id":"https:\/\/bristolmunicipality.ca\/fr\/municipalite\/annuaire-des-employes\/#primaryimage"},"thumbnailUrl":"https:\/\/bristolmunicipality.ca\/wp-content\/uploads\/2025\/07\/town-hall-entrance.webp","datePublished":"2024-08-25T08:20:35+00:00","dateModified":"2025-10-22T19:06:14+00:00","breadcrumb":{"@id":"https:\/\/bristolmunicipality.ca\/fr\/municipalite\/annuaire-des-employes\/#breadcrumb"},"inLanguage":"fr-FR","potentialAction":[{"@type":"ReadAction","target":["https:\/\/bristolmunicipality.ca\/fr\/municipalite\/annuaire-des-employes\/"]}]},{"@type":"ImageObject","inLanguage":"fr-FR","@id":"https:\/\/bristolmunicipality.ca\/fr\/municipalite\/annuaire-des-employes\/#primaryimage","url":"https:\/\/bristolmunicipality.ca\/wp-content\/uploads\/2025\/07\/town-hall-entrance.webp","contentUrl":"https:\/\/bristolmunicipality.ca\/wp-content\/uploads\/2025\/07\/town-hall-entrance.webp","width":2000,"height":1333,"caption":"Town Hall Entrance"},{"@type":"BreadcrumbList","@id":"https:\/\/bristolmunicipality.ca\/fr\/municipalite\/annuaire-des-employes\/#breadcrumb","itemListElement":[{"@type":"ListItem","position":1,"name":"Home","item":"https:\/\/bristolmunicipality.ca\/fr\/"},{"@type":"ListItem","position":2,"name":"Municipalit\u00e9","item":"https:\/\/bristolmunicipality.ca\/fr\/municipality\/"},{"@type":"ListItem","position":3,"name":"Annuaire des employ\u00e9s"}]},{"@type":"WebSite","@id":"https:\/\/bristolmunicipality.ca\/fr\/#website","url":"https:\/\/bristolmunicipality.ca\/fr\/","name":"Municipality of Bristol","description":"Naturally Connected","publisher":{"@id":"https:\/\/bristolmunicipality.ca\/fr\/#organization"},"potentialAction":[{"@type":"SearchAction","target":{"@type":"EntryPoint","urlTemplate":"https:\/\/bristolmunicipality.ca\/fr\/?s={search_term_string}"},"query-input":{"@type":"PropertyValueSpecification","valueRequired":true,"valueName":"search_term_string"}}],"inLanguage":"fr-FR"},{"@type":"Organization","@id":"https:\/\/bristolmunicipality.ca\/fr\/#organization","name":"Municipality of Bristol","url":"https:\/\/bristolmunicipality.ca\/fr\/","logo":{"@type":"ImageObject","inLanguage":"fr-FR","@id":"https:\/\/bristolmunicipality.ca\/fr\/#\/schema\/logo\/image\/","url":"https:\/\/bristolmunicipality.ca\/wp-content\/uploads\/2024\/08\/bristol-oval-logo.webp","contentUrl":"https:\/\/bristolmunicipality.ca\/wp-content\/uploads\/2024\/08\/bristol-oval-logo.webp","width":1024,"height":541,"caption":"Municipality of Bristol"},"image":{"@id":"https:\/\/bristolmunicipality.ca\/fr\/#\/schema\/logo\/image\/"}}]}},"_links":{"self":[{"href":"https:\/\/bristolmunicipality.ca\/fr\/wp-json\/wp\/v2\/pages\/115","targetHints":{"allow":["GET"]}}],"collection":[{"href":"https:\/\/bristolmunicipality.ca\/fr\/wp-json\/wp\/v2\/pages"}],"about":[{"href":"https:\/\/bristolmunicipality.ca\/fr\/wp-json\/wp\/v2\/types\/page"}],"author":[{"embeddable":true,"href":"https:\/\/bristolmunicipality.ca\/fr\/wp-json\/wp\/v2\/users\/1"}],"replies":[{"embeddable":true,"href":"https:\/\/bristolmunicipality.ca\/fr\/wp-json\/wp\/v2\/comments?post=115"}],"version-history":[{"count":32,"href":"https:\/\/bristolmunicipality.ca\/fr\/wp-json\/wp\/v2\/pages\/115\/revisions"}],"predecessor-version":[{"id":11698,"href":"https:\/\/bristolmunicipality.ca\/fr\/wp-json\/wp\/v2\/pages\/115\/revisions\/11698"}],"up":[{"embeddable":true,"href":"https:\/\/bristolmunicipality.ca\/fr\/wp-json\/wp\/v2\/pages\/248"}],"wp:featuredmedia":[{"embeddable":true,"href":"https:\/\/bristolmunicipality.ca\/fr\/wp-json\/wp\/v2\/media\/7590"}],"wp:attachment":[{"href":"https:\/\/bristolmunicipality.ca\/fr\/wp-json\/wp\/v2\/media?parent=115"}],"curies":[{"name":"wp","href":"https:\/\/api.w.org\/{rel}","templated":true}]}}