{"id":110,"date":"2024-08-25T08:18:17","date_gmt":"2024-08-25T08:18:17","guid":{"rendered":"https:\/\/bristol.ottawavalleymedia.ca\/?page_id=110"},"modified":"2025-10-22T15:10:08","modified_gmt":"2025-10-22T19:10:08","slug":"avis-publics","status":"publish","type":"page","link":"https:\/\/bristolmunicipality.ca\/fr\/residents\/avis-publics\/","title":{"rendered":"Avis publics"},"content":{"rendered":"\t\t<div data-elementor-type=\"wp-page\" data-elementor-id=\"110\" class=\"elementor elementor-110\" data-elementor-post-type=\"page\">\n\t\t\t\t<div class=\"elementor-element elementor-element-28e11c8 e-flex e-con-boxed e-con e-parent\" data-id=\"28e11c8\" data-element_type=\"container\" data-e-type=\"container\">\n\t\t\t\t\t<div class=\"e-con-inner\">\n\t\t<div class=\"elementor-element elementor-element-af3418c e-con-full e-flex e-con e-child\" data-id=\"af3418c\" data-element_type=\"container\" data-e-type=\"container\">\n\t\t\t\t<div class=\"elementor-element elementor-element-eee370d elementor-widget elementor-widget-text-editor\" data-id=\"eee370d\" data-element_type=\"widget\" data-e-type=\"widget\" data-widget_type=\"text-editor.default\">\n\t\t\t\t<div class=\"elementor-widget-container\">\n\t\t\t\t\t\t\t\t\t<p>Consultez les derni\u00e8res annonces et mises \u00e0 jour destin\u00e9es aux r\u00e9sidents et aux visiteurs de la r\u00e9gion. Nous partageons des informations importantes sur les prochaines r\u00e9unions du Conseil, les \u00e9v\u00e9nements communautaires, les projets de construction \u00e0 venir et les consultations publiques. Ces avis sont essentiels pour vous tenir inform\u00e9 des d\u00e9veloppements importants, des changements de services et des possibilit\u00e9s de participation publique.<\/p>\t\t\t\t\t\t\t\t<\/div>\n\t\t\t\t<\/div>\n\t\t\t\t<\/div>\n\t\t<div class=\"elementor-element elementor-element-3d7176f e-con-full e-flex e-con e-child\" data-id=\"3d7176f\" data-element_type=\"container\" data-e-type=\"container\">\n\t\t\t\t<div class=\"elementor-element elementor-element-8bd0e6c elementor-widget elementor-widget-heading\" data-id=\"8bd0e6c\" data-element_type=\"widget\" data-e-type=\"widget\" data-widget_type=\"heading.default\">\n\t\t\t\t<div class=\"elementor-widget-container\">\n\t\t\t\t\t<h2 class=\"elementor-heading-title elementor-size-default\">Avis<\/h2>\t\t\t\t<\/div>\n\t\t\t\t<\/div>\n\t\t\t\t<div class=\"elementor-element elementor-element-c311d45 elementor-align-center elementor-widget elementor-widget-button\" data-id=\"c311d45\" data-element_type=\"widget\" data-e-type=\"widget\" data-widget_type=\"button.default\">\n\t\t\t\t<div class=\"elementor-widget-container\">\n\t\t\t\t\t\t\t\t\t<div class=\"elementor-button-wrapper\">\n\t\t\t\t\t<a class=\"elementor-button elementor-button-link elementor-size-sm\" href=\"https:\/\/bristolmunicipality.ca\/fr\/contactez\/\">\n\t\t\t\t\t\t<span class=\"elementor-button-content-wrapper\">\n\t\t\t\t\t\t\t\t\t<span class=\"elementor-button-text\">Des questions ? Contactez-nous<\/span>\n\t\t\t\t\t<\/span>\n\t\t\t\t\t<\/a>\n\t\t\t\t<\/div>\n\t\t\t\t\t\t\t\t<\/div>\n\t\t\t\t<\/div>\n\t\t\t\t<\/div>\n\t\t\t\t\t<\/div>\n\t\t\t\t<\/div>\n\t\t\t\t<\/div>\n\t\t","protected":false},"excerpt":{"rendered":"<p>Consultez les derni\u00e8res annonces et mises \u00e0 jour destin\u00e9es aux r\u00e9sidents et aux visiteurs de la r\u00e9gion. Nous partageons des informations importantes sur les prochaines r\u00e9unions du Conseil, les \u00e9v\u00e9nements communautaires, les projets de construction \u00e0 venir et les consultations publiques. Ces avis sont essentiels pour vous tenir inform\u00e9 des d\u00e9veloppements importants, des changements de [&hellip;]<\/p>\n","protected":false},"author":1,"featured_media":11037,"parent":344,"menu_order":0,"comment_status":"closed","ping_status":"closed","template":"","meta":{"_acf_changed":false,"footnotes":""},"class_list":["post-110","page","type-page","status-publish","has-post-thumbnail","hentry"],"acf":[],"yoast_head":"<!-- This site is optimized with the Yoast SEO plugin v27.3 - https:\/\/yoast.com\/product\/yoast-seo-wordpress\/ -->\n<title>Avis publics - Municipality of Bristol<\/title>\n<meta name=\"robots\" content=\"index, follow, max-snippet:-1, max-image-preview:large, max-video-preview:-1\" \/>\n<link rel=\"canonical\" href=\"https:\/\/bristolmunicipality.ca\/fr\/residents\/avis-publics\/\" \/>\n<meta property=\"og:locale\" content=\"fr_FR\" \/>\n<meta property=\"og:type\" content=\"article\" \/>\n<meta property=\"og:title\" content=\"Avis publics - Municipality of Bristol\" \/>\n<meta property=\"og:description\" content=\"Consultez les derni\u00e8res annonces et mises \u00e0 jour destin\u00e9es aux r\u00e9sidents et aux visiteurs de la r\u00e9gion. Nous partageons des informations importantes sur les prochaines r\u00e9unions du Conseil, les \u00e9v\u00e9nements communautaires, les projets de construction \u00e0 venir et les consultations publiques. Ces avis sont essentiels pour vous tenir inform\u00e9 des d\u00e9veloppements importants, des changements de [&hellip;]\" \/>\n<meta property=\"og:url\" content=\"https:\/\/bristolmunicipality.ca\/fr\/residents\/avis-publics\/\" \/>\n<meta property=\"og:site_name\" content=\"Municipality of Bristol\" \/>\n<meta property=\"article:modified_time\" content=\"2025-10-22T19:10:08+00:00\" \/>\n<meta property=\"og:image\" content=\"https:\/\/bristolmunicipality.ca\/wp-content\/uploads\/2025\/09\/avis-public.webp\" \/>\n\t<meta property=\"og:image:width\" content=\"2000\" \/>\n\t<meta property=\"og:image:height\" content=\"1334\" \/>\n\t<meta property=\"og:image:type\" content=\"image\/webp\" \/>\n<meta name=\"twitter:card\" content=\"summary_large_image\" \/>\n<meta name=\"twitter:label1\" content=\"Dur\u00e9e de lecture estim\u00e9e\" \/>\n\t<meta name=\"twitter:data1\" content=\"1 minute\" \/>\n<script type=\"application\/ld+json\" class=\"yoast-schema-graph\">{\"@context\":\"https:\\\/\\\/schema.org\",\"@graph\":[{\"@type\":\"WebPage\",\"@id\":\"https:\\\/\\\/bristolmunicipality.ca\\\/fr\\\/residents\\\/avis-publics\\\/\",\"url\":\"https:\\\/\\\/bristolmunicipality.ca\\\/fr\\\/residents\\\/avis-publics\\\/\",\"name\":\"Avis publics - Municipality of Bristol\",\"isPartOf\":{\"@id\":\"https:\\\/\\\/bristolmunicipality.ca\\\/fr\\\/#website\"},\"primaryImageOfPage\":{\"@id\":\"https:\\\/\\\/bristolmunicipality.ca\\\/fr\\\/residents\\\/avis-publics\\\/#primaryimage\"},\"image\":{\"@id\":\"https:\\\/\\\/bristolmunicipality.ca\\\/fr\\\/residents\\\/avis-publics\\\/#primaryimage\"},\"thumbnailUrl\":\"https:\\\/\\\/bristolmunicipality.ca\\\/wp-content\\\/uploads\\\/2025\\\/09\\\/avis-public.webp\",\"datePublished\":\"2024-08-25T08:18:17+00:00\",\"dateModified\":\"2025-10-22T19:10:08+00:00\",\"breadcrumb\":{\"@id\":\"https:\\\/\\\/bristolmunicipality.ca\\\/fr\\\/residents\\\/avis-publics\\\/#breadcrumb\"},\"inLanguage\":\"fr-FR\",\"potentialAction\":[{\"@type\":\"ReadAction\",\"target\":[\"https:\\\/\\\/bristolmunicipality.ca\\\/fr\\\/residents\\\/avis-publics\\\/\"]}]},{\"@type\":\"ImageObject\",\"inLanguage\":\"fr-FR\",\"@id\":\"https:\\\/\\\/bristolmunicipality.ca\\\/fr\\\/residents\\\/avis-publics\\\/#primaryimage\",\"url\":\"https:\\\/\\\/bristolmunicipality.ca\\\/wp-content\\\/uploads\\\/2025\\\/09\\\/avis-public.webp\",\"contentUrl\":\"https:\\\/\\\/bristolmunicipality.ca\\\/wp-content\\\/uploads\\\/2025\\\/09\\\/avis-public.webp\",\"width\":2000,\"height\":1334},{\"@type\":\"BreadcrumbList\",\"@id\":\"https:\\\/\\\/bristolmunicipality.ca\\\/fr\\\/residents\\\/avis-publics\\\/#breadcrumb\",\"itemListElement\":[{\"@type\":\"ListItem\",\"position\":1,\"name\":\"Home\",\"item\":\"https:\\\/\\\/bristolmunicipality.ca\\\/fr\\\/\"},{\"@type\":\"ListItem\",\"position\":2,\"name\":\"R\u00e9sidents\",\"item\":\"https:\\\/\\\/bristolmunicipality.ca\\\/fr\\\/residents\\\/\"},{\"@type\":\"ListItem\",\"position\":3,\"name\":\"Avis publics\"}]},{\"@type\":\"WebSite\",\"@id\":\"https:\\\/\\\/bristolmunicipality.ca\\\/fr\\\/#website\",\"url\":\"https:\\\/\\\/bristolmunicipality.ca\\\/fr\\\/\",\"name\":\"Municipality of Bristol\",\"description\":\"Naturally Connected\",\"publisher\":{\"@id\":\"https:\\\/\\\/bristolmunicipality.ca\\\/fr\\\/#organization\"},\"potentialAction\":[{\"@type\":\"SearchAction\",\"target\":{\"@type\":\"EntryPoint\",\"urlTemplate\":\"https:\\\/\\\/bristolmunicipality.ca\\\/fr\\\/?s={search_term_string}\"},\"query-input\":{\"@type\":\"PropertyValueSpecification\",\"valueRequired\":true,\"valueName\":\"search_term_string\"}}],\"inLanguage\":\"fr-FR\"},{\"@type\":\"Organization\",\"@id\":\"https:\\\/\\\/bristolmunicipality.ca\\\/fr\\\/#organization\",\"name\":\"Municipality of Bristol\",\"url\":\"https:\\\/\\\/bristolmunicipality.ca\\\/fr\\\/\",\"logo\":{\"@type\":\"ImageObject\",\"inLanguage\":\"fr-FR\",\"@id\":\"https:\\\/\\\/bristolmunicipality.ca\\\/fr\\\/#\\\/schema\\\/logo\\\/image\\\/\",\"url\":\"https:\\\/\\\/bristolmunicipality.ca\\\/wp-content\\\/uploads\\\/2024\\\/08\\\/bristol-oval-logo.webp\",\"contentUrl\":\"https:\\\/\\\/bristolmunicipality.ca\\\/wp-content\\\/uploads\\\/2024\\\/08\\\/bristol-oval-logo.webp\",\"width\":1024,\"height\":541,\"caption\":\"Municipality of Bristol\"},\"image\":{\"@id\":\"https:\\\/\\\/bristolmunicipality.ca\\\/fr\\\/#\\\/schema\\\/logo\\\/image\\\/\"}}]}<\/script>\n<!-- \/ Yoast SEO plugin. -->","yoast_head_json":{"title":"Avis publics - Municipality of Bristol","robots":{"index":"index","follow":"follow","max-snippet":"max-snippet:-1","max-image-preview":"max-image-preview:large","max-video-preview":"max-video-preview:-1"},"canonical":"https:\/\/bristolmunicipality.ca\/fr\/residents\/avis-publics\/","og_locale":"fr_FR","og_type":"article","og_title":"Avis publics - Municipality of Bristol","og_description":"Consultez les derni\u00e8res annonces et mises \u00e0 jour destin\u00e9es aux r\u00e9sidents et aux visiteurs de la r\u00e9gion. Nous partageons des informations importantes sur les prochaines r\u00e9unions du Conseil, les \u00e9v\u00e9nements communautaires, les projets de construction \u00e0 venir et les consultations publiques. Ces avis sont essentiels pour vous tenir inform\u00e9 des d\u00e9veloppements importants, des changements de [&hellip;]","og_url":"https:\/\/bristolmunicipality.ca\/fr\/residents\/avis-publics\/","og_site_name":"Municipality of Bristol","article_modified_time":"2025-10-22T19:10:08+00:00","og_image":[{"width":2000,"height":1334,"url":"https:\/\/bristolmunicipality.ca\/wp-content\/uploads\/2025\/09\/avis-public.webp","type":"image\/webp"}],"twitter_card":"summary_large_image","twitter_misc":{"Dur\u00e9e de lecture estim\u00e9e":"1 minute"},"schema":{"@context":"https:\/\/schema.org","@graph":[{"@type":"WebPage","@id":"https:\/\/bristolmunicipality.ca\/fr\/residents\/avis-publics\/","url":"https:\/\/bristolmunicipality.ca\/fr\/residents\/avis-publics\/","name":"Avis publics - Municipality of Bristol","isPartOf":{"@id":"https:\/\/bristolmunicipality.ca\/fr\/#website"},"primaryImageOfPage":{"@id":"https:\/\/bristolmunicipality.ca\/fr\/residents\/avis-publics\/#primaryimage"},"image":{"@id":"https:\/\/bristolmunicipality.ca\/fr\/residents\/avis-publics\/#primaryimage"},"thumbnailUrl":"https:\/\/bristolmunicipality.ca\/wp-content\/uploads\/2025\/09\/avis-public.webp","datePublished":"2024-08-25T08:18:17+00:00","dateModified":"2025-10-22T19:10:08+00:00","breadcrumb":{"@id":"https:\/\/bristolmunicipality.ca\/fr\/residents\/avis-publics\/#breadcrumb"},"inLanguage":"fr-FR","potentialAction":[{"@type":"ReadAction","target":["https:\/\/bristolmunicipality.ca\/fr\/residents\/avis-publics\/"]}]},{"@type":"ImageObject","inLanguage":"fr-FR","@id":"https:\/\/bristolmunicipality.ca\/fr\/residents\/avis-publics\/#primaryimage","url":"https:\/\/bristolmunicipality.ca\/wp-content\/uploads\/2025\/09\/avis-public.webp","contentUrl":"https:\/\/bristolmunicipality.ca\/wp-content\/uploads\/2025\/09\/avis-public.webp","width":2000,"height":1334},{"@type":"BreadcrumbList","@id":"https:\/\/bristolmunicipality.ca\/fr\/residents\/avis-publics\/#breadcrumb","itemListElement":[{"@type":"ListItem","position":1,"name":"Home","item":"https:\/\/bristolmunicipality.ca\/fr\/"},{"@type":"ListItem","position":2,"name":"R\u00e9sidents","item":"https:\/\/bristolmunicipality.ca\/fr\/residents\/"},{"@type":"ListItem","position":3,"name":"Avis publics"}]},{"@type":"WebSite","@id":"https:\/\/bristolmunicipality.ca\/fr\/#website","url":"https:\/\/bristolmunicipality.ca\/fr\/","name":"Municipality of Bristol","description":"Naturally Connected","publisher":{"@id":"https:\/\/bristolmunicipality.ca\/fr\/#organization"},"potentialAction":[{"@type":"SearchAction","target":{"@type":"EntryPoint","urlTemplate":"https:\/\/bristolmunicipality.ca\/fr\/?s={search_term_string}"},"query-input":{"@type":"PropertyValueSpecification","valueRequired":true,"valueName":"search_term_string"}}],"inLanguage":"fr-FR"},{"@type":"Organization","@id":"https:\/\/bristolmunicipality.ca\/fr\/#organization","name":"Municipality of Bristol","url":"https:\/\/bristolmunicipality.ca\/fr\/","logo":{"@type":"ImageObject","inLanguage":"fr-FR","@id":"https:\/\/bristolmunicipality.ca\/fr\/#\/schema\/logo\/image\/","url":"https:\/\/bristolmunicipality.ca\/wp-content\/uploads\/2024\/08\/bristol-oval-logo.webp","contentUrl":"https:\/\/bristolmunicipality.ca\/wp-content\/uploads\/2024\/08\/bristol-oval-logo.webp","width":1024,"height":541,"caption":"Municipality of Bristol"},"image":{"@id":"https:\/\/bristolmunicipality.ca\/fr\/#\/schema\/logo\/image\/"}}]}},"_links":{"self":[{"href":"https:\/\/bristolmunicipality.ca\/fr\/wp-json\/wp\/v2\/pages\/110","targetHints":{"allow":["GET"]}}],"collection":[{"href":"https:\/\/bristolmunicipality.ca\/fr\/wp-json\/wp\/v2\/pages"}],"about":[{"href":"https:\/\/bristolmunicipality.ca\/fr\/wp-json\/wp\/v2\/types\/page"}],"author":[{"embeddable":true,"href":"https:\/\/bristolmunicipality.ca\/fr\/wp-json\/wp\/v2\/users\/1"}],"replies":[{"embeddable":true,"href":"https:\/\/bristolmunicipality.ca\/fr\/wp-json\/wp\/v2\/comments?post=110"}],"version-history":[{"count":51,"href":"https:\/\/bristolmunicipality.ca\/fr\/wp-json\/wp\/v2\/pages\/110\/revisions"}],"predecessor-version":[{"id":11707,"href":"https:\/\/bristolmunicipality.ca\/fr\/wp-json\/wp\/v2\/pages\/110\/revisions\/11707"}],"up":[{"embeddable":true,"href":"https:\/\/bristolmunicipality.ca\/fr\/wp-json\/wp\/v2\/pages\/344"}],"wp:featuredmedia":[{"embeddable":true,"href":"https:\/\/bristolmunicipality.ca\/fr\/wp-json\/wp\/v2\/media\/11037"}],"wp:attachment":[{"href":"https:\/\/bristolmunicipality.ca\/fr\/wp-json\/wp\/v2\/media?parent=110"}],"curies":[{"name":"wp","href":"https:\/\/api.w.org\/{rel}","templated":true}]}}